{"id":3921,"date":"2023-11-28T11:18:53","date_gmt":"2023-11-28T09:18:53","guid":{"rendered":"https:\/\/mistyrose-fox-409623.hostingersite.com\/?page_id=3921"},"modified":"2023-11-28T13:19:28","modified_gmt":"2023-11-28T11:19:28","slug":"fireandice","status":"publish","type":"page","link":"https:\/\/dryfanti.gr\/ro\/servicii-medicale\/dermatologie-estetica\/tratamente-faciale\/fireandice\/","title":{"rendered":"Fire &#038; Ice"},"content":{"rendered":"<div class=\"gb-container gb-container-ec1ae282 single-service-section1\">\n<div class=\"gb-container gb-container-d5e60f0c inner-container\">\n\n<p>Fire and Ice Facial este denumit\u0103 \u0219i Hollywood Facial, este un tratament de rejuvenarea facial\u0103, destinat \u00eembun\u0103t\u0103\u021birii tenului problematic, obosit, diminuarea ridurilor fine \u0219i stimularea regener\u0103rii celulare.<\/p>\n\n\n\n<p>Este o procedur\u0103 cu efect rapid, de lung\u0103 durat\u0103 \u0219i nu necesit\u0103 perioada de recuperare.<\/p>\n\n\n\n<p>Fire and Ice Facial \u00eencepe cu etapa de cur\u0103\u021bare a tenului, dup\u0103 care urmeaz\u0103 &#8222;\u00eenc\u0103lzirea pielii&#8221; cu Intensive Resurfacing Masque ce contine acid salicilic 18% \u0219i retinol 1%.Masca are un efect asem\u0103n\u0103tor unui peeling superficial ce activeaz\u0103 metabolismul \u0219i re\u00eennoie\u0219te stratul superior al epidermei. Urmeaz\u0103 etapa de &#8222;r\u0103cire&#8221; \u0219i calmare a pielii cu Rejuvenating Masque [contine acid hialuronic,aloe,resveratrol]ce ofer\u0103 \u0219i un efect de \u00eentinerire.\u2063\u2063<\/p>\n\n\n\n<p>La final de procedur\u0103 se vor aplica produse pentru \u00eengrijirea zonei ochilor ce ofer\u0103 protec\u021bie antioxidant\u0103 \u0219i o hidratare intens\u0103. \u0218i desigur protec\u021bia solar\u0103.<\/p>\n\n\n\n<p>Pre-tratament:<\/p>\n\n\n\n<ul class=\"wp-block-list\">\n<li>Nu folosi\u021bi produse care con\u021bin vitamina A \u0219i acid glicolic cu 3 zile \u00eenainte de tratament.<\/li>\n\n\n\n<li>Informa\u021bi specialistul din timp despre medicamentele pe care le lua\u021bi la momentul actual.\u2063\u2063<\/li>\n<\/ul>\n\n\n\n<p>Post-tratament<\/p>\n\n\n\n<p>Fire &amp; Ice Face este un tratament \u201ef\u0103r\u0103 dezactivare\u201d, adic\u0103 nu ve\u021bi avea pielea iritat\u0103 sau inflamat\u0103. Este o procedur\u0103 cu efect rapid, de lung\u0103 durat\u0103 \u0219i nu necesit\u0103 perioad\u0103 de recuperare.\u2063\u2063<\/p>\n\n\n<div class=\"gb-grid-wrapper gb-grid-wrapper-1a3a56a7\">\n<div class=\"gb-grid-column gb-grid-column-f6bc7da7\"><div class=\"gb-container gb-container-f6bc7da7\">\n\n<figure class=\"wp-block-embed is-type-video is-provider-youtube wp-block-embed-youtube wp-embed-aspect-16-9 wp-has-aspect-ratio\"><div class=\"wp-block-embed__wrapper\">\n<iframe loading=\"lazy\" title=\"Experience The FIRE &amp; ICE FACIAL by iS CLINICAL\" width=\"1200\" height=\"675\" src=\"https:\/\/www.youtube.com\/embed\/--gcxU2_qRs?feature=oembed\" frameborder=\"0\" allow=\"accelerometer; autoplay; clipboard-write; encrypted-media; gyroscope; picture-in-picture; web-share\" allowfullscreen><\/iframe>\n<\/div><\/figure>\n\n<\/div><\/div>\n\n<div class=\"gb-grid-column gb-grid-column-8eac2f51\"><div class=\"gb-container gb-container-8eac2f51\">\n\n<figure class=\"wp-block-embed is-type-video is-provider-youtube wp-block-embed-youtube wp-embed-aspect-16-9 wp-has-aspect-ratio\"><div class=\"wp-block-embed__wrapper\">\n<iframe loading=\"lazy\" title=\"Fire &amp; Ice Facial by iS CLINICAL\" width=\"1200\" height=\"675\" src=\"https:\/\/www.youtube.com\/embed\/uTRpzLCwAmk?feature=oembed\" frameborder=\"0\" allow=\"accelerometer; autoplay; clipboard-write; encrypted-media; gyroscope; picture-in-picture; web-share\" allowfullscreen><\/iframe>\n<\/div><\/figure>\n\n<\/div><\/div>\n<\/div>\n<\/div>\n<\/div>","protected":false},"excerpt":{"rendered":"<p>Fire and Ice Facial este denumit\u0103 \u0219i Hollywood Facial, este un tratament de rejuvenarea facial\u0103, destinat \u00eembun\u0103t\u0103\u021birii tenului problematic, obosit, &#8230; <\/p>\n<p class=\"read-more-container\"><a title=\"Fire &#038; Ice\" class=\"read-more button\" href=\"https:\/\/dryfanti.gr\/ro\/servicii-medicale\/dermatologie-estetica\/tratamente-faciale\/fireandice\/#more-3921\" aria-label=\"More on Fire &#038; Ice\">Mai mult<\/a><\/p>\n","protected":false},"author":14,"featured_media":4269,"parent":3046,"menu_order":0,"comment_status":"closed","ping_status":"closed","template":"","meta":{"footnotes":""},"class_list":["post-3921","page","type-page","status-publish","has-post-thumbnail"],"_links":{"self":[{"href":"https:\/\/dryfanti.gr\/ro\/wp-json\/wp\/v2\/pages\/3921","targetHints":{"allow":["GET"]}}],"collection":[{"href":"https:\/\/dryfanti.gr\/ro\/wp-json\/wp\/v2\/pages"}],"about":[{"href":"https:\/\/dryfanti.gr\/ro\/wp-json\/wp\/v2\/types\/page"}],"author":[{"embeddable":true,"href":"https:\/\/dryfanti.gr\/ro\/wp-json\/wp\/v2\/users\/14"}],"replies":[{"embeddable":true,"href":"https:\/\/dryfanti.gr\/ro\/wp-json\/wp\/v2\/comments?post=3921"}],"version-history":[{"count":8,"href":"https:\/\/dryfanti.gr\/ro\/wp-json\/wp\/v2\/pages\/3921\/revisions"}],"predecessor-version":[{"id":4241,"href":"https:\/\/dryfanti.gr\/ro\/wp-json\/wp\/v2\/pages\/3921\/revisions\/4241"}],"up":[{"embeddable":true,"href":"https:\/\/dryfanti.gr\/ro\/wp-json\/wp\/v2\/pages\/3046"}],"wp:featuredmedia":[{"embeddable":true,"href":"https:\/\/dryfanti.gr\/ro\/wp-json\/wp\/v2\/media\/4269"}],"wp:attachment":[{"href":"https:\/\/dryfanti.gr\/ro\/wp-json\/wp\/v2\/media?parent=3921"}],"curies":[{"name":"wp","href":"https:\/\/api.w.org\/{rel}","templated":true}]}}