{"id":3915,"date":"2023-11-22T14:13:16","date_gmt":"2023-11-22T12:13:16","guid":{"rendered":"https:\/\/mistyrose-fox-409623.hostingersite.com\/?page_id=3915"},"modified":"2023-11-28T12:05:27","modified_gmt":"2023-11-28T10:05:27","slug":"oxigenoterapia","status":"publish","type":"page","link":"https:\/\/dryfanti.gr\/ro\/servicii-medicale\/dermatologie-estetica\/tratamente-faciale\/oxigenoterapia\/","title":{"rendered":"Oxigenoterapia"},"content":{"rendered":"<div class=\"gb-container gb-container-ec1ae282 single-service-section1\">\n<div class=\"gb-container gb-container-d5e60f0c inner-container\">\n\n<h2 class=\"gb-headline gb-headline-4dac9835 gb-headline-text\"><em>Oxigenoterapia &#8211; tratamentul astronautului<\/em><\/h2>\n\n\n\n<p>Tratamentul cu oxigen hiperbaric a revolu\u021bionat industria tratamentelor faciale, fiind dovedit c\u0103 aportul de oxigen pur accelereaz\u0103 metabolismul celular, avand ca rezultat re\u00eentinerirea tenului.<\/p>\n\n\n\n<p>Oxigenoterapia este o procedur\u0103 non-invaziv\u0103 \u0219i extrem de relaxant\u0103 potrivit\u0103 pentru toate tipurile de ten.<\/p>\n\n\n\n<p>Protocolul:<\/p>\n\n\n\n<ul class=\"wp-block-list\">\n<li>Oxy &#8211; injection: injectare sub presiune dubl\u0103 cu oxigen de puritate medical\u0103 98.<\/li>\n\n\n\n<li>Oxy &#8211; spray: aplicarea \u00een func\u021bie de necesit\u0103\u021bile tenului de cocktailuri personalizate ( acid hialuronic , colagen , vit A, C, E).<\/li>\n<\/ul>\n\n\n\n<p>Beneficii:<\/p>\n\n\n\n<ul class=\"wp-block-list\">\n<li>Accelereaz\u0103 metabolismul celular<\/li>\n\n\n\n<li>Minimalizeaza ridurile<\/li>\n\n\n\n<li>Relaxeaz\u0103 mu\u0219chii faciali<\/li>\n\n\n\n<li>Redefine\u0219te ovalul pielii<\/li>\n\n\n\n<li>Regleaz\u0103 secre\u021bia de sebum<\/li>\n\n\n\n<li>Dreneaz\u0103 \u0219i detoxifica tenul<\/li>\n\n\n\n<li>Red\u0103 luminozitatea \u0219i tenacitate tenului<\/li>\n<\/ul>\n\n\n\n<p>Pentru accentuarea rezultatului oxigenului hiperbaric recomand\u0103m efectuarea unei \u0219edin\u021be de microdermabraziune \u00eenainte \u0219edin\u021bei de oxigenoterapie.<\/p>\n\n\n\n<p>Program de tratament : 1 \u0219edin\u021b\u0103 \/ s\u0103pt\u0103m\u00e2na<\/p>\n\n<\/div>\n<\/div>","protected":false},"excerpt":{"rendered":"<p>Oxigenoterapia &#8211; tratamentul astronautului Tratamentul cu oxigen hiperbaric a revolu\u021bionat industria tratamentelor faciale, fiind dovedit c\u0103 aportul de oxigen pur &#8230; <\/p>\n<p class=\"read-more-container\"><a title=\"Oxigenoterapia\" class=\"read-more button\" href=\"https:\/\/dryfanti.gr\/ro\/servicii-medicale\/dermatologie-estetica\/tratamente-faciale\/oxigenoterapia\/#more-3915\" aria-label=\"More on Oxigenoterapia\">Mai mult<\/a><\/p>\n","protected":false},"author":14,"featured_media":4347,"parent":3046,"menu_order":0,"comment_status":"closed","ping_status":"closed","template":"","meta":{"footnotes":""},"class_list":["post-3915","page","type-page","status-publish","has-post-thumbnail"],"_links":{"self":[{"href":"https:\/\/dryfanti.gr\/ro\/wp-json\/wp\/v2\/pages\/3915","targetHints":{"allow":["GET"]}}],"collection":[{"href":"https:\/\/dryfanti.gr\/ro\/wp-json\/wp\/v2\/pages"}],"about":[{"href":"https:\/\/dryfanti.gr\/ro\/wp-json\/wp\/v2\/types\/page"}],"author":[{"embeddable":true,"href":"https:\/\/dryfanti.gr\/ro\/wp-json\/wp\/v2\/users\/14"}],"replies":[{"embeddable":true,"href":"https:\/\/dryfanti.gr\/ro\/wp-json\/wp\/v2\/comments?post=3915"}],"version-history":[{"count":2,"href":"https:\/\/dryfanti.gr\/ro\/wp-json\/wp\/v2\/pages\/3915\/revisions"}],"predecessor-version":[{"id":4216,"href":"https:\/\/dryfanti.gr\/ro\/wp-json\/wp\/v2\/pages\/3915\/revisions\/4216"}],"up":[{"embeddable":true,"href":"https:\/\/dryfanti.gr\/ro\/wp-json\/wp\/v2\/pages\/3046"}],"wp:featuredmedia":[{"embeddable":true,"href":"https:\/\/dryfanti.gr\/ro\/wp-json\/wp\/v2\/media\/4347"}],"wp:attachment":[{"href":"https:\/\/dryfanti.gr\/ro\/wp-json\/wp\/v2\/media?parent=3915"}],"curies":[{"name":"wp","href":"https:\/\/api.w.org\/{rel}","templated":true}]}}