{"id":3907,"date":"2023-11-22T14:08:28","date_gmt":"2023-11-22T12:08:28","guid":{"rendered":"https:\/\/mistyrose-fox-409623.hostingersite.com\/?page_id=3907"},"modified":"2023-11-28T13:23:45","modified_gmt":"2023-11-28T11:23:45","slug":"happymom","status":"publish","type":"page","link":"https:\/\/dryfanti.gr\/ro\/servicii-medicale\/momente-fericite\/happymom\/","title":{"rendered":"Happy Mom"},"content":{"rendered":"<div class=\"gb-container gb-container-ec1ae282 single-service-section1\">\n<div class=\"gb-container gb-container-9dda4346 inner-container\">\n\n<h2 class=\"gb-headline gb-headline-9f055a09 gb-headline-text\"><em>Happy mom: dup\u0103 sarcin\u0103 \u0219i \u00een timpul al\u0103pt\u0103rii<\/em><\/h2>\n\n\n\n<p>Dup\u0103 na\u0219tere, noi femeile trecem printr-o perioad\u0103 \u00een care schimb\u0103rile hormonale ne influen\u021beaz\u0103 nu numai starea noastr\u0103 interioar\u0103 dar \u0219i pielea noastr\u0103!<\/p>\n\n\n\n<figure class=\"gb-block-image gb-block-image-54757358\"><img loading=\"lazy\" decoding=\"async\" width=\"500\" height=\"334\" class=\"gb-image gb-image-54757358\" src=\"http:\/\/dryfanti.gr\/wp-content\/uploads\/2023\/11\/happymom2.jpg\" alt=\"\" title=\"Family,,Child,And,Parenthood,Concept,-,Happy,Smiling,Young,Mother\" srcset=\"https:\/\/dryfanti.gr\/wp-content\/uploads\/2023\/11\/happymom2.jpg 500w, https:\/\/dryfanti.gr\/wp-content\/uploads\/2023\/11\/happymom2-300x200.jpg 300w\" sizes=\"auto, (max-width: 500px) 100vw, 500px\"><\/figure>\n\n\n\n<p>Impresia de piele obosit\u0103, relaxarea pielii, tulbur\u0103ri <strong>pigmentare \u0219i vergeturile sunt cele mai dese probleme dermatologice pe care le prezint\u0103 o proasp\u0103t\u0103 m\u0103mic\u0103<\/strong>.<\/p>\n\n\n\n<p>De aceea va propunem un protocol special de recuperare:<\/p>\n\n\n\n<ol class=\"wp-block-list\">\n<li>Analiza pielii cu un sistem specializat<\/li>\n\n\n\n<li>Exfolierea celulelor moarte de la suprafa\u021ba pielii cu sistemul de microdermabraziune \u0219i micropulsatii: face up.<\/li>\n\n\n\n<li>Oxigenoterapia sau tratamentul astronautului<\/li>\n<\/ol>\n\n\n\n<p>Este un tratament care a revolu\u021bionat industria tratamentelor faciale fiind dovedit c\u0103 aportul oxigenului pur accelereaz\u0103 metabolismul celular avand ca rezultat esen\u021bial re\u00eentinerirea tenului.v<\/p>\n\n\n\n<p>Tratamentul facial cu oxigen hiperbaric presupune un protocol \u00een 2 faze :<\/p>\n\n\n\n<ol class=\"wp-block-list\">\n<li>Oxy &#8211; injection: &#8222;injectare&#8221; sub presiune dubl\u0103 cu oxigen hiperbaric de puritate 98% \u00een profunzimea pielii.<\/li>\n\n\n\n<li>Oxy &#8211; spray: aplicare prin presiune cu oxigen hiperbaric a unor cocktailuri personalizate (acid hialuronic, colagen, vitamine A, C,E).<\/li>\n<\/ol>\n\n\n\n<p>Tratamentul se poate combina \u0219i cu tratamentul red carpet -\u201c fire and ice\u201d.<\/p>\n\n\n\n<p>Nu uita\u021bi ca tratamentele injectabile sunt interzise \u00een timpul al\u0103pt\u0103rii!!!<\/p>\n\n\n\n<p>Via\u021ba de m\u0103mic\u0103: Rutina sau \u2026 aventur\u0103 ?<\/p>\n\n<\/div>\n<\/div>","protected":false},"excerpt":{"rendered":"<p>Happy mom: dup\u0103 sarcin\u0103 \u0219i \u00een timpul al\u0103pt\u0103rii Dup\u0103 na\u0219tere, noi femeile trecem printr-o perioad\u0103 \u00een care schimb\u0103rile hormonale ne &#8230; <\/p>\n<p class=\"read-more-container\"><a title=\"Happy Mom\" class=\"read-more button\" href=\"https:\/\/dryfanti.gr\/ro\/servicii-medicale\/momente-fericite\/happymom\/#more-3907\" aria-label=\"More on Happy Mom\">Mai mult<\/a><\/p>\n","protected":false},"author":14,"featured_media":4168,"parent":3884,"menu_order":0,"comment_status":"closed","ping_status":"closed","template":"","meta":{"footnotes":""},"class_list":["post-3907","page","type-page","status-publish","has-post-thumbnail"],"_links":{"self":[{"href":"https:\/\/dryfanti.gr\/ro\/wp-json\/wp\/v2\/pages\/3907","targetHints":{"allow":["GET"]}}],"collection":[{"href":"https:\/\/dryfanti.gr\/ro\/wp-json\/wp\/v2\/pages"}],"about":[{"href":"https:\/\/dryfanti.gr\/ro\/wp-json\/wp\/v2\/types\/page"}],"author":[{"embeddable":true,"href":"https:\/\/dryfanti.gr\/ro\/wp-json\/wp\/v2\/users\/14"}],"replies":[{"embeddable":true,"href":"https:\/\/dryfanti.gr\/ro\/wp-json\/wp\/v2\/comments?post=3907"}],"version-history":[{"count":4,"href":"https:\/\/dryfanti.gr\/ro\/wp-json\/wp\/v2\/pages\/3907\/revisions"}],"predecessor-version":[{"id":4238,"href":"https:\/\/dryfanti.gr\/ro\/wp-json\/wp\/v2\/pages\/3907\/revisions\/4238"}],"up":[{"embeddable":true,"href":"https:\/\/dryfanti.gr\/ro\/wp-json\/wp\/v2\/pages\/3884"}],"wp:featuredmedia":[{"embeddable":true,"href":"https:\/\/dryfanti.gr\/ro\/wp-json\/wp\/v2\/media\/4168"}],"wp:attachment":[{"href":"https:\/\/dryfanti.gr\/ro\/wp-json\/wp\/v2\/media?parent=3907"}],"curies":[{"name":"wp","href":"https:\/\/api.w.org\/{rel}","templated":true}]}}