{"id":3901,"date":"2023-11-22T14:07:01","date_gmt":"2023-11-22T12:07:01","guid":{"rendered":"https:\/\/mistyrose-fox-409623.hostingersite.com\/?page_id=3901"},"modified":"2023-11-28T13:27:43","modified_gmt":"2023-11-28T11:27:43","slug":"bridetobe","status":"publish","type":"page","link":"https:\/\/dryfanti.gr\/ro\/servicii-medicale\/momente-fericite\/bridetobe\/","title":{"rendered":"Bride To Be&#8230;"},"content":{"rendered":"<div class=\"gb-container gb-container-ec1ae282 single-service-section1\">\n<div class=\"gb-container gb-container-9dda4346 inner-container\">\n\n<h2 class=\"gb-headline gb-headline-806ecee0 gb-headline-text\"><em>Bride to be \u2026 deoarece este un moment unic!<\/em><\/h2>\n\n\n\n<p>\u00centr-o zi at\u00e2t de special\u0103 c\u00e2nd toate privirile sunt \u00eendreptate spre voi, cabinetul nostru v\u0103 ofer\u0103 o gam\u0103 larg\u0103 de tratamente care s\u0103 v\u0103 pun\u0103 \u00een eviden\u021b\u0103 \u0219i mai mult frumuse\u021bea naturala.<\/p>\n\n\n\n<figure class=\"gb-block-image gb-block-image-a1e3fc28\"><img loading=\"lazy\" decoding=\"async\" width=\"500\" height=\"334\" class=\"gb-image gb-image-a1e3fc28\" src=\"http:\/\/dryfanti.gr\/wp-content\/uploads\/2023\/11\/bridetobe1.jpg\" alt=\"\" title=\"Bride,Holds,A,Wedding,Bouquet,,Wedding,Dress,,Wedding,Details\" srcset=\"https:\/\/dryfanti.gr\/wp-content\/uploads\/2023\/11\/bridetobe1.jpg 500w, https:\/\/dryfanti.gr\/wp-content\/uploads\/2023\/11\/bridetobe1-300x200.jpg 300w\" sizes=\"auto, (max-width: 500px) 100vw, 500px\"><\/figure>\n\n\n\n<p>Etapele:<\/p>\n\n\n\n<ol class=\"wp-block-list\">\n<li>Analiza pielii cu un sistem specializat \u0219i cu ajutorul c\u0103ruia v\u0103 vom propune un protocol personalizat.<\/li>\n\n\n\n<li>Exfolierea celulelor moarte de la suprafa\u021ba pielii cu sistemul de dermoabreziune \u0219i micropulsatie: face up.<\/li>\n\n\n\n<li>2 s\u0103pt\u0103m\u00e2ni dup\u0103 cur\u0103\u021barea tenului va propunem un tratament al firmei americane iS clinical: fire and ice. Acest tratament este foarte popular \u00een r\u00e2ndul vedetelor de la Hollywood \u00eenainte de apari\u021bia lor pe covorul ro\u0219u! <br>Este un tratament relaxant care \u00eembin\u0103 senza\u021bia de c\u0103ldur\u0103 (fire) prin masca cu acid salicilic \u0219i retinol \u0219i senza\u021bia de ghea\u021b\u0103 (ice) prin masca hidratanta cu acid hialuronic, aloe \u0219i resveratrol. <\/li>\n\n\n\n<li>Cu cate zile \u00eenainte de marele eveniment, va propunem un tratament de relaxare \u0219i de str\u0103lucire cu produsele Institut Esthederm Paris.<\/li>\n<\/ol>\n\n\n\n<p>Nu &nbsp;ramane decat&nbsp;&nbsp;s\u0103 &nbsp;\u00eenchide\u021bi protocolul preferat \u0219i restul lasati-l pe m\u00e2inile noastre!&nbsp;<\/p>\n\n<\/div>\n<\/div>","protected":false},"excerpt":{"rendered":"<p>Bride to be \u2026 deoarece este un moment unic! \u00centr-o zi at\u00e2t de special\u0103 c\u00e2nd toate privirile sunt \u00eendreptate spre &#8230; <\/p>\n<p class=\"read-more-container\"><a title=\"Bride To Be&#8230;\" class=\"read-more button\" href=\"https:\/\/dryfanti.gr\/ro\/servicii-medicale\/momente-fericite\/bridetobe\/#more-3901\" aria-label=\"More on Bride To Be&#8230;\">Mai mult<\/a><\/p>\n","protected":false},"author":14,"featured_media":3930,"parent":3884,"menu_order":0,"comment_status":"closed","ping_status":"closed","template":"","meta":{"footnotes":""},"class_list":["post-3901","page","type-page","status-publish","has-post-thumbnail"],"_links":{"self":[{"href":"https:\/\/dryfanti.gr\/ro\/wp-json\/wp\/v2\/pages\/3901","targetHints":{"allow":["GET"]}}],"collection":[{"href":"https:\/\/dryfanti.gr\/ro\/wp-json\/wp\/v2\/pages"}],"about":[{"href":"https:\/\/dryfanti.gr\/ro\/wp-json\/wp\/v2\/types\/page"}],"author":[{"embeddable":true,"href":"https:\/\/dryfanti.gr\/ro\/wp-json\/wp\/v2\/users\/14"}],"replies":[{"embeddable":true,"href":"https:\/\/dryfanti.gr\/ro\/wp-json\/wp\/v2\/comments?post=3901"}],"version-history":[{"count":3,"href":"https:\/\/dryfanti.gr\/ro\/wp-json\/wp\/v2\/pages\/3901\/revisions"}],"predecessor-version":[{"id":4236,"href":"https:\/\/dryfanti.gr\/ro\/wp-json\/wp\/v2\/pages\/3901\/revisions\/4236"}],"up":[{"embeddable":true,"href":"https:\/\/dryfanti.gr\/ro\/wp-json\/wp\/v2\/pages\/3884"}],"wp:featuredmedia":[{"embeddable":true,"href":"https:\/\/dryfanti.gr\/ro\/wp-json\/wp\/v2\/media\/3930"}],"wp:attachment":[{"href":"https:\/\/dryfanti.gr\/ro\/wp-json\/wp\/v2\/media?parent=3901"}],"curies":[{"name":"wp","href":"https:\/\/api.w.org\/{rel}","templated":true}]}}