{"id":3892,"date":"2023-11-22T13:59:38","date_gmt":"2023-11-22T11:59:38","guid":{"rendered":"https:\/\/mistyrose-fox-409623.hostingersite.com\/?page_id=3892"},"modified":"2023-11-28T12:25:50","modified_gmt":"2023-11-28T10:25:50","slug":"menopauza","status":"publish","type":"page","link":"https:\/\/dryfanti.gr\/ro\/servicii-medicale\/menopauza\/","title":{"rendered":"Menopauza"},"content":{"rendered":"<div class=\"gb-container gb-container-ec1ae282 single-service-section1\">\n<div class=\"gb-container gb-container-d5e60f0c inner-container\">\n\n<h2 class=\"gb-headline gb-headline-a2293d34 gb-headline-text\"><em>Reinventeaza-te la menopauz\u0103!<\/em><\/h2>\n\n\n\n<p>Menopauza este o perioad\u0103 fiziologic\u0103 \u00een via\u021ba fiec\u0103rei femei, perioada care are nevoie \u0219i de o ghidare medical\u0103 specializat\u0103.<\/p>\n\n\n\n<figure class=\"gb-block-image gb-block-image-bc25b9f3\"><img loading=\"lazy\" decoding=\"async\" width=\"500\" height=\"334\" class=\"gb-image gb-image-bc25b9f3\" src=\"http:\/\/dryfanti.gr\/wp-content\/uploads\/2023\/11\/menopause.jpg\" alt=\"\" title=\"Cheerful,Elegant,Elderly,Woman,Holding,A,Flower,Near,The,Face\" srcset=\"https:\/\/dryfanti.gr\/wp-content\/uploads\/2023\/11\/menopause.jpg 500w, https:\/\/dryfanti.gr\/wp-content\/uploads\/2023\/11\/menopause-300x200.jpg 300w\" sizes=\"auto, (max-width: 500px) 100vw, 500px\"><\/figure>\n\n\n\n<p>Schimb\u0103rile hormonale din timpul menopauzei se rasfrang asupra tuturor organelor \u0219i \u00een special asupra pielii, care sufer\u0103 o serie de modific\u0103ri cand vine vorba de structura \u0219i aspect.<\/p>\n\n\n\n<p>Menopauz\u0103 produce a\u0219a numita \u201d\u00eemb\u0103tr\u00e2nire hormonal\u0103\u201d.<\/p>\n\n\n\n<p>Sfaturi pentru \u00eengrijirea pielii la menopauz\u0103:\u00a0<\/p>\n\n\n\n<ul class=\"wp-block-list\">\n<li>Cur\u0103\u021barea pielii trebuie s\u0103 se fac\u0103 cu produse sub form\u0103 de l\u0103pti\u0219or \u0219i nu sub form\u0103 de gel sau spum\u0103, deoarece ph-ul pielii este sc\u0103zut.<\/li>\n\n\n\n<li>Hidratarea trebuie s\u0103 se fac\u0103 cu creme noncomedogenice bogate \u00een acizi gra\u0219i, ceramide \u0219i shea butter.<\/li>\n\n\n\n<li>Protec\u021bie solar\u0103.<\/li>\n\n\n\n<li>Tratamente anti-imbatranire cu retinol \u0219i peptide.<\/li>\n\n\n\n<li>Produse dermatocosmetice care con\u021bin estrogeni naturali &#8211; fitoestrogeni.<\/li>\n<\/ul>\n\n\n\n<p>Nu uita\u021bi de asemenea s\u0103 ave\u021bi o diet\u0103 echilibrat\u0103, sc\u0103zut\u0103 \u00een gr\u0103simi \u0219i hidrocarbona\u021bi, s\u0103 face\u021bi gimnastic\u0103 zilnic\u0103 \u0219i s\u0103 \u00eentrerupe\u021bi fumatul \u0219i b\u0103uturile alcoolice!<\/p>\n\n\n\n<p>Se recomand\u0103 auto inspectarea regulate a s\u00e2nilor, mamografie \u0219i ecografie mamar\u0103 anual\u0103, test Dexa pentru depistarea osteoporozei \u0219i analize de s\u00e2nge anuale !<\/p>\n\n\n\n<h2 class=\"gb-headline gb-headline-be3309c7 gb-headline-text\"><em>Cabinetul nostru v\u0103 ofer\u0103 o gam\u0103 larg\u0103 de tratamente adaptate special pielii aflate la menopauza!<\/em><\/h2>\n\n<\/div>\n<\/div>","protected":false},"excerpt":{"rendered":"<p>Reinventeaza-te la menopauz\u0103! Menopauza este o perioad\u0103 fiziologic\u0103 \u00een via\u021ba fiec\u0103rei femei, perioada care are nevoie \u0219i de o ghidare &#8230; <\/p>\n<p class=\"read-more-container\"><a title=\"Menopauza\" class=\"read-more button\" href=\"https:\/\/dryfanti.gr\/ro\/servicii-medicale\/menopauza\/#more-3892\" aria-label=\"More on Menopauza\">Mai mult<\/a><\/p>\n","protected":false},"author":14,"featured_media":4102,"parent":2118,"menu_order":0,"comment_status":"closed","ping_status":"closed","template":"","meta":{"footnotes":""},"class_list":["post-3892","page","type-page","status-publish","has-post-thumbnail"],"_links":{"self":[{"href":"https:\/\/dryfanti.gr\/ro\/wp-json\/wp\/v2\/pages\/3892","targetHints":{"allow":["GET"]}}],"collection":[{"href":"https:\/\/dryfanti.gr\/ro\/wp-json\/wp\/v2\/pages"}],"about":[{"href":"https:\/\/dryfanti.gr\/ro\/wp-json\/wp\/v2\/types\/page"}],"author":[{"embeddable":true,"href":"https:\/\/dryfanti.gr\/ro\/wp-json\/wp\/v2\/users\/14"}],"replies":[{"embeddable":true,"href":"https:\/\/dryfanti.gr\/ro\/wp-json\/wp\/v2\/comments?post=3892"}],"version-history":[{"count":2,"href":"https:\/\/dryfanti.gr\/ro\/wp-json\/wp\/v2\/pages\/3892\/revisions"}],"predecessor-version":[{"id":4225,"href":"https:\/\/dryfanti.gr\/ro\/wp-json\/wp\/v2\/pages\/3892\/revisions\/4225"}],"up":[{"embeddable":true,"href":"https:\/\/dryfanti.gr\/ro\/wp-json\/wp\/v2\/pages\/2118"}],"wp:featuredmedia":[{"embeddable":true,"href":"https:\/\/dryfanti.gr\/ro\/wp-json\/wp\/v2\/media\/4102"}],"wp:attachment":[{"href":"https:\/\/dryfanti.gr\/ro\/wp-json\/wp\/v2\/media?parent=3892"}],"curies":[{"name":"wp","href":"https:\/\/api.w.org\/{rel}","templated":true}]}}