{"id":3884,"date":"2023-11-22T13:54:35","date_gmt":"2023-11-22T11:54:35","guid":{"rendered":"https:\/\/mistyrose-fox-409623.hostingersite.com\/?page_id=3884"},"modified":"2023-11-28T13:30:41","modified_gmt":"2023-11-28T11:30:41","slug":"momente-fericite","status":"publish","type":"page","link":"https:\/\/dryfanti.gr\/ro\/servicii-medicale\/momente-fericite\/","title":{"rendered":"Momente Fericite"},"content":{"rendered":"<div class=\"gb-container gb-container-ef7dad7d services-landing-section1\">\n<div class=\"gb-container gb-container-08871145 inner-container\">\n\n<h2 class=\"gb-headline gb-headline-51616604 gb-headline-text\">Happy Mom<\/h2>\n\n\n\n<p>Dup\u0103 na\u0219tere, noi femeile trecem printr-o perioad\u0103 \u00een care schimb\u0103rile hormonale ne influen\u021beaz\u0103 nu numai starea noastr\u0103 interioar\u0103 dar \u0219i pielea noastr\u0103!<\/p>\n\n\n\n<a class=\"gb-button gb-button-1048d5b7 gb-button-text\" href=\"https:\/\/mistyrose-fox-409623.hostingersite.com\/ro\/servicii-medicale\/momente-fericite\/happymom\/\" rel=\"noopener\">Mai mult<\/a>\n\n<\/div>\n\n<div class=\"gb-container gb-container-7ea5dc33 inner-container\">\n\n<h2 class=\"gb-headline gb-headline-5d5f6eea gb-headline-text\">Bride To Be\u2026<\/h2>\n\n\n\n<p>\u00centr-o zi at\u00e2t de special\u0103 c\u00e2nd toate privirile sunt \u00eendreptate spre voi, cabinetul nostru v\u0103 ofer\u0103 o gam\u0103 larg\u0103 de tratamente care s\u0103 v\u0103 pun\u0103 \u00een eviden\u021b\u0103 \u0219i mai mult frumuse\u021bea naturala.<\/p>\n\n\n\n<a class=\"gb-button gb-button-11b91032 gb-button-text\" href=\"https:\/\/mistyrose-fox-409623.hostingersite.com\/ro\/servicii-medicale\/momente-fericite\/bridetobe\/\" rel=\"noopener\">Mai mult<\/a>\n\n<\/div>\n<\/div>","protected":false},"excerpt":{"rendered":"<p>Happy Mom Dup\u0103 na\u0219tere, noi femeile trecem printr-o perioad\u0103 \u00een care schimb\u0103rile hormonale ne influen\u021beaz\u0103 nu numai starea noastr\u0103 interioar\u0103 &#8230; <\/p>\n<p class=\"read-more-container\"><a title=\"Momente Fericite\" class=\"read-more button\" href=\"https:\/\/dryfanti.gr\/ro\/servicii-medicale\/momente-fericite\/#more-3884\" aria-label=\"More on Momente Fericite\">Mai mult<\/a><\/p>\n","protected":false},"author":14,"featured_media":4338,"parent":2118,"menu_order":0,"comment_status":"closed","ping_status":"closed","template":"","meta":{"footnotes":""},"class_list":["post-3884","page","type-page","status-publish","has-post-thumbnail"],"_links":{"self":[{"href":"https:\/\/dryfanti.gr\/ro\/wp-json\/wp\/v2\/pages\/3884","targetHints":{"allow":["GET"]}}],"collection":[{"href":"https:\/\/dryfanti.gr\/ro\/wp-json\/wp\/v2\/pages"}],"about":[{"href":"https:\/\/dryfanti.gr\/ro\/wp-json\/wp\/v2\/types\/page"}],"author":[{"embeddable":true,"href":"https:\/\/dryfanti.gr\/ro\/wp-json\/wp\/v2\/users\/14"}],"replies":[{"embeddable":true,"href":"https:\/\/dryfanti.gr\/ro\/wp-json\/wp\/v2\/comments?post=3884"}],"version-history":[{"count":7,"href":"https:\/\/dryfanti.gr\/ro\/wp-json\/wp\/v2\/pages\/3884\/revisions"}],"predecessor-version":[{"id":4278,"href":"https:\/\/dryfanti.gr\/ro\/wp-json\/wp\/v2\/pages\/3884\/revisions\/4278"}],"up":[{"embeddable":true,"href":"https:\/\/dryfanti.gr\/ro\/wp-json\/wp\/v2\/pages\/2118"}],"wp:featuredmedia":[{"embeddable":true,"href":"https:\/\/dryfanti.gr\/ro\/wp-json\/wp\/v2\/media\/4338"}],"wp:attachment":[{"href":"https:\/\/dryfanti.gr\/ro\/wp-json\/wp\/v2\/media?parent=3884"}],"curies":[{"name":"wp","href":"https:\/\/api.w.org\/{rel}","templated":true}]}}