{"id":3050,"date":"2023-09-15T14:02:27","date_gmt":"2023-09-15T11:02:27","guid":{"rendered":"https:\/\/mistyrose-fox-409623.hostingersite.com\/?page_id=3050"},"modified":"2023-10-25T17:11:57","modified_gmt":"2023-10-25T14:11:57","slug":"tratamente-corporale","status":"publish","type":"page","link":"https:\/\/dryfanti.gr\/ro\/servicii-medicale\/dermatologie-estetica\/tratamente-corporale\/","title":{"rendered":"Tratamente Corporale"},"content":{"rendered":"<div class=\"gb-container gb-container-ef7dad7d services-landing-section1\">\n<div class=\"gb-container gb-container-08871145 inner-container\">\n\n<h2 class=\"gb-headline gb-headline-51616604 gb-headline-text\">Jett Plasma Body Lift &#8211; \u039c\u03b7 \u03a7\u03b5\u03b9\u03c1\u03bf\u03c5\u03c1\u03b3\u03b9\u03ba\u03cc Lift<\/h2>\n\n\n\n<p>\u03a4\u03bf Jett Plasma \u03c0\u03c1\u03bf\u03ba\u03b1\u03bb\u03b5\u03af \u03c3\u03cd\u03c3\u03c6\u03b9\u03be\u03b7 \u03c4\u03bf\u03c5 \u03b4\u03ad\u03c1\u03bc\u03b1\u03c4\u03bf\u03c2, \u03b1\u03bd\u03c4\u03b9\u03bc\u03b5\u03c4\u03c9\u03c0\u03af\u03b6\u03bf\u03bd\u03c4\u03b1\u03c2 \u03b1\u03c0\u03bf\u03c4\u03b5\u03bb\u03b5\u03c3\u03bc\u03b1\u03c4\u03b9\u03ba\u03ac \u03c4\u03b7 \u03c7\u03b1\u03bb\u03ac\u03c1\u03c9\u03c3\u03b7 \u03ba\u03b1\u03b9 \u03c4\u03bf \u03bb\u03af\u03c0\u03bf\u03c2 \u03ba\u03b1\u03b9 \u03b5\u03be\u03b1\u03c6\u03b1\u03bd\u03af\u03b6\u03b5\u03b9 \u03c4\u03b9\u03c2 \u03c1\u03c5\u03c4\u03af\u03b4\u03b5\u03c2 \u03c4\u03bf\u03c5 \u03bb\u03b1\u03b9\u03bc\u03bf\u03cd, \u03c4\u03b7\u03c2 \u03c0\u03b5\u03c1\u03b9\u03bf\u03c7\u03ae\u03c2 \u03c4\u03bf\u03c5 \u03bd\u03c4\u03b5\u03ba\u03bf\u03bb\u03c4\u03ad \u03ba\u03b1\u03b9 \u03c4\u03bf\u03c5 \u03b8\u03ce\u03c1\u03b1\u03ba\u03b1. \u0395\u03c0\u03b9\u03c0\u03bb\u03ad\u03bf\u03bd, \u03b7 \u03b8\u03b5\u03c1\u03b1\u03c0\u03b5\u03af\u03b1 \u03b2\u03bf\u03b7\u03b8\u03ac\u03b5\u03b9 \u03c3\u03c4\u03b7 \u03bb\u03b5\u03af\u03b1\u03bd\u03c3\u03b7 \u03c4\u03b7\u03c2 \u03b5\u03c0\u03b9\u03b4\u03b5\u03c1\u03bc\u03af\u03b4\u03b1\u03c2, \u03c4\u03b7 \u03bc\u03b5\u03af\u03c9\u03c3\u03b7 \u03b5\u03bc\u03c6\u03ac\u03bd\u03b9\u03c3\u03b7 \u03c1\u03b1\u03b3\u03ac\u03b4\u03c9\u03bd \u03b1\u03bb\u03bb\u03ac \u03ba\u03b1\u03b9 \u03c3\u03c4\u03b7 \u03b2\u03b5\u03bb\u03c4\u03af\u03c9\u03c3\u03b7 \u03c4\u03b7\u03c2 \u03b3\u03b5\u03bd\u03b9\u03ba\u03cc\u03c4\u03b5\u03c1\u03b7\u03c2 \u03cc\u03c8\u03b7\u03c2 \u03c4\u03bf\u03c5 \u03b4\u03ad\u03c1\u03bc\u03b1\u03c4\u03bf\u03c2.<\/p>\n\n\n\n<p>\u03a4\u03b1\u03c5\u03c4\u03cc\u03c7\u03c1\u03bf\u03bd\u03b1 \u03c0\u03c1\u03b1\u03b3\u03bc\u03b1\u03c4\u03bf\u03c0\u03bf\u03b9\u03b5\u03af \u03b5\u03bd\u03b5\u03c1\u03b3\u03bf\u03c0\u03bf\u03af\u03b7\u03c3\u03b7 \u03c4\u03bf\u03c5 \u03ba\u03bf\u03bb\u03bb\u03b1\u03b3\u03cc\u03bd\u03bf\u03c5 \u03b5\u03c0\u03b9\u03c4\u03c5\u03b3\u03c7\u03ac\u03bd\u03bf\u03bd\u03c4\u03b1\u03c2 \u03c4\u03b7 \u03b2\u03b5\u03bb\u03c4\u03af\u03c9\u03c3\u03b7 \u03c4\u03b7\u03c2 \u03b5\u03bb\u03b1\u03c3\u03c4\u03b9\u03ba\u03cc\u03c4\u03b7\u03c4\u03b1\u03c2 \u03c4\u03bf\u03c5 \u03b4\u03ad\u03c1\u03bc\u03b1\u03c4\u03bf\u03c2.<\/p>\n\n\n\n<a class=\"gb-button gb-button-1048d5b7 gb-button-text\" href=\"\/iatrikes-ypiresies\/aisthitiki-dermatologia\/therapeies-somatos\/jett-plasma-body-lift-mi-cheirourgiko-lift\/\">\u03a0\u03b5\u03c1\u03b9\u03c3\u03c3\u03cc\u03c4\u03b5\u03c1\u03b1<\/a>\n\n<\/div>\n\n<div class=\"gb-container gb-container-7ea5dc33 inner-container\">\n\n<h2 class=\"gb-headline gb-headline-5d5f6eea gb-headline-text\">Epilare Laser<\/h2>\n\n\n\n<p>Laserul este un dispozitiv care produce o raz\u0103 de lumin\u0103 foarte intens\u0103, focalizat\u0103, de aceea\u0219i culoare \u0219i faz\u0103. Laserul utilizat pentru epilare produce lumin\u0103 care este absorbit\u0103 de melanina din foliculii p\u0103rului, prin urmare nu sunt tratate eficient firele de p\u0103r albe.<\/p>\n\n\n\n<a class=\"gb-button gb-button-11b91032 gb-button-text\" href=\"\/ro\/servicii-medicale\/dermatologie-estetica\/tratamente-corporale\/epilare-laser\/\">Mai mult<\/a>\n\n<\/div>\n\n<div class=\"gb-container gb-container-665c93ea inner-container\">\n\n<h2 class=\"gb-headline gb-headline-ac2c2053 gb-headline-text\">Cavitation \u2013 RF Coccon Duotechnology<\/h2>\n\n\n\n<p>Metoda Cavitation (cavita\u021bie) se refer\u0103 la distrugerea ireversibil\u0103 a adipocitelor prin intermediul energiei eliberate de ultrasunetul special. Celulele adipoase distruse \u0219i excesul de gr\u0103sime sunt eliminate din organism pe calea metabolismului natural.<\/p>\n\n\n\n<a class=\"gb-button gb-button-37825471 gb-button-text\" href=\"\/ro\/servicii-medicale\/dermatologie-estetica\/tratamente-corporale\/cavitation-rf-coccon-duotechnology\/\">Mai mult<\/a>\n\n<\/div>\n\n<div class=\"gb-container gb-container-85d73a3a inner-container\">\n\n<h2 class=\"gb-headline gb-headline-8769db4e gb-headline-text\">Lifting Nechirurgical cu fire de suspensie PDO<\/h2>\n\n\n\n<p>Firele bio-resorbabile PDO sunt o metod\u0103 inovativ\u0103, nechirurgical\u0103 pentru combaterea relax\u0103rii \u0219i produc efectul de lifting deoarece ac\u021bioneaza ca suport pentru \u021besuturi. PDO (polidioxanon\u0103) este un material extrem de sigur folosit \u00een mod obi\u0219nuit \u00een chirurgia cardiac\u0103. Este resorbabil \u00een totalitate (\u00eentre 8-12 luni), nu produce reac\u021bii alergice si nu are efecte secundare.<\/p>\n\n\n\n<a class=\"gb-button gb-button-5cbce44c gb-button-text\" href=\"\/ro\/servicii-medicale\/dermatologie-estetica\/tratamente-corporale\/lifting-nechirurgical-cu-fire-de-suspensie-pdo\/\">Mai mult<\/a>\n\n<\/div>\n\n<div class=\"gb-container gb-container-3e9d3988 inner-container\">\n\n<h2 class=\"gb-headline gb-headline-89723e04 gb-headline-text\">Celulit\u0103 \u2013 Lipoliz\u0103 \u2013 Carboxiterapia<\/h2>\n\n\n\n<p><strong>Celulita (aspect de coaj\u0103 de portocal\u0103)<\/strong>&nbsp;se datoreaz\u0103 \u00een principal disfunc\u021biei microcircula\u021biei \u0219i a circula\u021biei limfatice, cre\u0219terii \u021besutului fibros, precum \u0219i hipetrofia \u021besutului adipos subcutanat.<\/p>\n\n\n\n<p>Vizeaz\u0103 \u00een principal popula\u021bia feminin\u0103 \u0219i anumite zone corporale precum coapse si fese.<\/p>\n\n\n\n<p><strong>Lipoliza<\/strong>&nbsp;este o idee extraordinar\u0103 devenit\u0103 realitate datorit\u0103 Dr. Rittes (Dermatolog din Sao Paulo).<\/p>\n\n\n\n<a class=\"gb-button gb-button-deed5a86 gb-button-text\" href=\"\/ro\/servicii-medicale\/dermatologie-estetica\/tratamente-corporale\/celulita-lipoliza-carboxiterapia\/\">Mai mult<\/a>\n\n<\/div>\n\n<div class=\"gb-container gb-container-2173061f inner-container\">\n\n<h2 class=\"gb-headline gb-headline-15a6cef7 gb-headline-text\">Botox \/ Dysport \u2013 Hiperhidroza<\/h2>\n\n\n\n<p>Botoxul este o protein\u0103 produs\u0103 de microbul Clostridium botulinum. \u00cen Dermatologia Estetic\u0103 Botoxul este folosit pentru eliminarea ridurilor faciale \u0219i constituie un tratament eficient \u00eempotriva \u00eemb\u0103tr\u00e2nirii. Un alt domeniu important pentru utilizarea Botoxului&nbsp;<strong>este tratamentul hiperhidrozei<\/strong>. Este o op\u021biune excelent\u0103 de tratament pentru reducerea imediat\u0103 a transpira\u021biei cu p\u00e2n\u0103 la 95%.<\/p>\n\n\n\n<a class=\"gb-button gb-button-7730e8fe gb-button-text\" href=\"\/ro\/servicii-medicale\/dermatologie-estetica\/tratamente-corporale\/botox-dysport-hiperhidroza\/\">Mai mult<\/a>\n\n<\/div>\n\n<div class=\"gb-container gb-container-0b99141d inner-container\">\n\n<h2 class=\"gb-headline gb-headline-f1e656e0 gb-headline-text\">Telangiectazii \u2013 Scleroterapie \u2013 Laser<\/h2>\n\n\n\n<p>Telangiectaziile sunt o re\u021bea de vase capilare dilatate situate \u00een epiderm, care determin\u0103 un aspect inestetic. Apar ca mici vase sanguine ro\u0219ii \u0219i albastre, care nu prezint\u0103 simptome.<\/p>\n\n\n\n<a class=\"gb-button gb-button-88f6aade gb-button-text\" href=\"\/ro\/servicii-medicale\/dermatologie-estetica\/tratamente-corporale\/telangiectazii-scleroterapie-laser\/\">Mai mult<\/a>\n\n<\/div>\n\n<div class=\"gb-container gb-container-2a3a33e7 inner-container\">\n\n<h2 class=\"gb-headline gb-headline-6950ab00 gb-headline-text\">\u00cenl\u0103turare Tatuaj<\/h2>\n\n\n\n<p>\u00cen ultimii ani tatuajele au cunoscut o perioad\u0103 de \u00eenflorire la nivel mondial, prin urmare a crescut \u0219i cererea continu\u0103 pentru \u00eenl\u0103turarea acestora. Cea mai modern\u0103 \u0219i indicat\u0103 metod\u0103 pentru \u00eenl\u0103turarea tatuajelor este&nbsp;<strong>Q-switched LASERS<\/strong>. Metoda ac\u021bioneaz\u0103 distrug\u0103nd granulele de pigment, astfel \u00eenc\u00e2t acestea devin absorbabile de c\u0103tre organism.<\/p>\n\n\n\n<a class=\"gb-button gb-button-41d2c9d1 gb-button-text\" href=\"\/ro\/servicii-medicale\/dermatologie-estetica\/tratamente-corporale\/inlaturare-tatuaj\/\">Mai mult<\/a>\n\n<\/div>\n<\/div>","protected":false},"excerpt":{"rendered":"<p>Jett Plasma Body Lift &#8211; \u039c\u03b7 \u03a7\u03b5\u03b9\u03c1\u03bf\u03c5\u03c1\u03b3\u03b9\u03ba\u03cc Lift \u03a4\u03bf Jett Plasma \u03c0\u03c1\u03bf\u03ba\u03b1\u03bb\u03b5\u03af \u03c3\u03cd\u03c3\u03c6\u03b9\u03be\u03b7 \u03c4\u03bf\u03c5 \u03b4\u03ad\u03c1\u03bc\u03b1\u03c4\u03bf\u03c2, \u03b1\u03bd\u03c4\u03b9\u03bc\u03b5\u03c4\u03c9\u03c0\u03af\u03b6\u03bf\u03bd\u03c4\u03b1\u03c2 \u03b1\u03c0\u03bf\u03c4\u03b5\u03bb\u03b5\u03c3\u03bc\u03b1\u03c4\u03b9\u03ba\u03ac \u03c4\u03b7 \u03c7\u03b1\u03bb\u03ac\u03c1\u03c9\u03c3\u03b7 \u03ba\u03b1\u03b9 &#8230; <\/p>\n<p class=\"read-more-container\"><a title=\"Tratamente Corporale\" class=\"read-more button\" href=\"https:\/\/dryfanti.gr\/ro\/servicii-medicale\/dermatologie-estetica\/tratamente-corporale\/#more-3050\" aria-label=\"More on Tratamente Corporale\">Mai mult<\/a><\/p>\n","protected":false},"author":14,"featured_media":4421,"parent":1954,"menu_order":0,"comment_status":"closed","ping_status":"closed","template":"","meta":{"footnotes":""},"class_list":["post-3050","page","type-page","status-publish","has-post-thumbnail"],"_links":{"self":[{"href":"https:\/\/dryfanti.gr\/ro\/wp-json\/wp\/v2\/pages\/3050","targetHints":{"allow":["GET"]}}],"collection":[{"href":"https:\/\/dryfanti.gr\/ro\/wp-json\/wp\/v2\/pages"}],"about":[{"href":"https:\/\/dryfanti.gr\/ro\/wp-json\/wp\/v2\/types\/page"}],"author":[{"embeddable":true,"href":"https:\/\/dryfanti.gr\/ro\/wp-json\/wp\/v2\/users\/14"}],"replies":[{"embeddable":true,"href":"https:\/\/dryfanti.gr\/ro\/wp-json\/wp\/v2\/comments?post=3050"}],"version-history":[{"count":14,"href":"https:\/\/dryfanti.gr\/ro\/wp-json\/wp\/v2\/pages\/3050\/revisions"}],"predecessor-version":[{"id":3576,"href":"https:\/\/dryfanti.gr\/ro\/wp-json\/wp\/v2\/pages\/3050\/revisions\/3576"}],"up":[{"embeddable":true,"href":"https:\/\/dryfanti.gr\/ro\/wp-json\/wp\/v2\/pages\/1954"}],"wp:featuredmedia":[{"embeddable":true,"href":"https:\/\/dryfanti.gr\/ro\/wp-json\/wp\/v2\/media\/4421"}],"wp:attachment":[{"href":"https:\/\/dryfanti.gr\/ro\/wp-json\/wp\/v2\/media?parent=3050"}],"curies":[{"name":"wp","href":"https:\/\/api.w.org\/{rel}","templated":true}]}}