{"id":3046,"date":"2023-09-15T12:45:43","date_gmt":"2023-09-15T09:45:43","guid":{"rendered":"https:\/\/mistyrose-fox-409623.hostingersite.com\/?page_id=3046"},"modified":"2023-11-28T12:52:39","modified_gmt":"2023-11-28T10:52:39","slug":"tratamente-faciale","status":"publish","type":"page","link":"https:\/\/dryfanti.gr\/ro\/servicii-medicale\/dermatologie-estetica\/tratamente-faciale\/","title":{"rendered":"Tratamente faciale"},"content":{"rendered":"<div class=\"gb-container gb-container-ef7dad7d services-landing-section1\">\n<div class=\"gb-container gb-container-85d73a3a inner-container\">\n\n<h2 class=\"gb-headline gb-headline-8769db4e gb-headline-text\">Botox<\/h2>\n\n\n\n<p>Botoxul este o protein\u0103 produs\u0103 de microbul Clostridium botulinum. \u00cen Dermatologia Estetic\u0103 Botoxul este folosit pentru eliminarea ridurilor faciale \u0219i constituie cel mai popular tratament \u00eempotriva \u00eemb\u0103tr\u00e2nirii.<\/p>\n\n\n\n<a class=\"gb-button gb-button-5cbce44c gb-button-text\" href=\"\/ro\/servicii-medicale\/dermatologie-estetica\/tratamente-faciale\/botox\/\">Mai mult<\/a>\n\n<\/div>\n\n<div class=\"gb-container gb-container-3e9d3988 inner-container\">\n\n<h2 class=\"gb-headline gb-headline-89723e04 gb-headline-text\">Lifting Nechirurgical cu Fire de Suspensie PDO<\/h2>\n\n\n\n<p>Firele bio-resorbabile PDO sunt o metod\u0103 inovativ\u0103, nechirurgical\u0103 pentru combaterea relax\u0103rii care produc efectul de lifting deoarece ac\u021bioneaza ca suport pentru \u021besuturi. PDO (polidioxanon\u0103) este un material extrem de sigur folosit \u00een mod obi\u0219nuit \u00een chirurgia cardiac\u0103. Este resorbabil \u00een totalitate (\u00eentre 8-12 luni), nu produce reac\u021bii alergice \u0219i nu are efecte secundare.<\/p>\n\n\n\n<a class=\"gb-button gb-button-deed5a86 gb-button-text\" href=\"\/ro\/servicii-medicale\/dermatologie-estetica\/tratamente-faciale\/lifting-nechirurgical-cu-fire-de-suspensie-pdo\/\">Mai mult<\/a>\n\n<\/div>\n\n<div class=\"gb-container gb-container-2173061f inner-container\">\n\n<h2 class=\"gb-headline gb-headline-15a6cef7 gb-headline-text\">Epilare Laser<\/h2>\n\n\n\n<p>Laserul este un dispozitiv care produce o raz\u0103 de lumin\u0103 foarte intens\u0103, focalizat\u0103, de aceea\u0219i culoare \u0219i faz\u0103. Laserul utilizat pentru epilare produce lumin\u0103 care este absorbit\u0103 de melanina din foliculii p\u0103rului, prin urmare nu sunt tratate eficient firele de p\u0103r albe.<\/p>\n\n\n\n<a class=\"gb-button gb-button-7730e8fe gb-button-text\" href=\"\/ro\/servicii-medicale\/dermatologie-estetica\/tratamente-faciale\/epilare-laser\/\">Mai mult<\/a>\n\n<\/div>\n\n<div class=\"gb-container gb-container-0b99141d inner-container\">\n\n<h2 class=\"gb-headline gb-headline-f1e656e0 gb-headline-text\">RF cu Coccon Duotechnology<\/h2>\n\n\n\n<p>Tehnologia RF (radiofrecven\u021be) \u00eenc\u0103lze\u0219te \u021besuturile \u00een profunzime, urm\u0103rind activarea fibroblastelor \u0219i prin urmare producerea colagenului \u0219i elastinei, utiliz\u00e2nd o varietate de capuri unipolare \u0219i multipolare.<\/p>\n\n\n\n<a class=\"gb-button gb-button-88f6aade gb-button-text\" href=\"\/ro\/servicii-medicale\/dermatologie-estetica\/tratamente-faciale\/rf-cu-coccon-duotechnology\/\">Mai mult<\/a>\n\n<\/div>\n\n<div class=\"gb-container gb-container-2a3a33e7 inner-container\">\n\n<h2 class=\"gb-headline gb-headline-6950ab00 gb-headline-text\">Fractional RF + Co2 Fractional Laser<\/h2>\n\n\n\n<p>Utilizarea echipamentelor de<strong>&nbsp;RF (Radiofrecven\u021be)<\/strong>&nbsp;pentru regenerarea pielii reprezint\u0103 o revolu\u021bie \u00een domeniul Dermatologiei Estetice. Sunt extrem de eficiente \u00een ceea ce prive\u0219te cicatrici de acnee (atrofice), vergeturi, riduri fine \u0219i combate l\u0103sarea pielii, cu rezultate optime dup\u0103 2-3 sedinte.<\/p>\n\n\n\n<a class=\"gb-button gb-button-41d2c9d1 gb-button-text\" href=\"\/ro\/servicii-medicale\/dermatologie-estetica\/tratamente-faciale\/fractional-rf-fractional-laser\/\">Mai mult<\/a>\n\n<\/div>\n\n<div class=\"gb-container gb-container-e180ccd1 inner-container\">\n\n<h2 class=\"gb-headline gb-headline-75ad1a4b gb-headline-text\">Dermaroller &#8211; Dermapen<\/h2>\n\n\n\n<p>Este la nivel mondial unica terapie de regenerare bazat\u0103 pe tehnologia Skin Micro-Needling. Pe parcursul terapiei se realizeaz\u0103 activarea mecanic\u0103 a dermului \u2013 stratul activ al pielii \u2013 care con\u021bine fibrobla\u0219ti, fapt care are ca rezultat producerea de colagen.<\/p>\n\n\n\n<a class=\"gb-button gb-button-d1855530 gb-button-text\" href=\"\/ro\/servicii-medicale\/dermatologie-estetica\/tratamente-faciale\/dermaroller-dermapen\/\">Mai mult<\/a>\n\n<\/div>\n\n<div class=\"gb-container gb-container-87cc0165 inner-container\">\n\n<h2 class=\"gb-headline gb-headline-335c8e2c gb-headline-text\">Microdermabraziune\u2013 Face Up<\/h2>\n\n\n\n<p>Microdermabraziunea este o metod\u0103 non-invaziv\u0103 de \u00eendep\u0103rtare a stratului cornos al pielii cu ajutorul unui dispozitiv medical special. Prin aceast\u0103 metod\u0103 se realizeaz\u0103 activarea produc\u021biei de colagen \u0219i elastin\u0103 de c\u0103tre fibrobla\u0219ti, ceea ce are ca \u0219i rezultat o piele nou\u0103, ferm\u0103 \u0219i elastic\u0103, ameliorarea ridurilor fine, a petelor pielii \u0219i ale cicatricelor de acnee.<\/p>\n\n\n\n<a class=\"gb-button gb-button-25cc4a6a gb-button-text\" href=\"\/ro\/servicii-medicale\/dermatologie-estetica\/tratamente-faciale\/microdermabraziune-face-up\/\">Mai mult<\/a>\n\n<\/div>\n\n<div class=\"gb-container gb-container-d64430b6 inner-container\">\n\n<h2 class=\"gb-headline gb-headline-fab8c8ce gb-headline-text\">Peelings<\/h2>\n\n\n\n<p><strong>Peelingul<\/strong>&nbsp;reprezint\u0103 una dintre cele mai populare proceduri cosmetice.&nbsp;<strong>Peelingul<\/strong>&nbsp;chimic este o procedur\u0103 prin intermediul c\u0103reia se produce lezarea controlat\u0103 a pielii ce activeaz\u0103 mecanismul de vindecare, avand ca rezultat \u00eembun\u0103t\u0103\u021birea texturii \u0219i culorii pielii, precum \u0219i reducerea ridurilor.<\/p>\n\n\n\n<a class=\"gb-button gb-button-77980998 gb-button-text\" href=\"\/ro\/servicii-medicale\/dermatologie-estetica\/tratamente-faciale\/peelings\/\">Mai mult<\/a>\n\n<\/div>\n\n<div class=\"gb-container gb-container-a983d1a5 inner-container\">\n\n<h2 class=\"gb-headline gb-headline-00628254 gb-headline-text\">Mezotherapie Facial\u0103<\/h2>\n\n\n\n<p>Mezoterapia este o tehnic\u0103 pentru introducerea unor substan\u021be farmaceutice \u2018\u2019pre\u021bioase\u2019\u2019 \u00een cantit\u0103\u021bi mici, \u00een mesoderm, \u00een derm \u0219i subcutanat.<\/p>\n\n\n\n<a class=\"gb-button gb-button-1d242d48 gb-button-text\" href=\"\/ro\/servicii-medicale\/dermatologie-estetica\/tratamente-faciale\/mezotherapie-faciala\/\">Mai mult<\/a>\n\n<\/div>\n\n<div class=\"gb-container gb-container-515cfff3 inner-container\">\n\n<h2 class=\"gb-headline gb-headline-e2fbd549 gb-headline-text\">Tratamentul Melasmei<\/h2>\n\n\n\n<p>Vara este un sezon \u00een care pielea noastra este expus\u0103 la doze mari de radia\u021bii UV. Zonele corporale cele mai expuse sunt fa\u021ba, g\u00e2tul, suprafa\u021ba toracic\u0103 anterioar\u0103 \u0219i m\u00e2inile. Reac\u021bia normal\u0103 a pielii la expunerea la radia\u021bii UV este produc\u021bia de melanin\u0103 ce devine vizibil\u0103 sub forma de \u201ebronz\u201d.<\/p>\n\n\n\n<a class=\"gb-button gb-button-83ec30e0 gb-button-text\" href=\"\/ro\/servicii-medicale\/dermatologie-estetica\/tratamente-faciale\/tratamentul-melasmei\/\">Mai mult<\/a>\n\n<\/div>\n\n<div class=\"gb-container gb-container-1ea10699 inner-container\">\n\n<h2 class=\"gb-headline gb-headline-b4d24a02 gb-headline-text\">Carboxiterapia<\/h2>\n\n\n\n<p>Pentru combaterea&nbsp;<strong>pierderii p\u0103rului \u2013 alopeciei, pungilor de sub pleoape si b\u0103rbiei duble<\/strong>, se utilizeaz\u0103 o tehnic\u0103 inovatoare, respectiv&nbsp;<strong>Carboxytherapy&nbsp;(Gas Contouring)<\/strong>. Tratamentul este realizat prin inducerea de dioxid de carbon medical \u00een zonele dorite, \u00een func\u021bie de o procedur\u0103 personalizat\u0103 \u0219i conform nevoilor pacientului.<\/p>\n\n\n\n<a class=\"gb-button gb-button-50fcab67 gb-button-text\" href=\"\/ro\/servicii-medicale\/dermatologie-estetica\/tratamente-faciale\/carboxiterapia\/\">Mai mult<\/a>\n\n<\/div>\n\n<div class=\"gb-container gb-container-49cb2524 inner-container\">\n\n<h2 class=\"gb-headline gb-headline-bbd7cb4b gb-headline-text\">Tratamente Personalizate Anti-\u00eemb\u0103tr\u00e2nire<\/h2>\n\n\n\n<p>Tratamentele anti-\u00eemb\u0103tr\u00e2nire vin s\u0103 combat\u0103 at\u00e2t \u00eemb\u0103tr\u00e2nirea biologic\u0103 c\u00e2t \u0219i pe cea exogen\u0103, cauzat\u0103 de expunerea la soare, fumatul \u0219i poluarea. Stresul oxidativ joac\u0103 un rol important \u00een ambele tipuri de \u00eemb\u0103tr\u00e2nire acceler\u00e2nd distrugerea colagenului, elastinei \u0219i al acidului hialuronic. Tratamentele anti-\u00eemb\u0103tr\u00e2nire au un rol important preventiv, completeaz\u0103 \u0219i sus\u021bin orice tip de proceduri estetice.<\/p>\n\n\n\n<a class=\"gb-button gb-button-cb828375 gb-button-text\" href=\"\/ro\/servicii-medicale\/dermatologie-estetica\/tratamente-faciale\/tratamente-personalizate-anti-imbatranire-2\/\">Mai mult<\/a>\n\n<\/div>\n\n<div class=\"gb-container gb-container-b9c5deea inner-container\">\n\n<h2 class=\"gb-headline gb-headline-bc0df5da gb-headline-text\">Oxigenoterapia<\/h2>\n\n\n\n<p>Tratamentul cu oxigen hiperbaric a revolu\u021bionat industria tratamentelor faciale, fiind dovedit c\u0103 aportul de oxigen pur accelereaz\u0103 metabolismul celular, avand ca rezultat re\u00eentinerirea tenului.<\/p>\n\n\n\n<a class=\"gb-button gb-button-3b1dd879 gb-button-text\" href=\"https:\/\/mistyrose-fox-409623.hostingersite.com\/ro\/servicii-medicale\/dermatologie-estetica\/tratamente-faciale\/oxigenoterapia\/\" rel=\"noopener\">Mai mult<\/a>\n\n<\/div>\n\n<div class=\"gb-container gb-container-84cc7038 inner-container\">\n\n<h2 class=\"gb-headline gb-headline-8a0590df gb-headline-text\">Fire And Ice<\/h2>\n\n\n\n<p>Fire and Ice Facial este denumit\u0103 \u0219i Hollywood Facial, este un tratament de rejuvenarea facial\u0103, destinat \u00eembun\u0103t\u0103\u021birii tenului problematic, obosit, diminuarea ridurilor fine \u0219i stimularea regener\u0103rii celulare.<\/p>\n\n\n\n<a class=\"gb-button gb-button-d40494ea gb-button-text\" href=\"https:\/\/mistyrose-fox-409623.hostingersite.com\/ro\/servicii-medicale\/dermatologie-estetica\/tratamente-faciale\/fireandice\/\" rel=\"noopener\">Mai mult<\/a>\n\n<\/div>\n<\/div>","protected":false},"excerpt":{"rendered":"<p>Botox Botoxul este o protein\u0103 produs\u0103 de microbul Clostridium botulinum. \u00cen Dermatologia Estetic\u0103 Botoxul este folosit pentru eliminarea ridurilor faciale &#8230; <\/p>\n<p class=\"read-more-container\"><a title=\"Tratamente faciale\" class=\"read-more button\" href=\"https:\/\/dryfanti.gr\/ro\/servicii-medicale\/dermatologie-estetica\/tratamente-faciale\/#more-3046\" aria-label=\"More on Tratamente faciale\">Mai mult<\/a><\/p>\n","protected":false},"author":14,"featured_media":4418,"parent":1954,"menu_order":0,"comment_status":"closed","ping_status":"closed","template":"","meta":{"footnotes":""},"class_list":["post-3046","page","type-page","status-publish","has-post-thumbnail"],"_links":{"self":[{"href":"https:\/\/dryfanti.gr\/ro\/wp-json\/wp\/v2\/pages\/3046","targetHints":{"allow":["GET"]}}],"collection":[{"href":"https:\/\/dryfanti.gr\/ro\/wp-json\/wp\/v2\/pages"}],"about":[{"href":"https:\/\/dryfanti.gr\/ro\/wp-json\/wp\/v2\/types\/page"}],"author":[{"embeddable":true,"href":"https:\/\/dryfanti.gr\/ro\/wp-json\/wp\/v2\/users\/14"}],"replies":[{"embeddable":true,"href":"https:\/\/dryfanti.gr\/ro\/wp-json\/wp\/v2\/comments?post=3046"}],"version-history":[{"count":20,"href":"https:\/\/dryfanti.gr\/ro\/wp-json\/wp\/v2\/pages\/3046\/revisions"}],"predecessor-version":[{"id":4232,"href":"https:\/\/dryfanti.gr\/ro\/wp-json\/wp\/v2\/pages\/3046\/revisions\/4232"}],"up":[{"embeddable":true,"href":"https:\/\/dryfanti.gr\/ro\/wp-json\/wp\/v2\/pages\/1954"}],"wp:featuredmedia":[{"embeddable":true,"href":"https:\/\/dryfanti.gr\/ro\/wp-json\/wp\/v2\/media\/4418"}],"wp:attachment":[{"href":"https:\/\/dryfanti.gr\/ro\/wp-json\/wp\/v2\/media?parent=3046"}],"curies":[{"name":"wp","href":"https:\/\/api.w.org\/{rel}","templated":true}]}}