{"id":2129,"date":"2023-06-22T09:24:14","date_gmt":"2023-06-22T06:24:14","guid":{"rendered":"https:\/\/mistyrose-fox-409623.hostingersite.com\/?page_id=2129"},"modified":"2023-10-24T10:19:59","modified_gmt":"2023-10-24T07:19:59","slug":"dermatologie-clinica","status":"publish","type":"page","link":"https:\/\/dryfanti.gr\/ro\/servicii-medicale\/dermatologie-clinica\/","title":{"rendered":"Dermatologie Clinic\u0103"},"content":{"rendered":"<div class=\"gb-container gb-container-ef7dad7d services-landing-section1\">\n<div class=\"gb-container gb-container-08871145 inner-container\">\n\n<h2 class=\"gb-headline gb-headline-51616604 gb-headline-text\">C\u0103derea P\u0103rului &#8211; Trihograma &#8211; Trihoscopie<\/h2>\n\n\n\n<p><strong>Alopecia sau c\u0103derea p\u0103rului<\/strong>\u00a0este deficitul sau r\u0103rirea firelor ale capului sau corpului. Alopeciile se \u00eempart \u00een\u00a0<strong>cicatrizant\u0103<\/strong>\u00a0\u0219i\u00a0<strong>non \u2013 cicatrizant\u0103<\/strong>. La\u00a0<strong>alopeciile cicatrizante<\/strong>\u00a0pielea este atrofic\u0103 sau cicatrizant\u0103, iar firele de p\u0103r nu se regenereaz\u0103 datorit\u0103 distrugerii foliculilor.<\/p>\n\n\n\n<a class=\"gb-button gb-button-1048d5b7 gb-button-text\" href=\"\/ro\/iatrikes-ypiresies\/kliniki-dermatologia\/trichoptosi-trichorizogramma-trichoskopisi\/\">Mai mult<\/a>\n\n<\/div>\n\n<div class=\"gb-container gb-container-7ea5dc33 inner-container\">\n\n<h2 class=\"gb-headline gb-headline-5d5f6eea gb-headline-text\">Acnee &#8211; Cicatrice Acnee<\/h2>\n\n\n\n<p>Acnea este o afec\u021biune inflamatorie cronic\u0103 a foliculului pilosebaceu caracterizat\u0103 printr-o diversitate a leziunilor precum comedoane, papule, pustule, chisturile \u0219i nodulii. \u00cen func\u021bie de leziunile preponderente se \u00eemparte \u00een comedonian\u0103, papulo-pustuloas\u0103 sau nodulo-chistic\u0103.<\/p>\n\n\n\n<a class=\"gb-button gb-button-11b91032 gb-button-text\" href=\"\/ro\/iatrikes-ypiresies\/kliniki-dermatologia\/akmi-oules-akmis\/\">Mai mult<\/a>\n\n<\/div>\n\n<div class=\"gb-container gb-container-51885e50 inner-container\">\n\n<h2 class=\"gb-headline gb-headline-6a4a6c2b gb-headline-text\">Nevi &#8211; Dermatoscopie Computerizat\u0103<\/h2>\n\n\n\n<p><strong>Nevii<\/strong>\u00a0(altfel cunoscu\u021bi ca \u2018\u2019aluni\u021be\u2019\u2019) sunt de regul\u0103 tumori benigne cutanate. Nevii melanocitari pot ap\u0103rea cu o mare diversitate vizual\u0103. Pla\u021bi, excrescen\u021bi sau \u0219i papilari, nevii pot varia ca \u0219i culoare, de la roz p\u00e2n\u0103 la maro \u00eenchis sau negru, iar ca m\u0103rime de la c\u00e2\u021biva milimetri la mai mul\u021bi centimetri.<\/p>\n\n\n\n<a class=\"gb-button gb-button-6236f11d gb-button-text\" href=\"\/ro\/iatrikes-ypiresies\/kliniki-dermatologia\/spiloi-psifiaki-dermatoskopisi-chartografisi-spilon\/\">Mai mult<\/a>\n\n<\/div>\n\n<div class=\"gb-container gb-container-9249a766 inner-container\">\n\n<h2 class=\"gb-headline gb-headline-ed1a4bc5 gb-headline-text\">Cancer De Piele<\/h2>\n\n\n\n<p>Cancerul de piele este cea mai \u00eent\u00e2lnit\u0103 form\u0103 de cancer.v Este foarte \u00eent\u00e2lnit \u00een \u021b\u0103rile cu radia\u021bie solar\u0103 crescut\u0103 precum Grecia. Este \u00eent\u00e2lnit mai des \u00een zonele corpului care sunt mai expuse radia\u021biilor solare, f\u0103r\u0103 totu\u0219i s\u0103 fie exclus s\u0103 apar\u0103 \u0219i \u00een zonele ce nu sunt expuse.<\/p>\n\n\n\n<a class=\"gb-button gb-button-71d818bc gb-button-text\" href=\"\/ro\/iatrikes-ypiresies\/kliniki-dermatologia\/karkinos-tou-dermatos\/\">Mai mult<\/a>\n\n<\/div>\n\n<div class=\"gb-container gb-container-8b08ff8f inner-container\">\n\n<p>Virusul HPV (Human Papilloma Virus) este responsabil pentru una dintre cele mai r\u0103sp\u00e2ndite boli cu transmitere sexuala. Se estimeaz\u0103 c\u0103 80% dintre femei \u0219i b\u0103rba\u021bi vor fi afecta\u021bi la un moment din viata lor cu virusul.<\/p>\n\n<\/div>\n\n<div class=\"gb-container gb-container-7393a0a7 inner-container\">\n\n<h2 class=\"gb-headline gb-headline-4eb2ab08 gb-headline-text\">Onicomicoza<\/h2>\n\n\n\n<p><strong>Onicomicoza<\/strong>\u00a0este infec\u021bia unghiilor cu ciuperci care afecteaz\u0103 at\u00e2t unghiile m\u00e2inilor c\u00e2t \u0219i pe cele ale picioarelor. La m\u00e2ini apar de obicei ciuperci de genul Candida pe c\u00e2nd la picioare apar \u00een principal dermatofi\u021bii. Afec\u021biunea afecteaz\u0103 ambele sexe indiferent de v\u00e2rst\u0103.<\/p>\n\n\n\n<a class=\"gb-button gb-button-8f4e8dcd gb-button-text\" href=\"\/ro\/iatrikes-ypiresies\/kliniki-dermatologia\/onychomykitiasi\/\">Mai mult<\/a>\n\n<\/div>\n<\/div>","protected":false},"excerpt":{"rendered":"<p>C\u0103derea P\u0103rului &#8211; Trihograma &#8211; Trihoscopie Alopecia sau c\u0103derea p\u0103rului\u00a0este deficitul sau r\u0103rirea firelor ale capului sau corpului. Alopeciile se &#8230; <\/p>\n<p class=\"read-more-container\"><a title=\"Dermatologie Clinic\u0103\" class=\"read-more button\" href=\"https:\/\/dryfanti.gr\/ro\/servicii-medicale\/dermatologie-clinica\/#more-2129\" aria-label=\"More on Dermatologie Clinic\u0103\">Mai mult<\/a><\/p>\n","protected":false},"author":14,"featured_media":2945,"parent":2118,"menu_order":0,"comment_status":"closed","ping_status":"closed","template":"","meta":{"footnotes":""},"class_list":["post-2129","page","type-page","status-publish","has-post-thumbnail"],"_links":{"self":[{"href":"https:\/\/dryfanti.gr\/ro\/wp-json\/wp\/v2\/pages\/2129","targetHints":{"allow":["GET"]}}],"collection":[{"href":"https:\/\/dryfanti.gr\/ro\/wp-json\/wp\/v2\/pages"}],"about":[{"href":"https:\/\/dryfanti.gr\/ro\/wp-json\/wp\/v2\/types\/page"}],"author":[{"embeddable":true,"href":"https:\/\/dryfanti.gr\/ro\/wp-json\/wp\/v2\/users\/14"}],"replies":[{"embeddable":true,"href":"https:\/\/dryfanti.gr\/ro\/wp-json\/wp\/v2\/comments?post=2129"}],"version-history":[{"count":6,"href":"https:\/\/dryfanti.gr\/ro\/wp-json\/wp\/v2\/pages\/2129\/revisions"}],"predecessor-version":[{"id":3098,"href":"https:\/\/dryfanti.gr\/ro\/wp-json\/wp\/v2\/pages\/2129\/revisions\/3098"}],"up":[{"embeddable":true,"href":"https:\/\/dryfanti.gr\/ro\/wp-json\/wp\/v2\/pages\/2118"}],"wp:featuredmedia":[{"embeddable":true,"href":"https:\/\/dryfanti.gr\/ro\/wp-json\/wp\/v2\/media\/2945"}],"wp:attachment":[{"href":"https:\/\/dryfanti.gr\/ro\/wp-json\/wp\/v2\/media?parent=2129"}],"curies":[{"name":"wp","href":"https:\/\/api.w.org\/{rel}","templated":true}]}}