{"id":2118,"date":"2023-06-21T17:03:40","date_gmt":"2023-06-21T14:03:40","guid":{"rendered":"https:\/\/mistyrose-fox-409623.hostingersite.com\/?page_id=2118"},"modified":"2023-10-24T10:18:00","modified_gmt":"2023-10-24T07:18:00","slug":"servicii-medicale","status":"publish","type":"page","link":"https:\/\/dryfanti.gr\/ro\/servicii-medicale\/","title":{"rendered":"Servicii Medicale"},"content":{"rendered":"<div class=\"gb-container gb-container-ef7dad7d services-landing-section1\">\n<div class=\"gb-container gb-container-08871145 inner-container\">\n\n<h2 class=\"gb-headline gb-headline-51616604 gb-headline-text\">Dermatologie Clinic\u0103<\/h2>\n\n\n\n<p>Dermatologia clinic\u0103 se ocup\u0103 at\u00e2t de tratarea infec\u021biilor \u0219i a problemelor dermatologice temporare, c\u00e2t \u0219i de managementul afec\u021biunilor cronice ale pielii care necesit\u0103 o monitorizare constant\u0103.<\/p>\n\n\n\n<a class=\"gb-button gb-button-1048d5b7 gb-button-text\" href=\"\/ro\/iatrikes-ypiresies\/kliniki-dermatologia\/\">Mai mult<\/a>\n\n<\/div>\n\n<div class=\"gb-container gb-container-7ea5dc33 inner-container\">\n\n<h2 class=\"gb-headline gb-headline-5d5f6eea gb-headline-text\">Chirugie Dermatologic\u0103<\/h2>\n\n\n\n<p>Dermatochirurgia este o ramur\u0103 specializat\u0103 a Medicinei Chirurgicale \u0219i Dermatologiei, care se ocup\u0103 cu diagnosticarea \u0219i tratamentul diferitelor afec\u021biuni ale pielii, prin metode chirurgicale, nechirurgicale, estetice \u0219i de restaurare. Scopul principal al Dermatochirurgiei este refacerea diferitelor afec\u021biuni ale pielii, precum \u0219i \u00eembun\u0103t\u0103\u021birea func\u021bionalit\u0103\u021bii \u0219i aspectului acesteia.<\/p>\n\n\n\n<a class=\"gb-button gb-button-11b91032 gb-button-text\" href=\"\/ro\/medical-services\/dermatocheirourgiki\/\">Mai mult<\/a>\n\n<\/div>\n\n<div class=\"gb-container gb-container-51885e50 inner-container\">\n\n<h2 class=\"gb-headline gb-headline-6a4a6c2b gb-headline-text\">Dermatolgie Estetic\u0103<\/h2>\n\n\n\n<p>Oferim servicii complete de tratamente faciale si corporale. Dermatologia estetic\u0103 este o ramur\u0103 a dermatologiei care se concentreaz\u0103 pe \u00eembun\u0103t\u0103\u021birea aspectului pielii \u0219i pe tratarea problemelor estetice. Include tratamentul \u00eemb\u0103tr\u00e2nirii, ridurilor, pierderii fermit\u0103\u021bii, cicatricilor, celulitei \u0219i a altor probleme cosmetice ale pielii<\/p>\n\n\n\n<a class=\"gb-button gb-button-6236f11d gb-button-text\" href=\"\/ro\/iatrikes-ypiresies\/aisthitiki-dermatologia\/\">Mai mult<\/a>\n\n<\/div>\n\n<div class=\"gb-container gb-container-9249a766 inner-container\">\n\n<h2 class=\"gb-headline gb-headline-ed1a4bc5 gb-headline-text\">Dermatologie Copii<\/h2>\n\n\n\n<p>Un dermatolog specializat este tot ce ai nevoie pentru \u00eengrijirea pielii copiilor t\u0103i. Diagnosticul bolilor de piele la copii are anumite particularit\u0103\u021bi. Unele afec\u021biuni ale pielii apar doar \u00een copil\u0103rie sau se manifest\u0103 diferit dec\u00e2t la adul\u021bi. Din acest motiv este necesar diagnosticul si abordarea terapeutica a unui Dermatolog specializat<\/p>\n\n\n\n<a class=\"gb-button gb-button-71d818bc gb-button-text\" href=\"\/ro\/iatrikes-ypiresies\/paidodermatologia\/\">Mai mult<\/a>\n\n<\/div>\n<\/div>","protected":false},"excerpt":{"rendered":"<p>Dermatologie Clinic\u0103 Dermatologia clinic\u0103 se ocup\u0103 at\u00e2t de tratarea infec\u021biilor \u0219i a problemelor dermatologice temporare, c\u00e2t \u0219i de managementul afec\u021biunilor &#8230; <\/p>\n<p class=\"read-more-container\"><a title=\"Servicii Medicale\" class=\"read-more button\" href=\"https:\/\/dryfanti.gr\/ro\/servicii-medicale\/#more-2118\" aria-label=\"More on Servicii Medicale\">Mai mult<\/a><\/p>\n","protected":false},"author":14,"featured_media":0,"parent":0,"menu_order":0,"comment_status":"closed","ping_status":"closed","template":"","meta":{"footnotes":""},"class_list":["post-2118","page","type-page","status-publish"],"_links":{"self":[{"href":"https:\/\/dryfanti.gr\/ro\/wp-json\/wp\/v2\/pages\/2118","targetHints":{"allow":["GET"]}}],"collection":[{"href":"https:\/\/dryfanti.gr\/ro\/wp-json\/wp\/v2\/pages"}],"about":[{"href":"https:\/\/dryfanti.gr\/ro\/wp-json\/wp\/v2\/types\/page"}],"author":[{"embeddable":true,"href":"https:\/\/dryfanti.gr\/ro\/wp-json\/wp\/v2\/users\/14"}],"replies":[{"embeddable":true,"href":"https:\/\/dryfanti.gr\/ro\/wp-json\/wp\/v2\/comments?post=2118"}],"version-history":[{"count":9,"href":"https:\/\/dryfanti.gr\/ro\/wp-json\/wp\/v2\/pages\/2118\/revisions"}],"predecessor-version":[{"id":3127,"href":"https:\/\/dryfanti.gr\/ro\/wp-json\/wp\/v2\/pages\/2118\/revisions\/3127"}],"wp:attachment":[{"href":"https:\/\/dryfanti.gr\/ro\/wp-json\/wp\/v2\/media?parent=2118"}],"curies":[{"name":"wp","href":"https:\/\/api.w.org\/{rel}","templated":true}]}}