{"id":2114,"date":"2023-06-21T16:22:57","date_gmt":"2023-06-21T13:22:57","guid":{"rendered":"https:\/\/mistyrose-fox-409623.hostingersite.com\/?page_id=2114"},"modified":"2025-09-05T16:03:27","modified_gmt":"2025-09-05T13:03:27","slug":"dermatologie-dr-aoura-yfanti","status":"publish","type":"page","link":"https:\/\/dryfanti.gr\/ro\/dermatologie-dr-aoura-yfanti\/","title":{"rendered":"Dr. Aura Yfanti"},"content":{"rendered":"<div class=\"gb-container gb-container-54bec8d1 bio-section1\">\n<div class=\"gb-container gb-container-b405ab8e inner-container\">\n\n<h1 class=\"wp-block-heading has-text-align-center intro-title-black\">RELUA<\/h1>\n\n\n\n<h4 class=\"gb-headline gb-headline-da4f6823 gb-headline-text\">Specializare<\/h4>\n\n\n\n<p>Spitalul de Dermatologie \u0219i Venerologie din Atena \u201eAndreas Syggros\u201d<\/p>\n\n\n\n<h4 class=\"wp-block-heading\"><br>Supraspecializare<\/h4>\n\n\n\n<ul class=\"wp-block-list\">\n<li>Laboratorul de Fiziologia \u0219i Patologia P\u0103rului, Spitalul \u201eAndreas Syggros\u201d<\/li>\n\n\n\n<li>Departamentul de Dermatologie Procedural\u0103, Spitalul \u201eAndreas Syggros\u201d<\/li>\n\n\n\n<li>Curs de formare \u00een Crioterapie, Saariselka \u2013 Finlanda<\/li>\n\n\n\n<li>Seminar postuniversitar de Dermato-Pediatrie<\/li>\n\n\n\n<li>Cursuri de formare \u00een Dermatologie Estetic\u0103 (Miami \u2013 SUA, Londra \u2013 Marea Britanie, Roma \u2013 Italia, Paris \u2013 Fran\u021ba, Monaco)<\/li>\n\n\n\n<li>Curs avansat de Tricoscopie, Dr. Antonella Tosti<\/li>\n\n\n\n<li>Masterclass \u00een Ecografie Facial\u0103 Cutant\u0103, Dr. Leonie Schelke &amp; Dr. Peter Velthuis, Amsterdam \u2013 Olanda<\/li>\n\n\n\n<li>Sonoderm \u2013 Ecografie Dermatologic\u0103, Euroson School, Cluj-Napoca \u2013 Rom\u00e2nia<\/li>\n<\/ul>\n\n\n\n<h4 class=\"wp-block-heading\">Activitate profesional\u0103<\/h4>\n\n\n\n<ul class=\"wp-block-list\">\n<li>Asociat \u0219tiin\u021bific, Spitalul \u201eAndreas Syggros\u201d<\/li>\n\n\n\n<li>Laboratorul de Fiziologia \u0219i Patologia P\u0103rului<\/li>\n\n\n\n<li>Departamentul de Dermatologie Procedural\u0103<\/li>\n<\/ul>\n\n\n\n<p>Clinica de Dermatologie a Dr. Aura Yfanti din Atena ofer\u0103 servicii complete, moderne \u0219i bazate pe dovezi \u0219tiin\u021bifice \u00een dermatologia clinic\u0103 \u0219i estetic\u0103.<br>Prioritatea noastr\u0103 este abordarea individualizat\u0103 \u0219i furnizarea tratamentului cel mai adecvat, adaptat nevoilor fiec\u0103rui pacient.<\/p>\n\n\n\n<p>Filozofia noastr\u0103 este simpl\u0103\u2026.<\/p>\n\n\n\n<p><strong>Calitate | \u0218tiin\u021b\u0103 | Profesionalism<\/strong><\/p>\n\n\n\n<figure class=\"gb-block-image gb-block-image-f8309424\"><img loading=\"lazy\" decoding=\"async\" width=\"527\" height=\"213\" class=\"gb-image gb-image-f8309424\" src=\"https:\/\/dryfanti.gr\/wp-content\/uploads\/2023\/06\/signatures1.png\" alt=\"\" title=\"signatures1\" srcset=\"https:\/\/dryfanti.gr\/wp-content\/uploads\/2023\/06\/signatures1.png 527w, https:\/\/dryfanti.gr\/wp-content\/uploads\/2023\/06\/signatures1-300x121.png 300w\" sizes=\"auto, (max-width: 527px) 100vw, 527px\"><\/figure>\n\n<\/div>\n<\/div>\n\n<div class=\"gb-container gb-container-bebbc1c6 bio-section2\">\n<div class=\"gb-container gb-container-f3fbfa20 inner-container\">\n<div class=\"gb-grid-wrapper gb-grid-wrapper-de2d7acc\">\n<div class=\"gb-grid-column gb-grid-column-324a33cf\"><div class=\"gb-container gb-container-324a33cf\">\n\n<h3 class=\"gb-headline gb-headline-30247f7b gb-headline-text\">Conferin\u021be \u0219tiin\u021bifice \u0219i activitate<\/h3>\n\n\n\n<ul class=\"wp-block-list\">\n<li>Lector \u00een Conferin\u021be<\/li>\n\n\n\n<li>Instructor \u00een Centre de Preg\u0103tire Clinic\u0103<\/li>\n\n\n\n<li>Participant\u0103 la Conferin\u021be Interna\u021bionale \u0219i \u00een Grecia<\/li>\n\n\n\n<li>Articole \u0219tiin\u021bifice \u00een Bibliografia Greac\u0103 \u0219i Interna\u021bional\u0103<\/li>\n<\/ul>\n\n\n\n<h3 class=\"gb-headline gb-headline-08bc72fa gb-headline-text\">Membru unor Societati \u0218tiin\u021bifice<\/h3>\n\n\n\n<ul class=\"wp-block-list\">\n<li>Societate Greac\u0103 de Dermatologie \u0219i Venerologie<\/li>\n\n\n\n<li>Societate Greac\u0103 de Dermatoscopie<\/li>\n\n\n\n<li>Societate Greac\u0103 de Chirurgie Cutanat\u0103<\/li>\n\n\n\n<li>European Academy of Dermatology and Venereology<\/li>\n\n\n\n<li>International Society of Hair Restoration Surgery<\/li>\n\n\n\n<li>International Dermoscopy Society<\/li>\n\n\n\n<li>World Society of Anti-aging Medicine<\/li>\n\n\n\n<li>European Organisation of Scientific Anti-Aging Medicine<\/li>\n<\/ul>\n\n<\/div><\/div>\n\n<div class=\"gb-grid-column gb-grid-column-78c8d4e0\"><div class=\"gb-container gb-container-78c8d4e0\">\n\n<figure class=\"gb-block-image gb-block-image-1b6361a7\"><img loading=\"lazy\" decoding=\"async\" width=\"940\" height=\"788\" class=\"gb-image gb-image-1b6361a7\" src=\"https:\/\/dryfanti.gr\/wp-content\/uploads\/2023\/11\/beauty-diaries-podcast-.jpg\" alt=\"\" title=\"beauty-diaries-podcast\" data-aos=\"fade-left\" srcset=\"https:\/\/dryfanti.gr\/wp-content\/uploads\/2023\/11\/beauty-diaries-podcast-.jpg 940w, https:\/\/dryfanti.gr\/wp-content\/uploads\/2023\/11\/beauty-diaries-podcast--300x251.jpg 300w, https:\/\/dryfanti.gr\/wp-content\/uploads\/2023\/11\/beauty-diaries-podcast--768x644.jpg 768w\" sizes=\"auto, (max-width: 940px) 100vw, 940px\"><\/figure>\n\n<\/div><\/div>\n<\/div>\n<\/div>\n<\/div>\n\n<div class=\"gb-container gb-container-c27a777a bio-section3\">\n<div class=\"gb-container gb-container-3a9f33a5 inner-container\">\n\n<figure class=\"wp-block-gallery has-nested-images columns-5 wp-block-gallery-1 is-layout-flex wp-block-gallery-is-layout-flex\">\n<figure class=\"wp-block-image size-full\"><img loading=\"lazy\" decoding=\"async\" width=\"111\" height=\"54\" data-id=\"4017\" src=\"https:\/\/dryfanti.gr\/wp-content\/uploads\/2023\/11\/logo-06-n.jpg\" alt=\"\" class=\"wp-image-4017\"><\/figure>\n\n\n\n<figure class=\"wp-block-image size-full\"><img loading=\"lazy\" decoding=\"async\" width=\"111\" height=\"54\" data-id=\"4020\" src=\"https:\/\/dryfanti.gr\/wp-content\/uploads\/2023\/11\/logo-07-n.jpg\" alt=\"\" class=\"wp-image-4020\"><\/figure>\n\n\n\n<figure class=\"wp-block-image size-full\"><img loading=\"lazy\" decoding=\"async\" width=\"111\" height=\"54\" data-id=\"4023\" src=\"https:\/\/dryfanti.gr\/wp-content\/uploads\/2023\/11\/logo-08-n.jpg\" alt=\"\" class=\"wp-image-4023\"><\/figure>\n\n\n\n<figure class=\"wp-block-image size-full\"><img loading=\"lazy\" decoding=\"async\" width=\"111\" height=\"54\" data-id=\"4036\" src=\"https:\/\/dryfanti.gr\/wp-content\/uploads\/2023\/11\/logo-03-n.jpg\" alt=\"\" class=\"wp-image-4036\"><\/figure>\n\n\n\n<figure class=\"wp-block-image size-full\"><img loading=\"lazy\" decoding=\"async\" width=\"111\" height=\"54\" data-id=\"4029\" src=\"https:\/\/dryfanti.gr\/wp-content\/uploads\/2023\/11\/logo-01-n.jpg\" alt=\"\" class=\"wp-image-4029\"><\/figure>\n\n\n\n<figure class=\"wp-block-image size-full\"><img loading=\"lazy\" decoding=\"async\" width=\"111\" height=\"54\" data-id=\"4014\" src=\"https:\/\/dryfanti.gr\/wp-content\/uploads\/2023\/11\/logo-05-n.jpg\" alt=\"\" class=\"wp-image-4014\"><\/figure>\n\n\n\n<figure class=\"wp-block-image size-full\"><img loading=\"lazy\" decoding=\"async\" width=\"111\" height=\"54\" data-id=\"4032\" src=\"https:\/\/dryfanti.gr\/wp-content\/uploads\/2023\/11\/logo-02-n.jpg\" alt=\"\" class=\"wp-image-4032\"><\/figure>\n\n\n\n<figure class=\"wp-block-image size-full\"><img loading=\"lazy\" decoding=\"async\" width=\"111\" height=\"54\" data-id=\"4039\" src=\"https:\/\/dryfanti.gr\/wp-content\/uploads\/2023\/11\/logo-04-n.jpg\" alt=\"\" class=\"wp-image-4039\"><\/figure>\n\n\n\n<figure class=\"wp-block-image size-full\"><img loading=\"lazy\" decoding=\"async\" width=\"111\" height=\"54\" data-id=\"4026\" src=\"https:\/\/dryfanti.gr\/wp-content\/uploads\/2023\/11\/logo-09-n.jpg\" alt=\"\" class=\"wp-image-4026\"><\/figure>\n\n\n\n<figure class=\"wp-block-image size-full\"><img loading=\"lazy\" decoding=\"async\" width=\"111\" height=\"54\" data-id=\"4046\" src=\"https:\/\/dryfanti.gr\/wp-content\/uploads\/2023\/11\/logo-trans.png\" alt=\"\" class=\"wp-image-4046\"><\/figure>\n<\/figure>\n\n<\/div>\n<\/div>","protected":false},"excerpt":{"rendered":"<p>RELUA Specializare Spitalul de Dermatologie \u0219i Venerologie din Atena \u201eAndreas Syggros\u201d Supraspecializare Activitate profesional\u0103 Clinica de Dermatologie a Dr. Aura &#8230; <\/p>\n<p class=\"read-more-container\"><a title=\"Dr. Aura Yfanti\" class=\"read-more button\" href=\"https:\/\/dryfanti.gr\/ro\/dermatologie-dr-aoura-yfanti\/#more-2114\" aria-label=\"More on Dr. Aura Yfanti\">Mai mult<\/a><\/p>\n","protected":false},"author":14,"featured_media":4410,"parent":0,"menu_order":0,"comment_status":"closed","ping_status":"closed","template":"","meta":{"footnotes":""},"class_list":["post-2114","page","type-page","status-publish","has-post-thumbnail"],"_links":{"self":[{"href":"https:\/\/dryfanti.gr\/ro\/wp-json\/wp\/v2\/pages\/2114","targetHints":{"allow":["GET"]}}],"collection":[{"href":"https:\/\/dryfanti.gr\/ro\/wp-json\/wp\/v2\/pages"}],"about":[{"href":"https:\/\/dryfanti.gr\/ro\/wp-json\/wp\/v2\/types\/page"}],"author":[{"embeddable":true,"href":"https:\/\/dryfanti.gr\/ro\/wp-json\/wp\/v2\/users\/14"}],"replies":[{"embeddable":true,"href":"https:\/\/dryfanti.gr\/ro\/wp-json\/wp\/v2\/comments?post=2114"}],"version-history":[{"count":8,"href":"https:\/\/dryfanti.gr\/ro\/wp-json\/wp\/v2\/pages\/2114\/revisions"}],"predecessor-version":[{"id":4788,"href":"https:\/\/dryfanti.gr\/ro\/wp-json\/wp\/v2\/pages\/2114\/revisions\/4788"}],"wp:featuredmedia":[{"embeddable":true,"href":"https:\/\/dryfanti.gr\/ro\/wp-json\/wp\/v2\/media\/4410"}],"wp:attachment":[{"href":"https:\/\/dryfanti.gr\/ro\/wp-json\/wp\/v2\/media?parent=2114"}],"curies":[{"name":"wp","href":"https:\/\/api.w.org\/{rel}","templated":true}]}}