{"id":2107,"date":"2023-06-22T09:24:58","date_gmt":"2023-06-22T06:24:58","guid":{"rendered":"https:\/\/mistyrose-fox-409623.hostingersite.com\/?page_id=2107"},"modified":"2023-10-25T15:07:38","modified_gmt":"2023-10-25T12:07:38","slug":"dermatologie-copii","status":"publish","type":"page","link":"https:\/\/dryfanti.gr\/ro\/servicii-medicale\/dermatologie-copii\/","title":{"rendered":"Dermatologie Copii"},"content":{"rendered":"<div class=\"gb-container gb-container-ec1ae282 single-service-section1\">\n<div class=\"gb-container gb-container-d5e60f0c inner-container\">\n<div class=\"gb-grid-wrapper gb-grid-wrapper-18382fc1\">\n<div class=\"gb-grid-column gb-grid-column-b259f8d1\"><div class=\"gb-container gb-container-b259f8d1\">\n\n<div class=\"wp-block-columns is-layout-flex wp-container-core-columns-is-layout-9d6595d7 wp-block-columns-is-layout-flex\">\n<div class=\"wp-block-column is-layout-flow wp-block-column-is-layout-flow\">\n<p>Diagnosticarea afec\u021biunilor cutanate la copii prezint\u0103 anumite particularit\u0103\u021bi.<\/p>\n\n\n\n<p>Anumite afec\u021biuni cutanate apar doar \u00een copil\u0103rie sau se manifest\u0103 diferit dec\u00e2t la adul\u021bi.<\/p>\n\n\n\n<p>Pentru acest motiv este necesar\u0103 diagnosticarea \u0219i abordarea terapeutic\u0103 de c\u0103tre un medic Dermatolog specialist.<\/p>\n<\/div>\n\n\n\n<div class=\"wp-block-column is-layout-flow wp-block-column-is-layout-flow\">\n<figure class=\"wp-block-image size-full\"><img loading=\"lazy\" decoding=\"async\" width=\"500\" height=\"334\" src=\"http:\/\/dryfanti.gr\/wp-content\/uploads\/2023\/09\/paidodermatologia.jpg\" alt=\"\" class=\"wp-image-2888\" style=\"object-fit:cover\" srcset=\"https:\/\/dryfanti.gr\/wp-content\/uploads\/2023\/09\/paidodermatologia.jpg 500w, https:\/\/dryfanti.gr\/wp-content\/uploads\/2023\/09\/paidodermatologia-300x200.jpg 300w\" sizes=\"auto, (max-width: 500px) 100vw, 500px\" \/><\/figure>\n<\/div>\n<\/div>\n\n<\/div><\/div>\n<\/div>\n\n\n<p>Situa\u021biile cu care ne confrunt\u0103m de obicei \u00een cadrul Cabinetului nostru de Dermatologie sunt:<\/p>\n\n\n\n<ul class=\"wp-block-list\">\n<li><strong>Dermatita atopic\u0103:<\/strong>&nbsp;Este o dermatit\u0103 recidivant\u0103 inflamatorie cronic\u0103 \u0219i este cel mai des tip de dermatit\u0103 \u00eent\u00e2lnit\u0103 la copii.<\/li>\n\n\n\n<li><strong>Dermatita seboreic\u0103:<\/strong>&nbsp;Este o form\u0103 de eczema, \u00eent\u00e2lnit\u0103 des \u00een primele 10 s\u0103pt\u0103m\u00e2ni de via\u021b\u0103. Afecteaz\u0103 \u00een principal scalpul (crusta de lapte) \u0219i fa\u021ba.<\/li>\n\n\n\n<li><strong>Acnea:<\/strong>&nbsp;Printre cele mai des \u00eent\u00e2lnite afec\u021biuni, \u00een special \u00een perioada de pubertate. Se prezint\u0103 ca o erup\u021bie cutanat\u0103 cronic\u0103 pe fa\u021b\u0103 si corp datorit\u0103 inflama\u021biei folicului pilosebaceu. Aceasta variaz\u0103 \u00een func\u021bie de gravitate \u0219i evolu\u021bie.<\/li>\n\n\n\n<li><strong>Infec\u021bii fungice &#8211; Pediculoz\u0103.<\/strong><\/li>\n\n\n\n<li><strong>Hemangioamele \u0219i malforma\u021bii vasculare.<\/strong><\/li>\n\n\n\n<li><strong>Infec\u021bii virale<\/strong>&nbsp;precum&nbsp;<strong>negii<\/strong>&nbsp;\u0219i&nbsp;<strong>molluscum contagiosum.<\/strong><\/li>\n<\/ul>\n\n<\/div>\n<\/div>","protected":false},"excerpt":{"rendered":"<p>Situa\u021biile cu care ne confrunt\u0103m de obicei \u00een cadrul Cabinetului nostru de Dermatologie sunt:<\/p>\n","protected":false},"author":14,"featured_media":2942,"parent":2118,"menu_order":0,"comment_status":"closed","ping_status":"closed","template":"","meta":{"footnotes":""},"class_list":["post-2107","page","type-page","status-publish","has-post-thumbnail"],"_links":{"self":[{"href":"https:\/\/dryfanti.gr\/ro\/wp-json\/wp\/v2\/pages\/2107","targetHints":{"allow":["GET"]}}],"collection":[{"href":"https:\/\/dryfanti.gr\/ro\/wp-json\/wp\/v2\/pages"}],"about":[{"href":"https:\/\/dryfanti.gr\/ro\/wp-json\/wp\/v2\/types\/page"}],"author":[{"embeddable":true,"href":"https:\/\/dryfanti.gr\/ro\/wp-json\/wp\/v2\/users\/14"}],"replies":[{"embeddable":true,"href":"https:\/\/dryfanti.gr\/ro\/wp-json\/wp\/v2\/comments?post=2107"}],"version-history":[{"count":4,"href":"https:\/\/dryfanti.gr\/ro\/wp-json\/wp\/v2\/pages\/2107\/revisions"}],"predecessor-version":[{"id":3510,"href":"https:\/\/dryfanti.gr\/ro\/wp-json\/wp\/v2\/pages\/2107\/revisions\/3510"}],"up":[{"embeddable":true,"href":"https:\/\/dryfanti.gr\/ro\/wp-json\/wp\/v2\/pages\/2118"}],"wp:featuredmedia":[{"embeddable":true,"href":"https:\/\/dryfanti.gr\/ro\/wp-json\/wp\/v2\/media\/2942"}],"wp:attachment":[{"href":"https:\/\/dryfanti.gr\/ro\/wp-json\/wp\/v2\/media?parent=2107"}],"curies":[{"name":"wp","href":"https:\/\/api.w.org\/{rel}","templated":true}]}}