{"id":2101,"date":"2023-09-15T15:58:44","date_gmt":"2023-09-15T12:58:44","guid":{"rendered":"https:\/\/mistyrose-fox-409623.hostingersite.com\/?page_id=2101"},"modified":"2023-10-24T10:30:45","modified_gmt":"2023-10-24T07:30:45","slug":"vergeturi","status":"publish","type":"page","link":"https:\/\/dryfanti.gr\/ro\/servicii-medicale\/dermatologie-estetica\/tratamente-corporale\/vergeturi\/","title":{"rendered":"Vergeturi"},"content":{"rendered":"<div class=\"gb-container gb-container-ec1ae282 single-service-section1\">\n<div class=\"gb-container gb-container-d5e60f0c inner-container\">\n\n<h2 class=\"gb-headline gb-headline-be58f080 gb-headline-text\">Ce sunt vergeturile?<\/h2>\n\n\n\n<p>Vergeturile sunt o form\u0103 de cicatrici ap\u0103rute \u00een straturile mai ad\u00e2nci ale pielii.<\/p>\n\n\n\n<p>Acestea pot avea culoarea pielii sau o tent\u0103 ro\u0219ie-violet\u0103 (dac\u0103 sunt recent ap\u0103rute).<\/p>\n\n\n\n<div class=\"wp-block-columns is-layout-flex wp-container-core-columns-is-layout-9d6595d7 wp-block-columns-is-layout-flex\">\n<div class=\"wp-block-column is-layout-flow wp-block-column-is-layout-flow\" style=\"flex-basis:66.66%\">\n<h2 class=\"wp-block-heading\">\u00cen ce cazuri apar?<\/h2>\n\n\n\n<ul class=\"wp-block-list\">\n<li>Apar ca urmare a cre\u0219terii greut\u0103\u021bii corporale.<\/li>\n\n\n\n<li>Dup\u0103 o cre\u0219tere brusc\u0103 \u00een \u00een\u0103l\u021bime.<\/li>\n\n\n\n<li>\u00cen timpul pubert\u0103\u021bii sau \u00een timpul sarcinii.<\/li>\n\n\n\n<li>Dup\u0103 tratament medicamentos.<\/li>\n\n\n\n<li>\u00cen cazurile deregl\u0103rii hormonale.<\/li>\n<\/ul>\n\n\n\n<h2 class=\"gb-headline gb-headline-a9f6412e gb-headline-text\">Care sunt procedurile uzuale pentru combaterea acestor\u0103?<\/h2>\n\n\n\n<ul class=\"wp-block-list\">\n<li>Prevenirea prin aplicarea unor lo\u021biuni speciale.<\/li>\n\n\n\n<li>Dermabraziune sau peeling chimic.<\/li>\n\n\n\n<li>Tratamentele Microneedling \u0219i injectarea direct \u00een vergeturi.<\/li>\n\n\n\n<li>Tratamentul Carboxytherapy (Gas Contouring).<\/li>\n\n\n\n<li>Tratamentul Laser CO2 Fractional sau Fractional RF<\/li>\n<\/ul>\n<\/div>\n\n\n\n<div class=\"wp-block-column is-layout-flow wp-block-column-is-layout-flow\" style=\"flex-basis:33.33%\">\n<figure class=\"gb-block-image gb-block-image-c75e5cf0\"><img loading=\"lazy\" decoding=\"async\" width=\"500\" height=\"334\" class=\"gb-image gb-image-c75e5cf0\" src=\"http:\/\/dryfanti.gr\/wp-content\/uploads\/2023\/09\/ragades-somatos.jpg\" alt=\"\" title=\"\u03a1\u03b1\u03b3\u03ac\u03b4\u03b5\u03c2\" srcset=\"https:\/\/dryfanti.gr\/wp-content\/uploads\/2023\/09\/ragades-somatos.jpg 500w, https:\/\/dryfanti.gr\/wp-content\/uploads\/2023\/09\/ragades-somatos-300x200.jpg 300w\" sizes=\"auto, (max-width: 500px) 100vw, 500px\"><\/figure>\n<\/div>\n<\/div>\n\n\n\n<p>Num\u0103rul de \u0219edin\u021be este personalizat \u0219i trebuie s\u0103 fim \u00eentotdeauna reali\u0219ti cu privire la rezultate, \u00een special \u00een cazul vergeturilor vechi \u0219i a celor albe.<\/p>\n\n<\/div>\n<\/div>","protected":false},"excerpt":{"rendered":"<p>Ce sunt vergeturile? Vergeturile sunt o form\u0103 de cicatrici ap\u0103rute \u00een straturile mai ad\u00e2nci ale pielii. Acestea pot avea culoarea &#8230; <\/p>\n<p class=\"read-more-container\"><a title=\"Vergeturi\" class=\"read-more button\" href=\"https:\/\/dryfanti.gr\/ro\/servicii-medicale\/dermatologie-estetica\/tratamente-corporale\/vergeturi\/#more-2101\" aria-label=\"More on Vergeturi\">Mai mult<\/a><\/p>\n","protected":false},"author":14,"featured_media":2985,"parent":3050,"menu_order":0,"comment_status":"closed","ping_status":"closed","template":"","meta":{"footnotes":""},"class_list":["post-2101","page","type-page","status-publish","has-post-thumbnail"],"_links":{"self":[{"href":"https:\/\/dryfanti.gr\/ro\/wp-json\/wp\/v2\/pages\/2101","targetHints":{"allow":["GET"]}}],"collection":[{"href":"https:\/\/dryfanti.gr\/ro\/wp-json\/wp\/v2\/pages"}],"about":[{"href":"https:\/\/dryfanti.gr\/ro\/wp-json\/wp\/v2\/types\/page"}],"author":[{"embeddable":true,"href":"https:\/\/dryfanti.gr\/ro\/wp-json\/wp\/v2\/users\/14"}],"replies":[{"embeddable":true,"href":"https:\/\/dryfanti.gr\/ro\/wp-json\/wp\/v2\/comments?post=2101"}],"version-history":[{"count":3,"href":"https:\/\/dryfanti.gr\/ro\/wp-json\/wp\/v2\/pages\/2101\/revisions"}],"predecessor-version":[{"id":3105,"href":"https:\/\/dryfanti.gr\/ro\/wp-json\/wp\/v2\/pages\/2101\/revisions\/3105"}],"up":[{"embeddable":true,"href":"https:\/\/dryfanti.gr\/ro\/wp-json\/wp\/v2\/pages\/3050"}],"wp:featuredmedia":[{"embeddable":true,"href":"https:\/\/dryfanti.gr\/ro\/wp-json\/wp\/v2\/media\/2985"}],"wp:attachment":[{"href":"https:\/\/dryfanti.gr\/ro\/wp-json\/wp\/v2\/media?parent=2101"}],"curies":[{"name":"wp","href":"https:\/\/api.w.org\/{rel}","templated":true}]}}