{"id":2097,"date":"2023-09-15T15:56:39","date_gmt":"2023-09-15T12:56:39","guid":{"rendered":"https:\/\/mistyrose-fox-409623.hostingersite.com\/?page_id=2097"},"modified":"2023-10-25T17:45:08","modified_gmt":"2023-10-25T14:45:08","slug":"inlaturare-tatuaj","status":"publish","type":"page","link":"https:\/\/dryfanti.gr\/ro\/servicii-medicale\/dermatologie-estetica\/tratamente-corporale\/inlaturare-tatuaj\/","title":{"rendered":"\u00cenl\u0103turare Tatuaj"},"content":{"rendered":"<div class=\"gb-container gb-container-ec1ae282 single-service-section1\">\n<div class=\"gb-container gb-container-d5e60f0c inner-container\">\n<div class=\"gb-grid-wrapper gb-grid-wrapper-f651607e\">\n<div class=\"gb-grid-column gb-grid-column-6186fec4\"><div class=\"gb-container gb-container-6186fec4\">\n<div class=\"gb-grid-wrapper gb-grid-wrapper-198a0a0c\">\n<div class=\"gb-grid-column gb-grid-column-191dce25\"><div class=\"gb-container gb-container-191dce25\">\n\n<p>\u00cen ultimii ani tatuajele au cunoscut o perioad\u0103 de \u00eenflorire la nivel mondial, prin urmare a crescut \u0219i cererea continu\u0103 pentru \u00eenl\u0103turarea acestora.<\/p>\n\n<\/div><\/div>\n<\/div>\n\n\n<div class=\"wp-block-columns is-layout-flex wp-container-core-columns-is-layout-9d6595d7 wp-block-columns-is-layout-flex\">\n<div class=\"wp-block-column is-layout-flow wp-block-column-is-layout-flow\">\n<figure class=\"wp-block-image size-full\"><img loading=\"lazy\" decoding=\"async\" width=\"500\" height=\"334\" src=\"http:\/\/dryfanti.gr\/wp-content\/uploads\/2023\/09\/afairesi-tatouaz.jpg\" alt=\"\" class=\"wp-image-2916\" style=\"object-fit:cover\" srcset=\"https:\/\/dryfanti.gr\/wp-content\/uploads\/2023\/09\/afairesi-tatouaz.jpg 500w, https:\/\/dryfanti.gr\/wp-content\/uploads\/2023\/09\/afairesi-tatouaz-300x200.jpg 300w\" sizes=\"auto, (max-width: 500px) 100vw, 500px\" \/><\/figure>\n<\/div>\n\n\n\n<div class=\"wp-block-column is-layout-flow wp-block-column-is-layout-flow\">\n<p>Cea mai modern\u0103 \u0219i indicat\u0103 metod\u0103 pentru \u00eenl\u0103turarea tatuajelor este\u00a0<strong>Q-switched LASERS<\/strong>.<\/p>\n\n\n\n<p>Metoda ac\u021bioneaz\u0103 distrug\u0103nd granulele de pigment, astfel \u00eenc\u00e2t acestea devin absorbabile de c\u0103tre organism.<\/p>\n\n\n\n<p>Pentru \u00eenl\u0103turarea diferitelor culori este necesar\u0103 folosirea de Laser cu lungimi de und\u0103 diferite (Q-switched ruby laser, Q-switched Alexandrite, Q-Switched Nd:YAG).<\/p>\n<\/div>\n<\/div>\n\n<\/div><\/div>\n<\/div>\n\n\n<div class=\"wp-block-columns is-layout-flex wp-container-core-columns-is-layout-9d6595d7 wp-block-columns-is-layout-flex\">\n<div class=\"wp-block-column is-layout-flow wp-block-column-is-layout-flow\" style=\"flex-basis:100%\">\n<h2 class=\"gb-headline gb-headline-b6c2f13d gb-headline-text\">Care este num\u0103rul de \u0219edin\u021be necesare?<\/h2>\n\n\n\n<p>Num\u0103rul de \u0219edin\u021be necesare variaz\u0103 \u00een func\u021bie de:<\/p>\n\n\n\n<ul class=\"wp-block-list\">\n<li>dimensiune \u0219i zona corporal\u0103,<\/li>\n\n\n\n<li>profunzimea la care a intrat pigmentul \u0219i cantitatea acestuia,<\/li>\n\n\n\n<li>dac\u0103 este recent sau nu,<\/li>\n\n\n\n<li>dac\u0103 este efectuat \u00een mod profesional.<\/li>\n<\/ul>\n<\/div>\n<\/div>\n\n\n\n<p>Culorile \u00eenchise r\u0103spund mai bine la tratament, dec\u00e2t cele deschise.<\/p>\n\n\n\n<p>Intervalul de timp \u00eentre \u0219edin\u021be este de 5-6 s\u0103pt\u0103m\u00e2ni, iar dup\u0103 fiecare tratament este necesar\u0103 hidratarea \u0219i protec\u021bia solar\u0103.<\/p>\n\n\n\n<figure class=\"gb-block-image gb-block-image-bc87d72d\"><img loading=\"lazy\" decoding=\"async\" width=\"500\" height=\"334\" class=\"gb-image gb-image-bc87d72d\" src=\"http:\/\/dryfanti.gr\/wp-content\/uploads\/2023\/10\/afairesi-tattou.jpg\" alt=\"\" title=\"\u0391\u03c6\u03b1\u03af\u03c1\u03b5\u03c3\u03b7 \u03a4\u03b1\u03c4\u03bf\u03c5\u03ac\u03b6\" srcset=\"https:\/\/dryfanti.gr\/wp-content\/uploads\/2023\/10\/afairesi-tattou.jpg 500w, https:\/\/dryfanti.gr\/wp-content\/uploads\/2023\/10\/afairesi-tattou-300x200.jpg 300w\" sizes=\"auto, (max-width: 500px) 100vw, 500px\"><\/figure>\n\n\n\n<div style=\"height:18px\" aria-hidden=\"true\" class=\"wp-block-spacer\"><\/div>\n\n\n\n<h2 class=\"gb-headline gb-headline-e6d57647 gb-headline-text\">VIDEO<\/h2>\n\n\n\n<div class=\"wp-block-columns is-layout-flex wp-container-core-columns-is-layout-9d6595d7 wp-block-columns-is-layout-flex\">\n<div class=\"wp-block-column is-layout-flow wp-block-column-is-layout-flow\" style=\"flex-basis:25%\"><\/div>\n\n\n\n<div class=\"wp-block-column is-layout-flow wp-block-column-is-layout-flow\" style=\"flex-basis:50%\">\n<figure class=\"wp-block-embed is-type-video is-provider-youtube wp-block-embed-youtube wp-embed-aspect-16-9 wp-has-aspect-ratio\"><div class=\"wp-block-embed__wrapper\">\n<iframe loading=\"lazy\" title=\"Q&amp;A \u03a4\u03b1\u03c4\u03bf\u03c5\u03ac\u03b6  \u0397 \u039c\u03b1\u03af\u03c1\u03b7 \u03a3\u03c5\u03bd\u03b1\u03c4\u03c3\u03ac\u03ba\u03b7 \u03bc\u03b5 \u03c4\u03b7 \u03b4\u03b5\u03c1\u03bc\u03b1\u03c4\u03bf\u03bb\u03cc\u03b3\u03bf \u0386\u03bf\u03c5\u03c1\u03b1 \u03a5\u03c6\u03b1\u03bd\u03c4\u03ae La Roche Posay Greece\" width=\"1200\" height=\"675\" src=\"https:\/\/www.youtube.com\/embed\/l6skz-_GmE4?start=11&#038;feature=oembed\" frameborder=\"0\" allow=\"accelerometer; autoplay; clipboard-write; encrypted-media; gyroscope; picture-in-picture; web-share\" allowfullscreen><\/iframe>\n<\/div><\/figure>\n<\/div>\n\n\n\n<div class=\"wp-block-column is-layout-flow wp-block-column-is-layout-flow\" style=\"flex-basis:25%\"><\/div>\n<\/div>\n\n<\/div>\n<\/div>","protected":false},"excerpt":{"rendered":"<p>Care este num\u0103rul de \u0219edin\u021be necesare? Num\u0103rul de \u0219edin\u021be necesare variaz\u0103 \u00een func\u021bie de: Culorile \u00eenchise r\u0103spund mai bine la &#8230; <\/p>\n<p class=\"read-more-container\"><a title=\"\u00cenl\u0103turare Tatuaj\" class=\"read-more button\" href=\"https:\/\/dryfanti.gr\/ro\/servicii-medicale\/dermatologie-estetica\/tratamente-corporale\/inlaturare-tatuaj\/#more-2097\" aria-label=\"More on \u00cenl\u0103turare Tatuaj\">Mai mult<\/a><\/p>\n","protected":false},"author":14,"featured_media":2983,"parent":3050,"menu_order":0,"comment_status":"closed","ping_status":"closed","template":"","meta":{"footnotes":""},"class_list":["post-2097","page","type-page","status-publish","has-post-thumbnail"],"_links":{"self":[{"href":"https:\/\/dryfanti.gr\/ro\/wp-json\/wp\/v2\/pages\/2097","targetHints":{"allow":["GET"]}}],"collection":[{"href":"https:\/\/dryfanti.gr\/ro\/wp-json\/wp\/v2\/pages"}],"about":[{"href":"https:\/\/dryfanti.gr\/ro\/wp-json\/wp\/v2\/types\/page"}],"author":[{"embeddable":true,"href":"https:\/\/dryfanti.gr\/ro\/wp-json\/wp\/v2\/users\/14"}],"replies":[{"embeddable":true,"href":"https:\/\/dryfanti.gr\/ro\/wp-json\/wp\/v2\/comments?post=2097"}],"version-history":[{"count":5,"href":"https:\/\/dryfanti.gr\/ro\/wp-json\/wp\/v2\/pages\/2097\/revisions"}],"predecessor-version":[{"id":3617,"href":"https:\/\/dryfanti.gr\/ro\/wp-json\/wp\/v2\/pages\/2097\/revisions\/3617"}],"up":[{"embeddable":true,"href":"https:\/\/dryfanti.gr\/ro\/wp-json\/wp\/v2\/pages\/3050"}],"wp:featuredmedia":[{"embeddable":true,"href":"https:\/\/dryfanti.gr\/ro\/wp-json\/wp\/v2\/media\/2983"}],"wp:attachment":[{"href":"https:\/\/dryfanti.gr\/ro\/wp-json\/wp\/v2\/media?parent=2097"}],"curies":[{"name":"wp","href":"https:\/\/api.w.org\/{rel}","templated":true}]}}