{"id":2090,"date":"2023-09-15T15:53:10","date_gmt":"2023-09-15T12:53:10","guid":{"rendered":"https:\/\/mistyrose-fox-409623.hostingersite.com\/?page_id=2090"},"modified":"2023-10-25T17:42:08","modified_gmt":"2023-10-25T14:42:08","slug":"telangiectazii-scleroterapie-laser","status":"publish","type":"page","link":"https:\/\/dryfanti.gr\/ro\/servicii-medicale\/dermatologie-estetica\/tratamente-corporale\/telangiectazii-scleroterapie-laser\/","title":{"rendered":"Telangiectazii &#8211; Scleroterapie &#8211; Laser"},"content":{"rendered":"<div class=\"gb-container gb-container-ec1ae282 single-service-section1\">\n<div class=\"gb-container gb-container-d5e60f0c inner-container\">\n\n<h2 class=\"gb-headline gb-headline-62d96c7c gb-headline-text\">Ce sunt telangiectaziile?<\/h2>\n\n\n\n<p>Telangiectaziile sunt o re\u021bea de vase capilare dilatate situate \u00een epiderm, care determin\u0103 un aspect inestetic.<\/p>\n\n\n\n<h2 class=\"gb-headline gb-headline-e4cb1a54 gb-headline-text\">Cum se prezint\u0103?<\/h2>\n\n\n\n<p>Apar ca mici vase sanguine ro\u0219ii \u0219i albastre, care nu prezint\u0103 simptome.<\/p>\n\n\n\n<h2 class=\"gb-headline gb-headline-00759f41 gb-headline-text\">\u00cen ce zone apar?<\/h2>\n\n\n<div class=\"gb-grid-wrapper gb-grid-wrapper-2cecaf8f\">\n<div class=\"gb-grid-column gb-grid-column-3dec7d18\"><div class=\"gb-container gb-container-3dec7d18\">\n\n<div class=\"wp-block-columns is-layout-flex wp-container-core-columns-is-layout-9d6595d7 wp-block-columns-is-layout-flex\">\n<div class=\"wp-block-column is-layout-flow wp-block-column-is-layout-flow\">\n<p>Telangiectaziile pot ap\u0103rea \u00een orice parte a corpului, dar mai frecvent apar pe fa\u021b\u0103, coapse, gambe \u0219i glezne.<\/p>\n\n\n\n<p>Principalul factor care determin\u0103 apari\u021bia acestui fenomen \u00een zona fe\u021bei este expunerea excesiv\u0103 la soare.<\/p>\n\n\n\n<p>De asemenea se agraveaz\u0103 dup\u0103 sarcin\u0103, ca urmare a unor leziuni sau pe m\u0103sur\u0103 ce \u00eenaint\u0103m \u00een varst\u0103.<\/p>\n<\/div>\n\n\n\n<div class=\"wp-block-column is-layout-flow wp-block-column-is-layout-flow\">\n<figure class=\"wp-block-image size-full\"><img loading=\"lazy\" decoding=\"async\" width=\"500\" height=\"334\" src=\"http:\/\/dryfanti.gr\/wp-content\/uploads\/2023\/09\/eyryaggeies.jpg\" alt=\"\" class=\"wp-image-2914\" style=\"object-fit:cover\" srcset=\"https:\/\/dryfanti.gr\/wp-content\/uploads\/2023\/09\/eyryaggeies.jpg 500w, https:\/\/dryfanti.gr\/wp-content\/uploads\/2023\/09\/eyryaggeies-300x200.jpg 300w\" sizes=\"auto, (max-width: 500px) 100vw, 500px\" \/><\/figure>\n<\/div>\n<\/div>\n\n<\/div><\/div>\n<\/div>\n\n\n<div class=\"wp-block-columns is-layout-flex wp-container-core-columns-is-layout-9d6595d7 wp-block-columns-is-layout-flex\">\n<div class=\"wp-block-column is-layout-flow wp-block-column-is-layout-flow\" style=\"flex-basis:100%\">\n<h2 class=\"gb-headline gb-headline-d8b6f918 gb-headline-text\">Cum se trateaz\u0103?<\/h2>\n\n\n\n<p>Exist\u0103 2 tipuri de tratamente care se aplic\u0103 \u00een func\u021bie de amploarea telangiectaziilor:<\/p>\n\n\n\n<ul class=\"wp-block-list\">\n<li><strong>Scleroterapia<\/strong>: Se refer\u0103 la injectarea unei solu\u021bii \u00eent\u0103ritoare adecvate, cu ac fin, direct \u00een vase, produc\u00e2nd astfel dispari\u021bia acestora. Durerea este minim\u0103 \u0219i procedura se poate efectua pe tot parcursul anului. Scleroterapia cu ghidare a dispozitivului Venoscope\u00ae II ofer\u0103 o facilitate de neegalat \u00een ceea ce prive\u0219te imagistica pre-invaziv\u0103 \u0219i marcarea telangiectaziilor. Venoscope\u00ae II Este un dispozitiv inovator de difuzare a luminii pentru descoperirea venelor. Se bazeaz\u0103 pe tehnica patentat\u0103 transillumination, \u00een cadrul c\u0103reia un inel luminos este plasat asupra pielii, focalizeaz\u0103 sub aceasta \u0219i formeaz\u0103 o surs\u0103 vizibil\u0103 de lumin\u0103. Rezultatul este c\u0103 exist\u0103 o surs\u0103 de lumin\u0103 intern\u0103 care ilumineaz\u0103 \u021besuturile subcutanate \u0219i venele f\u0103r\u0103 umbrire, iar \u00een parallel \u00eentinde pielea \u0219i imobilizeaz\u0103 vena. Astfel, ofer\u0103 o facilitate neegalat\u0103 \u00een ceea ce prive\u0219te imagistica pre-invaziv\u0103 \u0219i marcarea telangiectaziilor pentru realizarea scleroterapiei.<\/li>\n\n\n\n<li><strong>\u00cen tratamentul cu Laser:<\/strong>&nbsp;Este utilizat un dispozitiv Laser, autorizat pentru astfel de tratamente. Se utilizeaz\u0103 in principal \u00een cazurile telangiectaziilor de dimensiuni reduse.<\/li>\n<\/ul>\n<\/div>\n<\/div>\n\n\n\n<p>De obicei, combina\u021bia celor 2 tratamente mai sus men\u021bionate este cea mai eficient\u0103 pentru \u00eenl\u0103turarea problemei estetice.<\/p>\n\n\n\n<p>\u00cen ceea ce prive\u0219te fa\u021ba se utilizeaz\u0103 doar tratamentul Laser deoarece este mai sigur \u0219i are rezultate optime pentru acest\u0103 zon\u0103 delicat\u0103 a corpului.<\/p>\n\n\n\n<h2 class=\"gb-headline gb-headline-d554daf2 gb-headline-text\">Doare Laserul?<\/h2>\n\n\n\n<p>Tratamentul nu este dureros.<\/p>\n\n\n\n<h2 class=\"gb-headline gb-headline-e51a5ab1 gb-headline-text\">Tratamentul cu Laser las\u0103 semne?<\/h2>\n\n\n\n<p>Primele 4-5 zile dup\u0103 aplicare exist\u0103 o u\u0219oar\u0103 ro\u0219ea\u021b\u0103 \u00een zona vasului coagulat.<\/p>\n\n\n\n<h2 class=\"gb-headline gb-headline-c63ec2da gb-headline-text\">C\u00e2te \u0219edin\u021be sunt necesare?<\/h2>\n\n\n\n<p>Telangiectaziile faciale necesit\u0103 mai pu\u021bine \u0219edin\u021be dec\u00e2t cele ale membrelor inferioare.<\/p>\n\n\n\n<p>De obicei sunt necesare 3-4 \u0219edin\u021be \u00een func\u021bie de amploarea \u0219i dimensiunea problemei.<\/p>\n\n\n\n<h2 class=\"gb-headline gb-headline-34a2c6f0 gb-headline-text\">Va exista disconfort dup\u0103 tratament?<\/h2>\n\n\n\n<p>Nu este necesar s\u0103 v\u0103 \u00eentrerupe\u021bi activit\u0103\u021bile sociale. Este obligatorie doar protec\u021bia solar\u0103 \u00een zona care se afl\u0103 sub tratament.<\/p>\n\n\n\n<h2 class=\"wp-block-heading\">\u00cenainte dup\u0103<\/h2>\n\n\n<div class=\"wp-block-image\">\n<figure class=\"aligncenter size-full is-resized\"><img loading=\"lazy\" decoding=\"async\" src=\"http:\/\/dryfanti.gr\/wp-content\/uploads\/2023\/09\/evriaggeies.jpg\" alt=\"\" class=\"wp-image-1160\" style=\"width:473px;height:355px\" width=\"473\" height=\"355\" srcset=\"https:\/\/dryfanti.gr\/wp-content\/uploads\/2023\/09\/evriaggeies.jpg 400w, https:\/\/dryfanti.gr\/wp-content\/uploads\/2023\/09\/evriaggeies-300x225.jpg 300w\" sizes=\"auto, (max-width: 473px) 100vw, 473px\" \/><\/figure><\/div>\n<\/div>\n<\/div>","protected":false},"excerpt":{"rendered":"<p>Ce sunt telangiectaziile? Telangiectaziile sunt o re\u021bea de vase capilare dilatate situate \u00een epiderm, care determin\u0103 un aspect inestetic. Cum &#8230; <\/p>\n<p class=\"read-more-container\"><a title=\"Telangiectazii &#8211; Scleroterapie &#8211; Laser\" class=\"read-more button\" href=\"https:\/\/dryfanti.gr\/ro\/servicii-medicale\/dermatologie-estetica\/tratamente-corporale\/telangiectazii-scleroterapie-laser\/#more-2090\" aria-label=\"More on Telangiectazii &#8211; Scleroterapie &#8211; Laser\">Mai mult<\/a><\/p>\n","protected":false},"author":14,"featured_media":2981,"parent":3050,"menu_order":0,"comment_status":"closed","ping_status":"closed","template":"","meta":{"footnotes":""},"class_list":["post-2090","page","type-page","status-publish","has-post-thumbnail"],"_links":{"self":[{"href":"https:\/\/dryfanti.gr\/ro\/wp-json\/wp\/v2\/pages\/2090","targetHints":{"allow":["GET"]}}],"collection":[{"href":"https:\/\/dryfanti.gr\/ro\/wp-json\/wp\/v2\/pages"}],"about":[{"href":"https:\/\/dryfanti.gr\/ro\/wp-json\/wp\/v2\/types\/page"}],"author":[{"embeddable":true,"href":"https:\/\/dryfanti.gr\/ro\/wp-json\/wp\/v2\/users\/14"}],"replies":[{"embeddable":true,"href":"https:\/\/dryfanti.gr\/ro\/wp-json\/wp\/v2\/comments?post=2090"}],"version-history":[{"count":5,"href":"https:\/\/dryfanti.gr\/ro\/wp-json\/wp\/v2\/pages\/2090\/revisions"}],"predecessor-version":[{"id":3613,"href":"https:\/\/dryfanti.gr\/ro\/wp-json\/wp\/v2\/pages\/2090\/revisions\/3613"}],"up":[{"embeddable":true,"href":"https:\/\/dryfanti.gr\/ro\/wp-json\/wp\/v2\/pages\/3050"}],"wp:featuredmedia":[{"embeddable":true,"href":"https:\/\/dryfanti.gr\/ro\/wp-json\/wp\/v2\/media\/2981"}],"wp:attachment":[{"href":"https:\/\/dryfanti.gr\/ro\/wp-json\/wp\/v2\/media?parent=2090"}],"curies":[{"name":"wp","href":"https:\/\/api.w.org\/{rel}","templated":true}]}}