{"id":2081,"date":"2023-09-15T15:50:45","date_gmt":"2023-09-15T12:50:45","guid":{"rendered":"https:\/\/mistyrose-fox-409623.hostingersite.com\/?page_id=2081"},"modified":"2023-10-25T17:36:32","modified_gmt":"2023-10-25T14:36:32","slug":"botox-dysport-hiperhidroza","status":"publish","type":"page","link":"https:\/\/dryfanti.gr\/ro\/servicii-medicale\/dermatologie-estetica\/tratamente-corporale\/botox-dysport-hiperhidroza\/","title":{"rendered":"Botox \/ Dysport \u2013 Hiperhidroza"},"content":{"rendered":"<div class=\"gb-container gb-container-ec1ae282 single-service-section1\">\n<div class=\"gb-container gb-container-d5e60f0c inner-container\">\n\n<div class=\"wp-block-columns is-layout-flex wp-container-core-columns-is-layout-9d6595d7 wp-block-columns-is-layout-flex\">\n<div class=\"wp-block-column is-layout-flow wp-block-column-is-layout-flow\" style=\"flex-basis:50%\">\n<figure class=\"wp-block-image size-full\"><img loading=\"lazy\" decoding=\"async\" width=\"400\" height=\"300\" src=\"http:\/\/dryfanti.gr\/wp-content\/uploads\/2023\/09\/Botox-yperidrosia.jpg\" alt=\"\" class=\"wp-image-2906\" style=\"object-fit:cover\" srcset=\"https:\/\/dryfanti.gr\/wp-content\/uploads\/2023\/09\/Botox-yperidrosia.jpg 400w, https:\/\/dryfanti.gr\/wp-content\/uploads\/2023\/09\/Botox-yperidrosia-300x225.jpg 300w\" sizes=\"auto, (max-width: 400px) 100vw, 400px\" \/><\/figure>\n<\/div>\n\n\n\n<div class=\"wp-block-column is-layout-flow wp-block-column-is-layout-flow\" style=\"flex-basis:50%\">\n<p>Botoxul este o protein\u0103 produs\u0103 de microbul Clostridium botulinum.<\/p>\n\n\n\n<p>\u00cen Dermatologia Estetic\u0103 Botoxul este folosit pentru eliminarea ridurilor faciale \u0219i constituie un tratament eficient \u00eempotriva \u00eemb\u0103tr\u00e2nirii.<\/p>\n\n\n\n<p>Un alt domeniu important pentru utilizarea Botoxului\u00a0<strong>este tratamentul hiperhidrozei<\/strong>. Este o op\u021biune excelent\u0103 de tratament pentru reducerea imediat\u0103 a transpira\u021biei cu p\u00e2n\u0103 la 95%.<\/p>\n<\/div>\n<\/div>\n\n\n<div class=\"gb-grid-wrapper gb-grid-wrapper-d257ff2c\">\n<div class=\"gb-grid-column gb-grid-column-12d9015d\"><div class=\"gb-container gb-container-12d9015d\">\n\n<p>Hiperhidroza este o afec\u021biune care afecteaz\u0103 calitatea vie\u021bii pacien\u021bilor \u00een aceea\u0219i m\u0103sur\u0103 cu alte afec\u021biuni grave precum psoriazis si dermatita atopic\u0103.<\/p>\n\n<\/div><\/div>\n<\/div>\n\n\n<h2 class=\"gb-headline gb-headline-f5a520cd gb-headline-text\">Care sunt zonele la care se aplic\u0103 tratamentul cu Botox pentru hiperhidroz\u0103?<\/h2>\n\n\n\n<p>Se realizeaz\u0103 proceduri \u00een zonele axilare, palmare \u0219i plantare.<\/p>\n\n\n\n<h2 class=\"gb-headline gb-headline-0e393a66 gb-headline-text\">Care este procedura tratamentului?<\/h2>\n\n\n\n<p>\u00cenainte de tratament se delimiteaz\u0103 zona prin testul amidon &#8211; iod. \u00cen continuare Botox-ul este injectat intradermic. Reducerea secre\u021biei de sudoare se poate observa \u00eentre a 2-a \u0219i a 14-a zi dup\u0103 aplicare.<\/p>\n\n\n\n<h2 class=\"gb-headline gb-headline-42b59ddc gb-headline-text\">Care este durata tratamentului?<\/h2>\n\n\n\n<p>Tratamentul este tranzitoriu. Durata rezultatului terapeutic este estimat\u0103 \u00eentre 4-19 luni \u00een cazul hiperhidrozei axilare, 3-13 \u00een cazul hiperhidrozei palmare \u0219i 4-10 luni \u00een cazul hiperhidrozei plantare.<\/p>\n\n\n\n<h2 class=\"gb-headline gb-headline-ffc1cdf5 gb-headline-text\">\u00cenainte dup\u0103<\/h2>\n\n\n\n<div class=\"wp-block-columns is-layout-flex wp-container-core-columns-is-layout-9d6595d7 wp-block-columns-is-layout-flex\">\n<div class=\"wp-block-column is-layout-flow wp-block-column-is-layout-flow\">\n<figure class=\"gb-block-image gb-block-image-43f7e734\"><img loading=\"lazy\" decoding=\"async\" width=\"400\" height=\"300\" class=\"gb-image gb-image-43f7e734\" src=\"http:\/\/dryfanti.gr\/wp-content\/uploads\/2023\/09\/Botox-yperidrosia-prin-meta.jpg\" alt=\"\" title=\"Botox-yperidrosia-prin-meta\" srcset=\"https:\/\/dryfanti.gr\/wp-content\/uploads\/2023\/09\/Botox-yperidrosia-prin-meta.jpg 400w, https:\/\/dryfanti.gr\/wp-content\/uploads\/2023\/09\/Botox-yperidrosia-prin-meta-300x225.jpg 300w\" sizes=\"auto, (max-width: 400px) 100vw, 400px\"><\/figure>\n<\/div>\n\n\n\n<div class=\"wp-block-column is-layout-flow wp-block-column-is-layout-flow\">\n<figure class=\"gb-block-image gb-block-image-8cb8b9a6\"><img loading=\"lazy\" decoding=\"async\" width=\"400\" height=\"300\" class=\"gb-image gb-image-8cb8b9a6\" src=\"http:\/\/dryfanti.gr\/wp-content\/uploads\/2023\/09\/botox-yperidrosia-prin-meta-2.webp\" alt=\"\" title=\"botox-yperidrosia-prin-meta-2\" srcset=\"https:\/\/dryfanti.gr\/wp-content\/uploads\/2023\/09\/botox-yperidrosia-prin-meta-2.webp 400w, https:\/\/dryfanti.gr\/wp-content\/uploads\/2023\/09\/botox-yperidrosia-prin-meta-2-300x225.webp 300w\" sizes=\"auto, (max-width: 400px) 100vw, 400px\"><\/figure>\n<\/div>\n<\/div>\n\n\n\n<figure class=\"gb-block-image gb-block-image-c54bd3c1\"><img loading=\"lazy\" decoding=\"async\" width=\"400\" height=\"300\" class=\"gb-image gb-image-c54bd3c1\" src=\"http:\/\/dryfanti.gr\/wp-content\/uploads\/2023\/09\/botox-prin-kai-meta.jpg\" alt=\"\" title=\"Botox \/ Dysport \u2013 \u03a5\u03c0\u03b5\u03c1\u03b9\u03b4\u03c1\u03c9\u03c3\u03af\u03b1\" srcset=\"https:\/\/dryfanti.gr\/wp-content\/uploads\/2023\/09\/botox-prin-kai-meta.jpg 400w, https:\/\/dryfanti.gr\/wp-content\/uploads\/2023\/09\/botox-prin-kai-meta-300x225.jpg 300w\" sizes=\"auto, (max-width: 400px) 100vw, 400px\"><\/figure>\n\n<\/div>\n<\/div>","protected":false},"excerpt":{"rendered":"<p>Botoxul este o protein\u0103 produs\u0103 de microbul Clostridium botulinum. \u00cen Dermatologia Estetic\u0103 Botoxul este folosit pentru eliminarea ridurilor faciale \u0219i &#8230; <\/p>\n<p class=\"read-more-container\"><a title=\"Botox \/ Dysport \u2013 Hiperhidroza\" class=\"read-more button\" href=\"https:\/\/dryfanti.gr\/ro\/servicii-medicale\/dermatologie-estetica\/tratamente-corporale\/botox-dysport-hiperhidroza\/#more-2081\" aria-label=\"More on Botox \/ Dysport \u2013 Hiperhidroza\">Mai mult<\/a><\/p>\n","protected":false},"author":14,"featured_media":2979,"parent":3050,"menu_order":0,"comment_status":"closed","ping_status":"closed","template":"","meta":{"footnotes":""},"class_list":["post-2081","page","type-page","status-publish","has-post-thumbnail"],"_links":{"self":[{"href":"https:\/\/dryfanti.gr\/ro\/wp-json\/wp\/v2\/pages\/2081","targetHints":{"allow":["GET"]}}],"collection":[{"href":"https:\/\/dryfanti.gr\/ro\/wp-json\/wp\/v2\/pages"}],"about":[{"href":"https:\/\/dryfanti.gr\/ro\/wp-json\/wp\/v2\/types\/page"}],"author":[{"embeddable":true,"href":"https:\/\/dryfanti.gr\/ro\/wp-json\/wp\/v2\/users\/14"}],"replies":[{"embeddable":true,"href":"https:\/\/dryfanti.gr\/ro\/wp-json\/wp\/v2\/comments?post=2081"}],"version-history":[{"count":5,"href":"https:\/\/dryfanti.gr\/ro\/wp-json\/wp\/v2\/pages\/2081\/revisions"}],"predecessor-version":[{"id":3607,"href":"https:\/\/dryfanti.gr\/ro\/wp-json\/wp\/v2\/pages\/2081\/revisions\/3607"}],"up":[{"embeddable":true,"href":"https:\/\/dryfanti.gr\/ro\/wp-json\/wp\/v2\/pages\/3050"}],"wp:featuredmedia":[{"embeddable":true,"href":"https:\/\/dryfanti.gr\/ro\/wp-json\/wp\/v2\/media\/2979"}],"wp:attachment":[{"href":"https:\/\/dryfanti.gr\/ro\/wp-json\/wp\/v2\/media?parent=2081"}],"curies":[{"name":"wp","href":"https:\/\/api.w.org\/{rel}","templated":true}]}}