{"id":2074,"date":"2023-09-15T15:47:44","date_gmt":"2023-09-15T12:47:44","guid":{"rendered":"https:\/\/mistyrose-fox-409623.hostingersite.com\/?page_id=2074"},"modified":"2023-10-25T17:34:47","modified_gmt":"2023-10-25T14:34:47","slug":"celulita-lipoliza-carboxiterapia","status":"publish","type":"page","link":"https:\/\/dryfanti.gr\/ro\/servicii-medicale\/dermatologie-estetica\/tratamente-corporale\/celulita-lipoliza-carboxiterapia\/","title":{"rendered":"Celulit\u0103 &#8211; Lipoliz\u0103 &#8211; Carboxiterapia"},"content":{"rendered":"<div class=\"gb-container gb-container-ec1ae282 single-service-section1\">\n<div class=\"gb-container gb-container-d5e60f0c inner-container\">\n\n<p><strong>Celulita (aspect de coaj\u0103 de portocal\u0103)<\/strong>&nbsp;se datoreaz\u0103 \u00een principal disfunc\u021biei microcircula\u021biei \u0219i a circula\u021biei limfatice, cre\u0219terii \u021besutului fibros, precum \u0219i hipetrofia \u021besutului adipos subcutanat.<\/p>\n\n\n\n<p>Vizeaz\u0103 \u00een principal popula\u021bia feminin\u0103 \u0219i anumite zone corporale precum coapse si fese.<\/p>\n\n\n\n<p><strong>Lipoliza<\/strong>&nbsp;este o idee extraordinar\u0103 devenit\u0103 realitate datorit\u0103 Dr. Rittes (Dermatolog din Sao Paulo).<\/p>\n\n\n\n<p>Se realizeaz\u0103 prin injectarea substan\u021bei&nbsp;<strong>fosfatidilcolin\u0103<\/strong>, o substan\u021b\u0103 natural\u0103 provenit\u0103 din soia.<\/p>\n\n\n\n<p>Injec\u021biile nu trebuie considerate ca fiind &#8222;medicamentul miracol&#8221; \u00een ceea ce prive\u0219te pierderea \u00een greutate \u0219i nici o alternativ\u0103 la cura de sl\u0103bire \u0219i la antrenamentul fizic.<\/p>\n\n\n\n<div class=\"wp-block-columns is-layout-flex wp-container-core-columns-is-layout-9d6595d7 wp-block-columns-is-layout-flex\">\n<div class=\"wp-block-column is-layout-flow wp-block-column-is-layout-flow\" style=\"flex-basis:50%\">\n<h2 class=\"gb-headline gb-headline-4ebf1ad5 gb-headline-text\">\u00cen ce zone \u0219i cu ce procedur\u0103 se realizeaz\u0103 lipoliza?<\/h2>\n\n\n\n<p>Injec\u021biile sunt administrate in zonele corpului pe care dorim s\u0103 \u00eembun\u0103t\u0103\u021bim, precum interiorul \u0219i exteriorul coapselor, talie, fese, genunchi, abdomenul superior \u2013 inferior, bra\u021be \u0219i lipoame.<\/p>\n\n\n\n<p>Pentru rezultate vizibile sunt necesare, \u00een medie, 4-6 \u0219edin\u021be, cu un interval de pauz\u0103 \u00eentre \u0219edin\u021be de 20-30 de zile.<\/p>\n\n\n\n<h2 class=\"gb-headline gb-headline-4782a5b4 gb-headline-text\">Lipoliz\u0103 cu Carboxiterapia<\/h2>\n\n\n<div class=\"gb-grid-wrapper gb-grid-wrapper-cab5f350\">\n<div class=\"gb-grid-column gb-grid-column-db6f4f0f\"><div class=\"gb-container gb-container-db6f4f0f\">\n\n<p>Pentru combaterea celulitei si a gr\u0103simii locale se utilizeaz\u0103 tehnica inovatoare&nbsp;<strong>Carboxytherapy (Gas Contouring).<\/strong><\/p>\n\n<\/div><\/div>\n<\/div><\/div>\n\n\n\n<div class=\"wp-block-column is-layout-flow wp-block-column-is-layout-flow\" style=\"flex-basis:50%\">\n<figure class=\"wp-block-image size-full\"><img loading=\"lazy\" decoding=\"async\" width=\"384\" height=\"521\" src=\"http:\/\/dryfanti.gr\/wp-content\/uploads\/2023\/09\/kyttaritida.jpg\" alt=\"\" class=\"wp-image-1147\" style=\"object-fit:cover\" srcset=\"https:\/\/dryfanti.gr\/wp-content\/uploads\/2023\/09\/kyttaritida.jpg 384w, https:\/\/dryfanti.gr\/wp-content\/uploads\/2023\/09\/kyttaritida-221x300.jpg 221w\" sizes=\"auto, (max-width: 384px) 100vw, 384px\" \/><\/figure>\n<\/div>\n<\/div>\n\n\n\n<p>Tratamentul este realizat prin inducerea dioxidului de carbon \u00een zonele dorite.<\/p>\n\n\n\n<p>Prin efectul dioxidului de carbon se ob\u021bine o circula\u021bie sanguin\u0103 mai bun\u0103, oxigenarea pielii \u0219i producerea lipolizei.<\/p>\n\n\n\n<p>Se recomand\u0103 8-10 \u0219edin\u021be \u00een func\u021bie de nevoile dumneavoastr\u0103.<\/p>\n\n\n\n<h2 class=\"gb-headline gb-headline-f2f4ac01 gb-headline-text\">Siguran\u021ba \u00een timpul tratamentului \u0219i durata<\/h2>\n\n\n\n<p>Tratamentul nu prezint\u0103 riscuri. Dureaz\u0103 aproximativ 30 de minute dup\u0103 care v\u0103 pute\u021bi \u00eentoarce la activit\u0103\u021bile zilnice.<\/p>\n\n\n\n<h2 class=\"gb-headline gb-headline-49b3a7c8 gb-headline-text\">\u00cenainte dup\u0103<\/h2>\n\n\n<div class=\"gb-grid-wrapper gb-grid-wrapper-ba271e4c\">\n<div class=\"gb-grid-column gb-grid-column-3c0d6caf\"><div class=\"gb-container gb-container-3c0d6caf\"><\/div><\/div>\n\n<div class=\"gb-grid-column gb-grid-column-2c8a0a0e\"><div class=\"gb-container gb-container-2c8a0a0e\">\n\n<figure class=\"gb-block-image gb-block-image-fbf157cf\"><img loading=\"lazy\" decoding=\"async\" width=\"400\" height=\"300\" class=\"gb-image gb-image-fbf157cf\" src=\"http:\/\/dryfanti.gr\/wp-content\/uploads\/2023\/09\/evriaggeies.jpg\" alt=\"\" title=\"evriaggeies\" srcset=\"https:\/\/dryfanti.gr\/wp-content\/uploads\/2023\/09\/evriaggeies.jpg 400w, https:\/\/dryfanti.gr\/wp-content\/uploads\/2023\/09\/evriaggeies-300x225.jpg 300w\" sizes=\"auto, (max-width: 400px) 100vw, 400px\"><\/figure>\n\n<\/div><\/div>\n\n<div class=\"gb-grid-column gb-grid-column-2390eeee\"><div class=\"gb-container gb-container-2390eeee\"><\/div><\/div>\n<\/div>\n<\/div>\n<\/div>","protected":false},"excerpt":{"rendered":"<p>Celulita (aspect de coaj\u0103 de portocal\u0103)&nbsp;se datoreaz\u0103 \u00een principal disfunc\u021biei microcircula\u021biei \u0219i a circula\u021biei limfatice, cre\u0219terii \u021besutului fibros, precum \u0219i &#8230; <\/p>\n<p class=\"read-more-container\"><a title=\"Celulit\u0103 &#8211; Lipoliz\u0103 &#8211; Carboxiterapia\" class=\"read-more button\" href=\"https:\/\/dryfanti.gr\/ro\/servicii-medicale\/dermatologie-estetica\/tratamente-corporale\/celulita-lipoliza-carboxiterapia\/#more-2074\" aria-label=\"More on Celulit\u0103 &#8211; Lipoliz\u0103 &#8211; Carboxiterapia\">Mai mult<\/a><\/p>\n","protected":false},"author":14,"featured_media":2990,"parent":3050,"menu_order":0,"comment_status":"closed","ping_status":"closed","template":"","meta":{"footnotes":""},"class_list":["post-2074","page","type-page","status-publish","has-post-thumbnail"],"_links":{"self":[{"href":"https:\/\/dryfanti.gr\/ro\/wp-json\/wp\/v2\/pages\/2074","targetHints":{"allow":["GET"]}}],"collection":[{"href":"https:\/\/dryfanti.gr\/ro\/wp-json\/wp\/v2\/pages"}],"about":[{"href":"https:\/\/dryfanti.gr\/ro\/wp-json\/wp\/v2\/types\/page"}],"author":[{"embeddable":true,"href":"https:\/\/dryfanti.gr\/ro\/wp-json\/wp\/v2\/users\/14"}],"replies":[{"embeddable":true,"href":"https:\/\/dryfanti.gr\/ro\/wp-json\/wp\/v2\/comments?post=2074"}],"version-history":[{"count":7,"href":"https:\/\/dryfanti.gr\/ro\/wp-json\/wp\/v2\/pages\/2074\/revisions"}],"predecessor-version":[{"id":3604,"href":"https:\/\/dryfanti.gr\/ro\/wp-json\/wp\/v2\/pages\/2074\/revisions\/3604"}],"up":[{"embeddable":true,"href":"https:\/\/dryfanti.gr\/ro\/wp-json\/wp\/v2\/pages\/3050"}],"wp:featuredmedia":[{"embeddable":true,"href":"https:\/\/dryfanti.gr\/ro\/wp-json\/wp\/v2\/media\/2990"}],"wp:attachment":[{"href":"https:\/\/dryfanti.gr\/ro\/wp-json\/wp\/v2\/media?parent=2074"}],"curies":[{"name":"wp","href":"https:\/\/api.w.org\/{rel}","templated":true}]}}