{"id":2066,"date":"2023-09-15T15:44:57","date_gmt":"2023-09-15T12:44:57","guid":{"rendered":"https:\/\/mistyrose-fox-409623.hostingersite.com\/?page_id=2066"},"modified":"2023-10-24T10:30:09","modified_gmt":"2023-10-24T07:30:09","slug":"lifting-nechirurgical-cu-fire-de-suspensie-pdo","status":"publish","type":"page","link":"https:\/\/dryfanti.gr\/ro\/servicii-medicale\/dermatologie-estetica\/tratamente-corporale\/lifting-nechirurgical-cu-fire-de-suspensie-pdo\/","title":{"rendered":"Lifting Nechirurgical cu fire de suspensie PDO"},"content":{"rendered":"<div class=\"gb-container gb-container-ec1ae282 single-service-section1\">\n<div class=\"gb-container gb-container-d5e60f0c inner-container\">\n\n<p>Firele bio-resorbabile PDO sunt o metod\u0103 inovativ\u0103, nechirurgical\u0103 pentru combaterea relax\u0103rii \u0219i produc efectul de lifting deoarece ac\u021bioneaza ca suport pentru \u021besuturi.<\/p>\n\n\n\n<p>PDO (polidioxanon\u0103) este un material extrem de sigur folosit \u00een mod obi\u0219nuit \u00een chirurgia cardiac\u0103. Este resorbabil \u00een totalitate (\u00eentre 8-12 luni), nu produce reac\u021bii alergice si nu are efecte secundare.<\/p>\n\n\n\n<p>Firele sunt introduse \u00een piele cu ajutorul unui ac fin \u0219i \u00een jurul lor se activeaz\u0103 procesul natural de regenerarea a pielii, de stimulare a secre\u021biei de colagen \u0219i elastin\u0103.<\/p>\n\n\n\n<p>Firele PDO sunt de tipuri multiple, de la simple monofilament \u0219i p\u00e2n\u0103 la cele cu form\u0103 de c\u00e2rlig (POD COG).<\/p>\n\n\n\n<div class=\"wp-block-columns is-layout-flex wp-container-core-columns-is-layout-9d6595d7 wp-block-columns-is-layout-flex\">\n<div class=\"wp-block-column is-layout-flow wp-block-column-is-layout-flow\" style=\"flex-basis:100%\">\n<h2 class=\"gb-headline gb-headline-c8e84532 gb-headline-text\">Zonele de aplicare pentru corp<\/h2>\n\n\n\n<ul class=\"wp-block-list\">\n<li>\u00cen zona bra\u021belor pentru a combate laxitatea pielii.<\/li>\n\n\n\n<li>\u00cen zona abdomenului.<\/li>\n\n\n\n<li>\u00cen zona feselor pentru ridicare.<\/li>\n\n\n\n<li>La partea interioara a coapselor.<\/li>\n\n\n\n<li>Pentru vergeturi.<\/li>\n<\/ul>\n<\/div>\n<\/div>\n\n\n\n<h2 class=\"gb-headline gb-headline-5670e961 gb-headline-text\">Beneficii Lift PDO<\/h2>\n\n\n\n<ul class=\"wp-block-list\">\n<li>Terapia este absolut sigur\u0103, f\u0103r\u0103 efecte secundare nedorite, \u00een afara unor edeme sau hematoame.<\/li>\n\n\n\n<li>Perioad\u0103 de tratament scurt\u0103 (20-30 de minute).<\/li>\n\n\n\n<li>Durere minim\u0103, motiv pentru care anestezia nu este \u00eentotdeauna necesar\u0103.<\/li>\n\n\n\n<li>Revenire imediat\u0103 la activit\u0103\u021bile zilnice.<\/li>\n\n\n\n<li>\u00cembun\u0103t\u0103\u021birea constant\u0103 a rezultatelor pentru urm\u0103toarele 4-6 luni..<\/li>\n\n\n\n<li>Dup\u0103 o perioad\u0103 de 15 zile de la aplicarea firelor, se pot combina tratamente precum PRP, Botox, Acid Hialuronic, Radiofrecven\u021be \u0219i Laser.<\/li>\n<\/ul>\n\n\n\n<h2 class=\"gb-headline gb-headline-4d71c019 gb-headline-text\">\u00cenainte dup\u0103<\/h2>\n\n\n\n<div class=\"wp-block-columns is-layout-flex wp-container-core-columns-is-layout-9d6595d7 wp-block-columns-is-layout-flex\">\n<div class=\"wp-block-column is-layout-flow wp-block-column-is-layout-flow\">\n<figure class=\"gb-block-image gb-block-image-8526144b\"><img loading=\"lazy\" decoding=\"async\" width=\"400\" height=\"400\" class=\"gb-image gb-image-8526144b\" src=\"http:\/\/dryfanti.gr\/wp-content\/uploads\/2015\/03\/nimata-soma9.jpg\" alt=\"\" title=\"nimata-soma9\" srcset=\"https:\/\/dryfanti.gr\/wp-content\/uploads\/2015\/03\/nimata-soma9.jpg 400w, https:\/\/dryfanti.gr\/wp-content\/uploads\/2015\/03\/nimata-soma9-300x300.jpg 300w, https:\/\/dryfanti.gr\/wp-content\/uploads\/2015\/03\/nimata-soma9-150x150.jpg 150w\" sizes=\"auto, (max-width: 400px) 100vw, 400px\"><\/figure>\n<\/div>\n\n\n\n<div class=\"wp-block-column is-layout-flow wp-block-column-is-layout-flow\">\n<figure class=\"gb-block-image gb-block-image-5edee348\"><img loading=\"lazy\" decoding=\"async\" width=\"400\" height=\"400\" class=\"gb-image gb-image-5edee348\" src=\"http:\/\/dryfanti.gr\/wp-content\/uploads\/2015\/03\/nimata-soma10.jpg\" alt=\"\" title=\"nimata-soma10\" srcset=\"https:\/\/dryfanti.gr\/wp-content\/uploads\/2015\/03\/nimata-soma10.jpg 400w, https:\/\/dryfanti.gr\/wp-content\/uploads\/2015\/03\/nimata-soma10-300x300.jpg 300w, https:\/\/dryfanti.gr\/wp-content\/uploads\/2015\/03\/nimata-soma10-150x150.jpg 150w\" sizes=\"auto, (max-width: 400px) 100vw, 400px\"><\/figure>\n<\/div>\n<\/div>\n\n\n\n<div class=\"wp-block-columns is-layout-flex wp-container-core-columns-is-layout-9d6595d7 wp-block-columns-is-layout-flex\">\n<div class=\"wp-block-column is-layout-flow wp-block-column-is-layout-flow\">\n<figure class=\"gb-block-image gb-block-image-2c7b3ac9\"><img loading=\"lazy\" decoding=\"async\" width=\"400\" height=\"280\" class=\"gb-image gb-image-2c7b3ac9\" src=\"http:\/\/dryfanti.gr\/wp-content\/uploads\/2015\/03\/nimata-soma7.jpg\" alt=\"\" title=\"nimata-soma7\" srcset=\"https:\/\/dryfanti.gr\/wp-content\/uploads\/2015\/03\/nimata-soma7.jpg 400w, https:\/\/dryfanti.gr\/wp-content\/uploads\/2015\/03\/nimata-soma7-300x210.jpg 300w\" sizes=\"auto, (max-width: 400px) 100vw, 400px\"><\/figure>\n<\/div>\n\n\n\n<div class=\"wp-block-column is-layout-flow wp-block-column-is-layout-flow\">\n<figure class=\"gb-block-image gb-block-image-4ffc6b6b\"><img loading=\"lazy\" decoding=\"async\" width=\"400\" height=\"280\" class=\"gb-image gb-image-4ffc6b6b\" src=\"http:\/\/dryfanti.gr\/wp-content\/uploads\/2015\/03\/nimata-soma8.jpg\" alt=\"\" title=\"nimata-soma8\" srcset=\"https:\/\/dryfanti.gr\/wp-content\/uploads\/2015\/03\/nimata-soma8.jpg 400w, https:\/\/dryfanti.gr\/wp-content\/uploads\/2015\/03\/nimata-soma8-300x210.jpg 300w\" sizes=\"auto, (max-width: 400px) 100vw, 400px\"><\/figure>\n<\/div>\n<\/div>\n\n\n\n<div class=\"wp-block-columns is-layout-flex wp-container-core-columns-is-layout-9d6595d7 wp-block-columns-is-layout-flex\">\n<div class=\"wp-block-column is-layout-flow wp-block-column-is-layout-flow\">\n<figure class=\"gb-block-image gb-block-image-a6d3dfff\"><img loading=\"lazy\" decoding=\"async\" width=\"400\" height=\"400\" class=\"gb-image gb-image-a6d3dfff\" src=\"http:\/\/dryfanti.gr\/wp-content\/uploads\/2015\/03\/nimata-soma3.jpg\" alt=\"\" title=\"nimata-soma3\" srcset=\"https:\/\/dryfanti.gr\/wp-content\/uploads\/2015\/03\/nimata-soma3.jpg 400w, https:\/\/dryfanti.gr\/wp-content\/uploads\/2015\/03\/nimata-soma3-300x300.jpg 300w, https:\/\/dryfanti.gr\/wp-content\/uploads\/2015\/03\/nimata-soma3-150x150.jpg 150w\" sizes=\"auto, (max-width: 400px) 100vw, 400px\"><\/figure>\n<\/div>\n\n\n\n<div class=\"wp-block-column is-layout-flow wp-block-column-is-layout-flow\">\n<figure class=\"gb-block-image gb-block-image-1cbf5b2b\"><img loading=\"lazy\" decoding=\"async\" width=\"400\" height=\"400\" class=\"gb-image gb-image-1cbf5b2b\" src=\"http:\/\/dryfanti.gr\/wp-content\/uploads\/2015\/03\/nimata-soma4.jpg\" alt=\"\" title=\"nimata-soma4\" srcset=\"https:\/\/dryfanti.gr\/wp-content\/uploads\/2015\/03\/nimata-soma4.jpg 400w, https:\/\/dryfanti.gr\/wp-content\/uploads\/2015\/03\/nimata-soma4-300x300.jpg 300w, https:\/\/dryfanti.gr\/wp-content\/uploads\/2015\/03\/nimata-soma4-150x150.jpg 150w\" sizes=\"auto, (max-width: 400px) 100vw, 400px\"><\/figure>\n<\/div>\n<\/div>\n\n<\/div>\n<\/div>","protected":false},"excerpt":{"rendered":"<p>Firele bio-resorbabile PDO sunt o metod\u0103 inovativ\u0103, nechirurgical\u0103 pentru combaterea relax\u0103rii \u0219i produc efectul de lifting deoarece ac\u021bioneaza ca suport &#8230; <\/p>\n<p class=\"read-more-container\"><a title=\"Lifting Nechirurgical cu fire de suspensie PDO\" class=\"read-more button\" href=\"https:\/\/dryfanti.gr\/ro\/servicii-medicale\/dermatologie-estetica\/tratamente-corporale\/lifting-nechirurgical-cu-fire-de-suspensie-pdo\/#more-2066\" aria-label=\"More on Lifting Nechirurgical cu fire de suspensie PDO\">Mai mult<\/a><\/p>\n","protected":false},"author":14,"featured_media":3001,"parent":3050,"menu_order":0,"comment_status":"closed","ping_status":"closed","template":"","meta":{"footnotes":""},"class_list":["post-2066","page","type-page","status-publish","has-post-thumbnail"],"_links":{"self":[{"href":"https:\/\/dryfanti.gr\/ro\/wp-json\/wp\/v2\/pages\/2066","targetHints":{"allow":["GET"]}}],"collection":[{"href":"https:\/\/dryfanti.gr\/ro\/wp-json\/wp\/v2\/pages"}],"about":[{"href":"https:\/\/dryfanti.gr\/ro\/wp-json\/wp\/v2\/types\/page"}],"author":[{"embeddable":true,"href":"https:\/\/dryfanti.gr\/ro\/wp-json\/wp\/v2\/users\/14"}],"replies":[{"embeddable":true,"href":"https:\/\/dryfanti.gr\/ro\/wp-json\/wp\/v2\/comments?post=2066"}],"version-history":[{"count":3,"href":"https:\/\/dryfanti.gr\/ro\/wp-json\/wp\/v2\/pages\/2066\/revisions"}],"predecessor-version":[{"id":3100,"href":"https:\/\/dryfanti.gr\/ro\/wp-json\/wp\/v2\/pages\/2066\/revisions\/3100"}],"up":[{"embeddable":true,"href":"https:\/\/dryfanti.gr\/ro\/wp-json\/wp\/v2\/pages\/3050"}],"wp:featuredmedia":[{"embeddable":true,"href":"https:\/\/dryfanti.gr\/ro\/wp-json\/wp\/v2\/media\/3001"}],"wp:attachment":[{"href":"https:\/\/dryfanti.gr\/ro\/wp-json\/wp\/v2\/media?parent=2066"}],"curies":[{"name":"wp","href":"https:\/\/api.w.org\/{rel}","templated":true}]}}