{"id":2058,"date":"2023-09-15T14:28:59","date_gmt":"2023-09-15T11:28:59","guid":{"rendered":"https:\/\/mistyrose-fox-409623.hostingersite.com\/?page_id=2058"},"modified":"2023-10-24T10:28:34","modified_gmt":"2023-10-24T07:28:34","slug":"cavitation-rf-coccon-duotechnology","status":"publish","type":"page","link":"https:\/\/dryfanti.gr\/ro\/servicii-medicale\/dermatologie-estetica\/tratamente-corporale\/cavitation-rf-coccon-duotechnology\/","title":{"rendered":"Cavitation \u2013 RF Coccon Duotechnology"},"content":{"rendered":"<div class=\"gb-container gb-container-ec1ae282 single-service-section1\">\n<div class=\"gb-container gb-container-d5e60f0c inner-container\">\n\n<h2 class=\"gb-headline gb-headline-d0b1e399 gb-headline-text\">Ce este metoda Cavitation \u2013 RF?<\/h2>\n\n\n\n<p>Metoda Cavitation (cavita\u021bie) se refer\u0103 la distrugerea ireversibil\u0103 a adipocitelor prin intermediul energiei eliberate de ultrasunetul special.<\/p>\n\n\n\n<p>Celulele adipoase distruse \u0219i excesul de gr\u0103sime sunt eliminate din organism pe calea metabolismului natural.<\/p>\n\n\n\n<p>Fenomenul Cavitation constituie cea mai eficient\u0103 \u0219i modern\u0103 metod\u0103 noninvaziv\u0103 de liposculptura \u00een zonele cu exces de gr\u0103sime local\u0103, precum coapsele, abdomenul \u0219i fesele.<\/p>\n\n\n\n<p>Tehnologia RF (radiofrecven\u021be) \u00eenc\u0103lze\u0219te \u021besuturile \u00een profunzime, av\u00e2nd ca scop activarea fibroblastelor \u0219i prin urmare producerea de colagen \u0219i elastin\u0103, utiliz\u00e2nd o varietate de capuri unipolare \u0219i multipolare.<\/p>\n\n\n\n<h2 class=\"gb-headline gb-headline-4d7079b1 gb-headline-text\">Indica\u021bii<\/h2>\n\n\n\n<ul class=\"wp-block-list\">\n<li>Regenerarea pielii corpului.<\/li>\n\n\n\n<li>Reducerea dimensiunilor \u0219i \u00eent\u0103rirea bra\u021belor.<\/li>\n\n\n\n<li>Combaterea celulitei \u00een toate stadiile la coapse &#8211; fese.<\/li>\n<\/ul>\n\n\n\n<h2 class=\"gb-headline gb-headline-24a892cc gb-headline-text\">C\u00e2te \u0219edin\u021be sunt necesare \u0219i cu ce frecven\u021b\u0103?<\/h2>\n\n\n\n<p>Num\u0103rul de \u0219edin\u021be variaz\u0103 \u00eentre 4-10, cu pauze intermediare de 7-15 zile , \u00een func\u021bie de amploarea, gradul problemei \u0219i procedura care se va urma.<\/p>\n\n\n\n<p>Dup\u0103 finalizarea \u0219edin\u021belor este necesar\u0103 a schem\u0103 pentru men\u021binerea rezultatului.<\/p>\n\n\n\n<h2 class=\"gb-headline gb-headline-82e8ad43 gb-headline-text\">Exist\u0103 perioad\u0103 de recuperare \u2013 Reac\u021bii adverse?<\/h2>\n\n\n\n<p>Dup\u0103 fiecare \u0219edin\u021b\u0103 pute\u021bi reveni la activit\u0103\u021bile zilnice.<\/p>\n\n\n\n<p>Ro\u0219ea\u021ba pielii care apare dup\u0103 fiecare \u0219edin\u021b\u0103 dureaz\u0103 c\u00e2teva ore.<\/p>\n\n\n\n<p>Bronzatul \u0219i antrenamentul intens trebuie evitate pentru cel pu\u021bin 24 de ore.<\/p>\n\n\n\n<h2 class=\"gb-headline gb-headline-23e61d26 gb-headline-text\">Cavitation: \u00cenainte dup\u0103<\/h2>\n\n\n\n<figure class=\"wp-block-gallery has-nested-images columns-default wp-block-gallery-1 is-layout-flex wp-block-gallery-is-layout-flex\">\n<figure class=\"wp-block-image size-full is-style-rounded\"><img loading=\"lazy\" decoding=\"async\" width=\"387\" height=\"400\" data-id=\"871\" src=\"http:\/\/dryfanti.gr\/wp-content\/uploads\/2023\/09\/shutterstock_1343099126.jpg\" alt=\"\" class=\"wp-image-871\" srcset=\"https:\/\/dryfanti.gr\/wp-content\/uploads\/2023\/09\/shutterstock_1343099126.jpg 387w, https:\/\/dryfanti.gr\/wp-content\/uploads\/2023\/09\/shutterstock_1343099126-290x300.jpg 290w\" sizes=\"auto, (max-width: 387px) 100vw, 387px\" \/><\/figure>\n\n\n\n<figure class=\"wp-block-image size-full is-style-rounded\"><img loading=\"lazy\" decoding=\"async\" width=\"799\" height=\"400\" data-id=\"872\" src=\"http:\/\/dryfanti.gr\/wp-content\/uploads\/2023\/09\/shutterstock_773024302.jpg\" alt=\"\" class=\"wp-image-872\" srcset=\"https:\/\/dryfanti.gr\/wp-content\/uploads\/2023\/09\/shutterstock_773024302.jpg 799w, https:\/\/dryfanti.gr\/wp-content\/uploads\/2023\/09\/shutterstock_773024302-300x150.jpg 300w, https:\/\/dryfanti.gr\/wp-content\/uploads\/2023\/09\/shutterstock_773024302-768x384.jpg 768w\" sizes=\"auto, (max-width: 799px) 100vw, 799px\" \/><\/figure>\n<\/figure>\n\n\n\n<h2 class=\"gb-headline gb-headline-f033a0fa gb-headline-text\">VIDEO<\/h2>\n\n\n\n<div class=\"wp-block-columns is-layout-flex wp-container-core-columns-is-layout-9d6595d7 wp-block-columns-is-layout-flex\">\n<div class=\"wp-block-column is-layout-flow wp-block-column-is-layout-flow\" style=\"flex-basis:25%\"><\/div>\n\n\n\n<div class=\"wp-block-column is-layout-flow wp-block-column-is-layout-flow\" style=\"flex-basis:50%\">\n<figure class=\"wp-block-embed is-type-video is-provider-youtube wp-block-embed-youtube wp-embed-aspect-16-9 wp-has-aspect-ratio\"><div class=\"wp-block-embed__wrapper\">\n<iframe loading=\"lazy\" title=\"Coccon Duotechnology treatments\" width=\"1200\" height=\"675\" src=\"https:\/\/www.youtube.com\/embed\/LM9Iuwmu6Js?feature=oembed\" frameborder=\"0\" allow=\"accelerometer; autoplay; clipboard-write; encrypted-media; gyroscope; picture-in-picture; web-share\" allowfullscreen><\/iframe>\n<\/div><\/figure>\n<\/div>\n\n\n\n<div class=\"wp-block-column is-layout-flow wp-block-column-is-layout-flow\" style=\"flex-basis:25%\"><\/div>\n<\/div>\n\n<\/div>\n<\/div>","protected":false},"excerpt":{"rendered":"<p>Ce este metoda Cavitation \u2013 RF? Metoda Cavitation (cavita\u021bie) se refer\u0103 la distrugerea ireversibil\u0103 a adipocitelor prin intermediul energiei eliberate &#8230; <\/p>\n<p class=\"read-more-container\"><a title=\"Cavitation \u2013 RF Coccon Duotechnology\" class=\"read-more button\" href=\"https:\/\/dryfanti.gr\/ro\/servicii-medicale\/dermatologie-estetica\/tratamente-corporale\/cavitation-rf-coccon-duotechnology\/#more-2058\" aria-label=\"More on Cavitation \u2013 RF Coccon Duotechnology\">Mai mult<\/a><\/p>\n","protected":false},"author":14,"featured_media":2977,"parent":3050,"menu_order":0,"comment_status":"closed","ping_status":"closed","template":"","meta":{"footnotes":""},"class_list":["post-2058","page","type-page","status-publish","has-post-thumbnail"],"_links":{"self":[{"href":"https:\/\/dryfanti.gr\/ro\/wp-json\/wp\/v2\/pages\/2058","targetHints":{"allow":["GET"]}}],"collection":[{"href":"https:\/\/dryfanti.gr\/ro\/wp-json\/wp\/v2\/pages"}],"about":[{"href":"https:\/\/dryfanti.gr\/ro\/wp-json\/wp\/v2\/types\/page"}],"author":[{"embeddable":true,"href":"https:\/\/dryfanti.gr\/ro\/wp-json\/wp\/v2\/users\/14"}],"replies":[{"embeddable":true,"href":"https:\/\/dryfanti.gr\/ro\/wp-json\/wp\/v2\/comments?post=2058"}],"version-history":[{"count":2,"href":"https:\/\/dryfanti.gr\/ro\/wp-json\/wp\/v2\/pages\/2058\/revisions"}],"predecessor-version":[{"id":2061,"href":"https:\/\/dryfanti.gr\/ro\/wp-json\/wp\/v2\/pages\/2058\/revisions\/2061"}],"up":[{"embeddable":true,"href":"https:\/\/dryfanti.gr\/ro\/wp-json\/wp\/v2\/pages\/3050"}],"wp:featuredmedia":[{"embeddable":true,"href":"https:\/\/dryfanti.gr\/ro\/wp-json\/wp\/v2\/media\/2977"}],"wp:attachment":[{"href":"https:\/\/dryfanti.gr\/ro\/wp-json\/wp\/v2\/media?parent=2058"}],"curies":[{"name":"wp","href":"https:\/\/api.w.org\/{rel}","templated":true}]}}