{"id":2050,"date":"2023-09-15T14:19:37","date_gmt":"2023-09-15T11:19:37","guid":{"rendered":"https:\/\/mistyrose-fox-409623.hostingersite.com\/?page_id=2050"},"modified":"2023-10-25T16:15:49","modified_gmt":"2023-10-25T13:15:49","slug":"epilare-laser","status":"publish","type":"page","link":"https:\/\/dryfanti.gr\/ro\/servicii-medicale\/dermatologie-estetica\/tratamente-corporale\/epilare-laser\/","title":{"rendered":"Epilare Laser"},"content":{"rendered":"<div class=\"gb-container gb-container-ec1ae282 single-service-section1\">\n<div class=\"gb-container gb-container-d5e60f0c inner-container\">\n<div class=\"gb-grid-wrapper gb-grid-wrapper-decb2823\">\n<div class=\"gb-grid-column gb-grid-column-a31d8b06\"><div class=\"gb-container gb-container-a31d8b06\">\n\n<div class=\"wp-block-columns is-layout-flex wp-container-core-columns-is-layout-9d6595d7 wp-block-columns-is-layout-flex\">\n<div class=\"wp-block-column is-layout-flow wp-block-column-is-layout-flow\">\n<figure class=\"wp-block-image size-full\"><img loading=\"lazy\" decoding=\"async\" width=\"400\" height=\"300\" src=\"http:\/\/dryfanti.gr\/wp-content\/uploads\/2023\/09\/laser-apotrixosi-alexandriti.webp\" alt=\"\" class=\"wp-image-2902\" style=\"object-fit:cover\" srcset=\"https:\/\/dryfanti.gr\/wp-content\/uploads\/2023\/09\/laser-apotrixosi-alexandriti.webp 400w, https:\/\/dryfanti.gr\/wp-content\/uploads\/2023\/09\/laser-apotrixosi-alexandriti-300x225.webp 300w\" sizes=\"auto, (max-width: 400px) 100vw, 400px\" \/><\/figure>\n<\/div>\n\n\n\n<div class=\"wp-block-column is-layout-flow wp-block-column-is-layout-flow\">\n<p>Laserul este un dispozitiv care produce o raz\u0103 de lumin\u0103 foarte intens\u0103, focalizat\u0103, de aceea\u0219i culoare \u0219i faz\u0103.<\/p>\n\n\n\n<p>Laserul utilizat pentru epilare produce lumin\u0103 care este absorbit\u0103 de melanina din foliculii p\u0103rului, prin urmare nu sunt tratate eficient firele de p\u0103r albe.<\/p>\n\n\n\n<p>Prin distrugerea foliculelor firelor de p\u0103r, scade treptat pilozitatea.<\/p>\n<\/div>\n<\/div>\n\n\n<div class=\"gb-grid-wrapper gb-grid-wrapper-f78d90c0\">\n<div class=\"gb-grid-column gb-grid-column-2baa9d24\"><div class=\"gb-container gb-container-2baa9d24\">\n\n<p>Aplica\u021biile cu Laser pentru epilare sunt o metod\u0103 dovedit\u0103&nbsp;<strong>a fi sigur\u0103<\/strong>, utilizat\u0103 de decenii la femei \u0219i b\u0103rba\u021bi pentru scopuri estetice \u0219i terapeutice (Foliculita, hidrosadenita supurativ\u0103).<\/p>\n\n<\/div><\/div>\n<\/div>\n<\/div><\/div>\n<\/div>\n\n\n<h2 class=\"gb-headline gb-headline-ede25e9a gb-headline-text\">R\u0103spunsuri la \u00eentreb\u0103ri frecvente referitoare la depilarea cu Laser<\/h2>\n\n\n\n<ul class=\"wp-block-list\">\n<li>Utilizarea Laserului nu cauzeaz\u0103 efecte pe termen lung asupra organismului uman.<\/li>\n\n\n\n<li>Laserul poate fi utilizat la orice v\u00e2rst\u0103 \u0219i pentru orice zon\u0103 a corpului unde exist\u0103 pilozitate nedorit\u0103.<\/li>\n\n\n\n<li>Laserul produce mic disconfort sau durere \u00een principal \u00een zonele sensibile (buza superioar\u0103). Disconfortul se poate diminua prin aplicarea unei creme anestezice locale.<\/li>\n\n\n\n<li>Num\u0103rul de \u0219edin\u021be variaz\u0103 \u00een func\u021bie de tipul de piele \u0219i p\u0103r, precum \u0219i \u00een func\u021bie de zon\u0103, respectiv dac\u0103 aplica\u021bia vizeaz\u0103 sau nu o zon\u0103 hormonal dependent\u0103. \u00cen general, pentru&nbsp;<strong>picioare<\/strong>&nbsp;\u0219i&nbsp;<strong>bikini<\/strong>&nbsp;sunt necesare 5-8 \u0219edinte. Pentru<strong>&nbsp;axil\u0103, corp<\/strong>&nbsp;\u0219i&nbsp;<strong>piept<\/strong>&nbsp;sunt necesare mai multe sedinte.<\/li>\n\n\n\n<li>Intervalul de timp necesar \u00eentre \u0219edin\u021bele cu Laser este de obicei 6-12 s\u0103pt\u0103m\u00e2ni, \u00een func\u021bie de zona corporal\u0103 supus\u0103 la tratament.<\/li>\n\n\n\n<li><strong>Metoda de epilare cu Laser este superioar\u0103 celorlalte metode deoarece este singura dovedit\u0103 \u0219tiin\u021bific \u00een ceea ce prive\u0219te \u00eendep\u0103rtarea p\u0103rului nedorit.<\/strong><\/li>\n\n\n\n<li><strong>Gentlelase 755nm Alexandrite Laser (Syneron \u2013 Candela) este cel mai avansat Laser de epilare, capabil s\u0103 ob\u021bin\u0103 rezultatele dorite repede \u0219i eficient.<\/strong><\/li>\n<\/ul>\n\n\n\n<h2 class=\"gb-headline gb-headline-18ecbe92 gb-headline-text\">\u00cenainte dup\u0103<\/h2>\n\n\n<div class=\"gb-grid-wrapper gb-grid-wrapper-86cf5c78\">\n<div class=\"gb-grid-column gb-grid-column-ccc1fec8\"><div class=\"gb-container gb-container-ccc1fec8\"><\/div><\/div>\n\n<div class=\"gb-grid-column gb-grid-column-8c9c80a1\"><div class=\"gb-container gb-container-8c9c80a1\">\n\n<figure class=\"gb-block-image gb-block-image-d9cad5be\"><img loading=\"lazy\" decoding=\"async\" width=\"400\" height=\"302\" class=\"gb-image gb-image-d9cad5be\" src=\"http:\/\/dryfanti.gr\/wp-content\/uploads\/2015\/03\/apotrihosi3.jpg\" alt=\"apotrihosi3\" title=\"apotrihosi3\" srcset=\"https:\/\/dryfanti.gr\/wp-content\/uploads\/2015\/03\/apotrihosi3.jpg 400w, https:\/\/dryfanti.gr\/wp-content\/uploads\/2015\/03\/apotrihosi3-300x227.jpg 300w\" sizes=\"auto, (max-width: 400px) 100vw, 400px\" \/><\/figure>\n\n<\/div><\/div>\n\n<div class=\"gb-grid-column gb-grid-column-aa3d5400\"><div class=\"gb-container gb-container-aa3d5400\"><\/div><\/div>\n<\/div>\n\n<div class=\"gb-container gb-container-9c6f4e11\"><\/div>\n\n<div class=\"gb-grid-wrapper gb-grid-wrapper-b870c9f9\">\n<div class=\"gb-grid-column gb-grid-column-9b7d0eb8\"><div class=\"gb-container gb-container-9b7d0eb8\"><\/div><\/div>\n\n<div class=\"gb-grid-column gb-grid-column-bf965950\"><div class=\"gb-container gb-container-bf965950\">\n\n<figure class=\"gb-block-image gb-block-image-c3c1c055\"><img loading=\"lazy\" decoding=\"async\" width=\"400\" height=\"205\" class=\"gb-image gb-image-c3c1c055\" src=\"http:\/\/dryfanti.gr\/wp-content\/uploads\/2015\/03\/apotrihosi2.jpg\" alt=\"apotrihosi2\" title=\"apotrihosi2\" srcset=\"https:\/\/dryfanti.gr\/wp-content\/uploads\/2015\/03\/apotrihosi2.jpg 400w, https:\/\/dryfanti.gr\/wp-content\/uploads\/2015\/03\/apotrihosi2-300x154.jpg 300w\" sizes=\"auto, (max-width: 400px) 100vw, 400px\" \/><\/figure>\n\n<\/div><\/div>\n\n<div class=\"gb-grid-column gb-grid-column-66a23343\"><div class=\"gb-container gb-container-66a23343\"><\/div><\/div>\n<\/div>\n<\/div>\n<\/div>","protected":false},"excerpt":{"rendered":"<p>R\u0103spunsuri la \u00eentreb\u0103ri frecvente referitoare la depilarea cu Laser \u00cenainte dup\u0103<\/p>\n","protected":false},"author":14,"featured_media":2975,"parent":3050,"menu_order":0,"comment_status":"closed","ping_status":"closed","template":"","meta":{"footnotes":""},"class_list":["post-2050","page","type-page","status-publish","has-post-thumbnail"],"_links":{"self":[{"href":"https:\/\/dryfanti.gr\/ro\/wp-json\/wp\/v2\/pages\/2050","targetHints":{"allow":["GET"]}}],"collection":[{"href":"https:\/\/dryfanti.gr\/ro\/wp-json\/wp\/v2\/pages"}],"about":[{"href":"https:\/\/dryfanti.gr\/ro\/wp-json\/wp\/v2\/types\/page"}],"author":[{"embeddable":true,"href":"https:\/\/dryfanti.gr\/ro\/wp-json\/wp\/v2\/users\/14"}],"replies":[{"embeddable":true,"href":"https:\/\/dryfanti.gr\/ro\/wp-json\/wp\/v2\/comments?post=2050"}],"version-history":[{"count":5,"href":"https:\/\/dryfanti.gr\/ro\/wp-json\/wp\/v2\/pages\/2050\/revisions"}],"predecessor-version":[{"id":3557,"href":"https:\/\/dryfanti.gr\/ro\/wp-json\/wp\/v2\/pages\/2050\/revisions\/3557"}],"up":[{"embeddable":true,"href":"https:\/\/dryfanti.gr\/ro\/wp-json\/wp\/v2\/pages\/3050"}],"wp:featuredmedia":[{"embeddable":true,"href":"https:\/\/dryfanti.gr\/ro\/wp-json\/wp\/v2\/media\/2975"}],"wp:attachment":[{"href":"https:\/\/dryfanti.gr\/ro\/wp-json\/wp\/v2\/media?parent=2050"}],"curies":[{"name":"wp","href":"https:\/\/api.w.org\/{rel}","templated":true}]}}