{"id":2042,"date":"2023-09-15T13:55:06","date_gmt":"2023-09-15T10:55:06","guid":{"rendered":"https:\/\/mistyrose-fox-409623.hostingersite.com\/?page_id=2042"},"modified":"2023-10-24T10:34:46","modified_gmt":"2023-10-24T07:34:46","slug":"tratamente-personalizate-anti-imbatranire-2","status":"publish","type":"page","link":"https:\/\/dryfanti.gr\/ro\/servicii-medicale\/dermatologie-estetica\/tratamente-faciale\/tratamente-personalizate-anti-imbatranire-2\/","title":{"rendered":"Tratamente Personalizate Anti-\u00eemb\u0103tr\u00e2nire"},"content":{"rendered":"<div class=\"gb-container gb-container-ec1ae282 single-service-section1\">\n<div class=\"gb-container gb-container-d5e60f0c inner-container\">\n\n<p>Tratamentele anti-\u00eemb\u0103tr\u00e2nire vin s\u0103 combat\u0103 at\u00e2t \u00eemb\u0103tr\u00e2nirea biologic\u0103 c\u00e2t \u0219i pe cea exogen\u0103, cauzat\u0103 de expunerea la soare, fumatul \u0219i poluarea.<\/p>\n\n\n\n<p>Stresul oxidativ joac\u0103 un rol important \u00een ambele tipuri de \u00eemb\u0103tr\u00e2nire acceler\u00e2nd distrugerea colagenului, elastinei \u0219i al acidului hialuronic.<\/p>\n\n\n\n<p>Tratamentele anti-\u00eemb\u0103tr\u00e2nire au un rol important preventiv, completeaz\u0103 \u0219i sus\u021bin orice tip de proceduri estetice.<\/p>\n\n\n\n<h2 class=\"gb-headline gb-headline-68e3a1a6 gb-headline-text\">Tratamentele includ:<\/h2>\n\n\n\n<ol class=\"wp-block-list\">\n<li>Utilizarea de vitamine A, C, E \u0219i retinol (derivat sintetic din vitamina A).<\/li>\n\n\n\n<li>Utilizarea de antioxidan\u021bi, precum resveratrol, acidul alfa-lipoic, glutation, extract de ceai verde.<\/li>\n\n\n\n<li>Utilizarea de colagen hidrolizat solubil \u0219i acid hialuronic.<\/li>\n\n\n\n<li>Peelinguri speciale (DNA repairing peel \u2013 ferulic peel).<\/li>\n\n\n\n<li>Cosmetice bazate pe nanotehnologie. (Prin intermediul nanotehnologiei ingredientele active sunt incorporate \u00een lipozomi cu scopul de a se ob\u021bine o penetrare \u00een straturile mai profunde ale pielii, cu eliberare controlat\u0103).<\/li>\n\n\n\n<li>Tratamente autologe (PRP).<\/li>\n\n\n\n<li>Formule anti-\u00eemb\u0103tr\u00e2nire pentru prezervarea lungimii\u00a0<strong>telomerilor<\/strong>\u00a0celulelor.<\/li>\n<\/ol>\n\n\n\n<h2 class=\"gb-headline gb-headline-94266eb5 gb-headline-text\">VIDEO <\/h2>\n\n\n\n<div class=\"wp-block-columns is-layout-flex wp-container-core-columns-is-layout-9d6595d7 wp-block-columns-is-layout-flex\">\n<div class=\"wp-block-column is-layout-flow wp-block-column-is-layout-flow\" style=\"flex-basis:25%\"><\/div>\n\n\n\n<div class=\"wp-block-column is-layout-flow wp-block-column-is-layout-flow\" style=\"flex-basis:50%\">\n<figure class=\"wp-block-embed is-type-video is-provider-youtube wp-block-embed-youtube wp-embed-aspect-16-9 wp-has-aspect-ratio\"><div class=\"wp-block-embed__wrapper\">\n<iframe loading=\"lazy\" title=\"\u0395\u039e\u0391\u03a4\u039f\u039c\u0399\u039a\u0395\u03a5\u039c\u0395\u039d\u0395\u03a3 \u0391\u039d\u03a4\u0399\u0393\u0397\u03a1\u0391\u039d\u03a4\u0399\u039a\u0395\u03a3 \u0398\u0395\u03a1\u0391\u03a0\u0395\u0399\u0395\u03a3\" width=\"1200\" height=\"675\" src=\"https:\/\/www.youtube.com\/embed\/8xgLPDVGlAQ?feature=oembed\" frameborder=\"0\" allow=\"accelerometer; autoplay; clipboard-write; encrypted-media; gyroscope; picture-in-picture; web-share\" allowfullscreen><\/iframe>\n<\/div><\/figure>\n<\/div>\n\n\n\n<div class=\"wp-block-column is-layout-flow wp-block-column-is-layout-flow\" style=\"flex-basis:25%\"><\/div>\n<\/div>\n\n<\/div>\n<\/div>","protected":false},"excerpt":{"rendered":"<p>Tratamentele anti-\u00eemb\u0103tr\u00e2nire vin s\u0103 combat\u0103 at\u00e2t \u00eemb\u0103tr\u00e2nirea biologic\u0103 c\u00e2t \u0219i pe cea exogen\u0103, cauzat\u0103 de expunerea la soare, fumatul \u0219i &#8230; <\/p>\n<p class=\"read-more-container\"><a title=\"Tratamente Personalizate Anti-\u00eemb\u0103tr\u00e2nire\" class=\"read-more button\" href=\"https:\/\/dryfanti.gr\/ro\/servicii-medicale\/dermatologie-estetica\/tratamente-faciale\/tratamente-personalizate-anti-imbatranire-2\/#more-2042\" aria-label=\"More on Tratamente Personalizate Anti-\u00eemb\u0103tr\u00e2nire\">Mai mult<\/a><\/p>\n","protected":false},"author":14,"featured_media":2965,"parent":3046,"menu_order":0,"comment_status":"closed","ping_status":"closed","template":"","meta":{"footnotes":""},"class_list":["post-2042","page","type-page","status-publish","has-post-thumbnail"],"_links":{"self":[{"href":"https:\/\/dryfanti.gr\/ro\/wp-json\/wp\/v2\/pages\/2042","targetHints":{"allow":["GET"]}}],"collection":[{"href":"https:\/\/dryfanti.gr\/ro\/wp-json\/wp\/v2\/pages"}],"about":[{"href":"https:\/\/dryfanti.gr\/ro\/wp-json\/wp\/v2\/types\/page"}],"author":[{"embeddable":true,"href":"https:\/\/dryfanti.gr\/ro\/wp-json\/wp\/v2\/users\/14"}],"replies":[{"embeddable":true,"href":"https:\/\/dryfanti.gr\/ro\/wp-json\/wp\/v2\/comments?post=2042"}],"version-history":[{"count":2,"href":"https:\/\/dryfanti.gr\/ro\/wp-json\/wp\/v2\/pages\/2042\/revisions"}],"predecessor-version":[{"id":2045,"href":"https:\/\/dryfanti.gr\/ro\/wp-json\/wp\/v2\/pages\/2042\/revisions\/2045"}],"up":[{"embeddable":true,"href":"https:\/\/dryfanti.gr\/ro\/wp-json\/wp\/v2\/pages\/3046"}],"wp:featuredmedia":[{"embeddable":true,"href":"https:\/\/dryfanti.gr\/ro\/wp-json\/wp\/v2\/media\/2965"}],"wp:attachment":[{"href":"https:\/\/dryfanti.gr\/ro\/wp-json\/wp\/v2\/media?parent=2042"}],"curies":[{"name":"wp","href":"https:\/\/api.w.org\/{rel}","templated":true}]}}