{"id":2036,"date":"2023-09-15T13:51:42","date_gmt":"2023-09-15T10:51:42","guid":{"rendered":"https:\/\/mistyrose-fox-409623.hostingersite.com\/?page_id=2036"},"modified":"2023-10-25T17:31:26","modified_gmt":"2023-10-25T14:31:26","slug":"carboxiterapia","status":"publish","type":"page","link":"https:\/\/dryfanti.gr\/ro\/servicii-medicale\/dermatologie-estetica\/tratamente-faciale\/carboxiterapia\/","title":{"rendered":"Carboxiterapia"},"content":{"rendered":"<div class=\"gb-container gb-container-ec1ae282 single-service-section1\">\n<div class=\"gb-container gb-container-9dda4346 inner-container\">\n\n<div class=\"wp-block-columns is-layout-flex wp-container-core-columns-is-layout-9d6595d7 wp-block-columns-is-layout-flex\">\n<div class=\"wp-block-column is-layout-flow wp-block-column-is-layout-flow\" style=\"flex-basis:50%\">\n<figure class=\"wp-block-image size-full\"><img loading=\"lazy\" decoding=\"async\" width=\"500\" height=\"500\" src=\"http:\/\/dryfanti.gr\/wp-content\/uploads\/2023\/10\/YFANTI-3.jpg\" alt=\"\" class=\"wp-image-3244\" style=\"object-fit:cover\" srcset=\"https:\/\/dryfanti.gr\/wp-content\/uploads\/2023\/10\/YFANTI-3.jpg 500w, https:\/\/dryfanti.gr\/wp-content\/uploads\/2023\/10\/YFANTI-3-300x300.jpg 300w, https:\/\/dryfanti.gr\/wp-content\/uploads\/2023\/10\/YFANTI-3-150x150.jpg 150w\" sizes=\"auto, (max-width: 500px) 100vw, 500px\" \/><\/figure>\n<\/div>\n\n\n\n<div class=\"wp-block-column is-layout-flow wp-block-column-is-layout-flow\" style=\"flex-basis:50%\">\n<p>Pentru combaterea&nbsp;<strong>pierderii p\u0103rului \u2013 alopeciei, pungilor de sub pleoape si b\u0103rbiei duble<\/strong>, se utilizeaz\u0103 o tehnic\u0103 inovatoare, respectiv&nbsp;<strong>Carboxytherapy&nbsp;(Gas Contouring)<\/strong>.<\/p>\n\n\n\n<p>Tratamentul este realizat prin inducerea de dioxid de carbon medical \u00een zonele dorite, \u00een func\u021bie de o procedur\u0103 personalizat\u0103 \u0219i conform nevoilor pacientului.<\/p>\n\n\n\n<p>Prin efectul dioxidului de carbon se ob\u021bine o circula\u021bie sanguin\u0103 mai bun\u0103 si oxigenarea pielii.<\/p>\n\n\n\n<p>Se recomamd\u0103 \u00eentre 8-10 \u0219edin\u021be \u00een func\u021bie de nevoile dvs. individuale.<\/p>\n\n\n\n<h2 class=\"gb-headline gb-headline-ca5d5ea4 gb-headline-text\"><\/h2>\n<\/div>\n<\/div>\n\n\n<div class=\"gb-grid-wrapper gb-grid-wrapper-f2adef3f\">\n<div class=\"gb-grid-column gb-grid-column-fdb919f9\"><div class=\"gb-container gb-container-fdb919f9\">\n\n<h2 class=\"gb-headline gb-headline-921518eb gb-headline-text\">Siguran\u021ba \u00een timpul tratamentului \u0219i durata acestuia<\/h2>\n\n\n<div class=\"gb-grid-wrapper gb-grid-wrapper-d67dfdfa\">\n<div class=\"gb-grid-column gb-grid-column-63c99482\"><div class=\"gb-container gb-container-63c99482\">\n\n<p>Tratamentul nu prezint\u0103 riscuri. Dureaz\u0103 aproximativ 30 de minute dup\u0103 care v\u0103 pute\u021bi \u00eentoarce la activit\u0103\u021bile zilnice.<\/p>\n\n<\/div><\/div>\n<\/div>\n<\/div><\/div>\n<\/div>\n<\/div>\n<\/div>\n\n\n<h2 class=\"gb-headline gb-headline-f00f9dcf gb-headline-text\"><\/h2>\n","protected":false},"excerpt":{"rendered":"<p>Pentru combaterea&nbsp;pierderii p\u0103rului \u2013 alopeciei, pungilor de sub pleoape si b\u0103rbiei duble, se utilizeaz\u0103 o tehnic\u0103 inovatoare, respectiv&nbsp;Carboxytherapy&nbsp;(Gas Contouring). Tratamentul &#8230; <\/p>\n<p class=\"read-more-container\"><a title=\"Carboxiterapia\" class=\"read-more button\" href=\"https:\/\/dryfanti.gr\/ro\/servicii-medicale\/dermatologie-estetica\/tratamente-faciale\/carboxiterapia\/#more-2036\" aria-label=\"More on Carboxiterapia\">Mai mult<\/a><\/p>\n","protected":false},"author":14,"featured_media":0,"parent":3046,"menu_order":0,"comment_status":"closed","ping_status":"closed","template":"","meta":{"footnotes":""},"class_list":["post-2036","page","type-page","status-publish"],"_links":{"self":[{"href":"https:\/\/dryfanti.gr\/ro\/wp-json\/wp\/v2\/pages\/2036","targetHints":{"allow":["GET"]}}],"collection":[{"href":"https:\/\/dryfanti.gr\/ro\/wp-json\/wp\/v2\/pages"}],"about":[{"href":"https:\/\/dryfanti.gr\/ro\/wp-json\/wp\/v2\/types\/page"}],"author":[{"embeddable":true,"href":"https:\/\/dryfanti.gr\/ro\/wp-json\/wp\/v2\/users\/14"}],"replies":[{"embeddable":true,"href":"https:\/\/dryfanti.gr\/ro\/wp-json\/wp\/v2\/comments?post=2036"}],"version-history":[{"count":7,"href":"https:\/\/dryfanti.gr\/ro\/wp-json\/wp\/v2\/pages\/2036\/revisions"}],"predecessor-version":[{"id":3596,"href":"https:\/\/dryfanti.gr\/ro\/wp-json\/wp\/v2\/pages\/2036\/revisions\/3596"}],"up":[{"embeddable":true,"href":"https:\/\/dryfanti.gr\/ro\/wp-json\/wp\/v2\/pages\/3046"}],"wp:attachment":[{"href":"https:\/\/dryfanti.gr\/ro\/wp-json\/wp\/v2\/media?parent=2036"}],"curies":[{"name":"wp","href":"https:\/\/api.w.org\/{rel}","templated":true}]}}