{"id":2029,"date":"2023-09-15T13:48:56","date_gmt":"2023-09-15T10:48:56","guid":{"rendered":"https:\/\/mistyrose-fox-409623.hostingersite.com\/?page_id=2029"},"modified":"2023-10-25T17:24:49","modified_gmt":"2023-10-25T14:24:49","slug":"tratamentul-melasmei","status":"publish","type":"page","link":"https:\/\/dryfanti.gr\/ro\/servicii-medicale\/dermatologie-estetica\/tratamente-faciale\/tratamentul-melasmei\/","title":{"rendered":"Tratamentul Melasmei"},"content":{"rendered":"<div class=\"gb-container gb-container-ec1ae282 single-service-section1\">\n<div class=\"gb-container gb-container-d5e60f0c inner-container\">\n\n<div class=\"wp-block-columns is-layout-flex wp-container-core-columns-is-layout-9d6595d7 wp-block-columns-is-layout-flex\">\n<div class=\"wp-block-column is-layout-flow wp-block-column-is-layout-flow\" style=\"flex-basis:50%\">\n<p>Vara este un sezon \u00een care pielea noastra este expus\u0103 la doze mari de radia\u021bii UV.<\/p>\n\n\n\n<p>Zonele corporale cele mai expuse sunt fa\u021ba, g\u00e2tul, suprafa\u021ba toracic\u0103 anterioar\u0103 \u0219i m\u00e2inile.<\/p>\n\n\n\n<p>Reac\u021bia normal\u0103 a pielii la expunerea la radia\u021bii UV este produc\u021bia de melanin\u0103 ce devine vizibil\u0103 sub forma de &#8222;bronz&#8221;.<\/p>\n\n\n\n<p>\u00cen anumite zone corporale &#8222;bronzul&#8221; devine mai pronun\u021bat \u00een raport cu \u021besutul \u00eenconjur\u0103tor, ceea ce Dermatologi numesc&nbsp;<strong>melasma<\/strong>.<\/p>\n<\/div>\n\n\n\n<div class=\"wp-block-column is-layout-flow wp-block-column-is-layout-flow\" style=\"flex-basis:50%\">\n<figure class=\"gb-block-image gb-block-image-716fb01d\"><img loading=\"lazy\" decoding=\"async\" width=\"400\" height=\"300\" class=\"gb-image gb-image-716fb01d\" src=\"http:\/\/dryfanti.gr\/wp-content\/uploads\/2023\/09\/melasma.jpg\" alt=\"\" title=\"melasma\" srcset=\"https:\/\/dryfanti.gr\/wp-content\/uploads\/2023\/09\/melasma.jpg 400w, https:\/\/dryfanti.gr\/wp-content\/uploads\/2023\/09\/melasma-300x225.jpg 300w\" sizes=\"auto, (max-width: 400px) 100vw, 400px\"><\/figure>\n<\/div>\n<\/div>\n\n\n\n<p><strong>Melasma<\/strong>&nbsp;se poate manifesta \u00een timpul sarcinii, la persoanele cu disfunc\u021bii ale glandelor tiroidiene, la pacien\u021bii care iau pastile anticoncep\u021bionale, sau se afl\u0103 sub tratament cu estrogen sau progesteron, fototoxice sau anumite medicamente pentru inim\u0103.<\/p>\n\n\n\n<p>Folosind o lamp\u0103 fluorescent\u0103&nbsp;<strong>special\u0103<\/strong>&nbsp;(<strong>lampa Wood<\/strong>) dermatologul poate determina ad\u00e2ncimea la care s-a depus melanina pentru a se determina tratamentul adecvat dar \u0219i pentru o prognoz\u0103 a rezultatului a\u0219teptat.<\/p>\n\n\n\n<p>\u00cen func\u021bie de utilitatea l\u0103mpii Wood cu privire la tipul de afec\u021biune,&nbsp;<strong>melasma<\/strong>&nbsp;se \u00eemparte \u00een 3 categorii:<\/p>\n\n\n\n<ol class=\"wp-block-list\">\n<li>De tip epidermic (\u00eent\u00e2lnit\u0103 la aproximativ 70% din persoanele cu melasma) la care se observ\u0103 o cre\u0219tere a melaninei \u00een principal \u00een stratul bazal. Acest tip r\u0103spunde eficient la tratament.<\/li>\n\n\n\n<li>De tip&nbsp;<strong>cutanat<\/strong>&nbsp;(10% din cazuri), caz \u00een care nu se observ\u0103 deteriorare prin utilizarea l\u0103mpii Wood. Acest tip nu r\u0103spunde eficient la tratament.<\/li>\n\n\n\n<li>De tip&nbsp;<strong>mixt<\/strong>&nbsp;(20% din cazuri), caz \u00een care se observ\u0103 zone care se deterioreaz\u0103 \u0219i altele care nu sunt afectate de c\u0103tre lampa Wood.<\/li>\n<\/ol>\n\n\n\n<h2 class=\"gb-headline gb-headline-9f14f229 gb-headline-text\">Cum se trateaz\u0103 melasma \u0219i petele?<\/h2>\n\n\n\n<ul class=\"wp-block-list\">\n<li>Prin utilizarea diferitelor tipuri de&nbsp;<strong>peeling<\/strong>&nbsp;(acid glicolic, TCA, solu\u021bie Jessner, acid salicilic, acid kojic).<\/li>\n\n\n\n<li>Prin&nbsp;<strong>Crioterapie<\/strong>, \u00een special la persoanele cu lentigine \u0219i cu fototip I \u0219i II potrivit Fitzpatrick.<\/li>\n\n\n\n<li>Prin&nbsp;<strong>Mezoterapie<\/strong>&nbsp;sau&nbsp;<strong>Microneedling<\/strong>&nbsp;\u00een combina\u021bie cu serum de albire \u0219i vitamina C pentru o penetrare mai eficient\u0103.<\/li>\n\n\n\n<li>Prin utilizarea dispozitivului&nbsp;<strong>FRACTIONAL LASER<\/strong>&nbsp;\u0219i&nbsp;<strong>LASER Q-switch<\/strong>.<\/li>\n\n\n\n<li>Cel mai bun tratament este prevenirea prin evitarea expunerii la soare \u0219i utilizarea de protec\u021bie solar\u0103 cu factor de protec\u021bie ridicat at\u00e2t pentru radia\u021biile UVB c\u00e2t \u0219i pentru UVA.<\/li>\n<\/ul>\n\n\n\n<h2 class=\"gb-headline gb-headline-de361a0f gb-headline-text\">Incidente \u00eenainte \u0219i dup\u0103<\/h2>\n\n\n\n<div class=\"wp-block-columns is-layout-flex wp-container-core-columns-is-layout-9d6595d7 wp-block-columns-is-layout-flex\">\n<div class=\"wp-block-column is-layout-flow wp-block-column-is-layout-flow\" style=\"flex-basis:50%\">\n<figure class=\"gb-block-image gb-block-image-87e7cd14\"><img loading=\"lazy\" decoding=\"async\" width=\"400\" height=\"200\" class=\"gb-image gb-image-87e7cd14\" src=\"http:\/\/dryfanti.gr\/wp-content\/uploads\/2023\/09\/melasma-prin-meta.jpg\" alt=\"\" title=\"melasma-prin-meta\" srcset=\"https:\/\/dryfanti.gr\/wp-content\/uploads\/2023\/09\/melasma-prin-meta.jpg 400w, https:\/\/dryfanti.gr\/wp-content\/uploads\/2023\/09\/melasma-prin-meta-300x150.jpg 300w\" sizes=\"auto, (max-width: 400px) 100vw, 400px\"><\/figure>\n<\/div>\n\n\n\n<div class=\"wp-block-column is-layout-flow wp-block-column-is-layout-flow\" style=\"flex-basis:50%\">\n<figure class=\"wp-block-image size-full is-resized\"><img loading=\"lazy\" decoding=\"async\" src=\"http:\/\/dryfanti.gr\/wp-content\/uploads\/2023\/09\/melasma-prin-kai-meta.jpg\" alt=\"\" class=\"wp-image-2898\" style=\"width:369px;height:184px\" width=\"369\" height=\"184\" srcset=\"https:\/\/dryfanti.gr\/wp-content\/uploads\/2023\/09\/melasma-prin-kai-meta.jpg 400w, https:\/\/dryfanti.gr\/wp-content\/uploads\/2023\/09\/melasma-prin-kai-meta-300x150.jpg 300w\" sizes=\"auto, (max-width: 369px) 100vw, 369px\" \/><\/figure>\n<\/div>\n<\/div>\n\n<\/div>\n<\/div>","protected":false},"excerpt":{"rendered":"<p>Vara este un sezon \u00een care pielea noastra este expus\u0103 la doze mari de radia\u021bii UV. Zonele corporale cele mai &#8230; <\/p>\n<p class=\"read-more-container\"><a title=\"Tratamentul Melasmei\" class=\"read-more button\" href=\"https:\/\/dryfanti.gr\/ro\/servicii-medicale\/dermatologie-estetica\/tratamente-faciale\/tratamentul-melasmei\/#more-2029\" aria-label=\"More on Tratamentul Melasmei\">Mai mult<\/a><\/p>\n","protected":false},"author":14,"featured_media":3152,"parent":3046,"menu_order":0,"comment_status":"closed","ping_status":"closed","template":"","meta":{"footnotes":""},"class_list":["post-2029","page","type-page","status-publish","has-post-thumbnail"],"_links":{"self":[{"href":"https:\/\/dryfanti.gr\/ro\/wp-json\/wp\/v2\/pages\/2029","targetHints":{"allow":["GET"]}}],"collection":[{"href":"https:\/\/dryfanti.gr\/ro\/wp-json\/wp\/v2\/pages"}],"about":[{"href":"https:\/\/dryfanti.gr\/ro\/wp-json\/wp\/v2\/types\/page"}],"author":[{"embeddable":true,"href":"https:\/\/dryfanti.gr\/ro\/wp-json\/wp\/v2\/users\/14"}],"replies":[{"embeddable":true,"href":"https:\/\/dryfanti.gr\/ro\/wp-json\/wp\/v2\/comments?post=2029"}],"version-history":[{"count":7,"href":"https:\/\/dryfanti.gr\/ro\/wp-json\/wp\/v2\/pages\/2029\/revisions"}],"predecessor-version":[{"id":3590,"href":"https:\/\/dryfanti.gr\/ro\/wp-json\/wp\/v2\/pages\/2029\/revisions\/3590"}],"up":[{"embeddable":true,"href":"https:\/\/dryfanti.gr\/ro\/wp-json\/wp\/v2\/pages\/3046"}],"wp:featuredmedia":[{"embeddable":true,"href":"https:\/\/dryfanti.gr\/ro\/wp-json\/wp\/v2\/media\/3152"}],"wp:attachment":[{"href":"https:\/\/dryfanti.gr\/ro\/wp-json\/wp\/v2\/media?parent=2029"}],"curies":[{"name":"wp","href":"https:\/\/api.w.org\/{rel}","templated":true}]}}