{"id":2021,"date":"2023-09-15T13:42:26","date_gmt":"2023-09-15T10:42:26","guid":{"rendered":"https:\/\/mistyrose-fox-409623.hostingersite.com\/?page_id=2021"},"modified":"2023-10-25T17:21:37","modified_gmt":"2023-10-25T14:21:37","slug":"mezotherapie-faciala","status":"publish","type":"page","link":"https:\/\/dryfanti.gr\/ro\/servicii-medicale\/dermatologie-estetica\/tratamente-faciale\/mezotherapie-faciala\/","title":{"rendered":"Mezotherapie Facial\u0103"},"content":{"rendered":"<div class=\"gb-container gb-container-ec1ae282 single-service-section1\">\n<div class=\"gb-container gb-container-d5e60f0c inner-container\">\n\n<div class=\"wp-block-columns is-layout-flex wp-container-core-columns-is-layout-9d6595d7 wp-block-columns-is-layout-flex\">\n<div class=\"wp-block-column is-layout-flow wp-block-column-is-layout-flow\" style=\"flex-basis:33.33%\">\n<figure class=\"gb-block-image gb-block-image-e4a9649f\"><img loading=\"lazy\" decoding=\"async\" width=\"400\" height=\"300\" class=\"gb-image gb-image-e4a9649f\" src=\"http:\/\/dryfanti.gr\/wp-content\/uploads\/2015\/03\/mesotherapeia-prosopou.jpg\" alt=\"\" title=\"mesotherapeia-prosopou\" srcset=\"https:\/\/dryfanti.gr\/wp-content\/uploads\/2015\/03\/mesotherapeia-prosopou.jpg 400w, https:\/\/dryfanti.gr\/wp-content\/uploads\/2015\/03\/mesotherapeia-prosopou-300x225.jpg 300w\" sizes=\"auto, (max-width: 400px) 100vw, 400px\"><\/figure>\n<\/div>\n\n\n\n<div class=\"wp-block-column is-layout-flow wp-block-column-is-layout-flow\" style=\"flex-basis:66.66%\">\n<p>Mezoterapia este o tehnic\u0103 pentru introducerea unor substan\u021be farmaceutice \u2018\u2019pre\u021bioase\u2019\u2019 \u00een cantit\u0103\u021bi mici, \u00een mesoderm, \u00een derm \u0219i subcutanat.<\/p>\n\n\n\n<p><strong>Mezoterapia se realizeaz\u0103 \u00een mod eficient:<\/strong><\/p>\n\n\n\n<ul class=\"wp-block-list\">\n<li>Pentru tratamentul celulitei.<\/li>\n\n\n\n<li>Pentru tratamentul \u00eempotriva \u00eemb\u0103tr\u00e2nirii \u0219i pentru elasticitatea pielii.<\/li>\n\n\n\n<li>Pentru ameliorarea \u0219i catifelarea ridurilor.<\/li>\n\n\n\n<li>Pentru lipoliza local\u0103.<\/li>\n\n\n\n<li>Pentru tratamentul alopeciei si a pierderii p\u0103rului.<\/li>\n<\/ul>\n<\/div>\n<\/div>\n\n\n\n<h4 class=\"wp-block-heading\">Exist\u0103 dou\u0103 modalit\u0103\u021bi de aplicare a metodei:<\/h4>\n\n\n\n<ul class=\"wp-block-list\">\n<li><strong>Mezoterapia injectabil\u0103:<\/strong>&nbsp;cu tehnica multipunct (nappage) \u0219i cu tehnica pustulelor (papules).<\/li>\n\n\n\n<li><strong>Mezoterapia non-injectabil\u0103:<\/strong>&nbsp;Prin utilizarea unui dispozitiv special, substan\u021bele mezoterapiei p\u0103trund \u00een straturile profunde ale pielii, Mesoporation \u2013 Electroporation \u2013 JOBRE\u2019.<\/li>\n<\/ul>\n\n\n\n<p>Substan\u021bele folosite sunt multivitamine, acidul hialuronic \u0219i lipoliticele.<\/p>\n\n\n\n<p>Pentru rezultate vizibile, sunt necesare aproximativ 4 \u0219edin\u021be de c\u00e2te 15-20 zile \u0219i tratament de \u00eentre\u021binere la fiecare 3-4 luni.<\/p>\n\n\n\n<h2 class=\"gb-headline gb-headline-3817c346 gb-headline-text\">Mezoterapia autolog\u0103 \u2013 PRP (plasm\u0103 bogat\u0103 \u00een factori de cre\u0219tere)<\/h2>\n\n\n\n<p>Mezoterapia autolog\u0103 prin metoda Platelet Rich Plasma (PRP), este un tratament extrem de eficient \u00eempotriva \u00eemb\u0103tr\u00e2nirii care utilizeaz\u0103 substan\u021be din propriul nostru organism, pe care le activeaz\u0103 dup\u0103 o prelucrare specific\u0103.<\/p>\n\n\n\n<p>&#8222;Treze\u0219te&#8221; factorii de cre\u0219tere, adic\u0103 proteine cu propriet\u0103\u021bi de regenerare care sunt con\u021binute \u00een trombocite.<\/p>\n\n\n\n<p>Trombocitele se reg\u0103sesc \u00een plasma sanguin\u0103 care este un produs al centrifug\u0103rii s\u00e2ngelui dumneavoastr\u0103.<\/p>\n\n\n\n<p>Cantitatea necesar\u0103 de s\u00e2nge este de aproximativ 15 ml \u0219i este colectat\u0103 la cabinetul nostru.<\/p>\n\n\n\n<p>\u00cen timpul tratamentului, factorii de cre\u0219tere sunt injecta\u021bi sub piele.<\/p>\n\n\n\n<div style=\"height:17px\" aria-hidden=\"true\" class=\"wp-block-spacer\"><\/div>\n\n\n\n<h2 class=\"gb-headline gb-headline-50f5ef07 gb-headline-text\">La ce rezultate v\u0103 pute\u021bi a\u0219tepta de la mezoterapia autolog\u0103 cu metoda Platelet Rich Plasma (PRP)?<\/h2>\n\n\n\n<ul class=\"wp-block-list\">\n<li>Elimin\u0103 ridurile fine (fa\u021b\u0103, laba g\u00e2\u0219tii, \u0219i decolteu).<\/li>\n\n\n\n<li>Hidrateaz\u0103.<\/li>\n\n\n\n<li>Amelioreaz\u0103 cercurile negre.<\/li>\n\n\n\n<li>Ofer\u0103 elasticitate \u0219i combate laxitatea pielii.<\/li>\n\n\n\n<li>Regenereaz\u0103 foliculii p\u0103rului. (Tehnic\u0103 inovativ\u0103 pentru persoanele cu alopecie androgenetic\u0103).<\/li>\n<\/ul>\n\n\n\n<h2 class=\"gb-headline gb-headline-74e913af gb-headline-text\">Este sigur tratamentul PRP?<\/h2>\n\n\n\n<p>Procedeul este total inofensiv, precum \u0219i materialul injectabil provenit din propriul dumneavoastr\u0103 organism, prin urmare, este absolut compatibil cu dumneavoastr\u0103.<\/p>\n\n\n\n<h2 class=\"gb-headline gb-headline-4e001578 gb-headline-text\">C\u00e2te \u0219edin\u021be PRP sunt necesare?<\/h2>\n\n\n\n<p>Num\u0103rul de \u0219edin\u021be necesare este de 4-6 pe an.<\/p>\n\n\n\n<h2 class=\"gb-headline gb-headline-33f425ea gb-headline-text\">Combina\u021bia de Laser Co2 frac\u021bional + PRP (plasm\u0103 autolog\u0103 bogat\u0103 \u00een factori de cre\u0219tere)<\/h2>\n\n\n\n<p>PRP nu constituie doar un factor de crestere a eficien\u021bei a tratamentului cu Laser CO2 Fractional ci \u0219i o metod\u0103 pentru o recuperare mai rapid\u0103.<\/p>\n\n\n\n<p>Imediat dup\u0103 tratamentul cu Laser Co2 Fractional se realizeaz\u0103 infuzie cu plasm\u0103 bogat\u0103 \u00een factori de cre\u0219tere determin\u00e2ndu-se astfel producerea de collagen nou.<\/p>\n\n\n\n<p>Rezultatul este impresionant \u0219i imediat vizibil: Luminozitate \u0219i revigorare de la prima \u0219edin\u021b\u0103!<\/p>\n\n\n\n<h2 class=\"gb-headline gb-headline-cff8c830 gb-headline-text\">Detalii importante privind procedura de tratament<\/h2>\n\n\n\n<p>Tratamentul complex \u0219i extrem de eficient se realizeaz\u0103 \u00eentr-un spa\u021biu special amenajat al clinicii noastre.<\/p>\n\n\n\n<p>Este necesar\u0103 utilizarea de crem\u0103 anestezic\u0103 pentru a se evita p\u00e2n\u0103 \u0219i cea mai mic\u0103 durere.<\/p>\n\n\n\n<p>Dup\u0103 tratament se poate observa o u\u0219oar\u0103 ro\u0219ea\u021b\u0103, care este u\u0219or de acoperit cu machiaj.<\/p>\n\n\n\n<p>Nu este necesar s\u0103 \u00eentrerupe\u021bi activit\u0103\u021bile zilnice.<\/p>\n\n\n\n<h2 class=\"gb-headline gb-headline-f8cbf903 gb-headline-text\">Incidente \u00eenainte \u0219i dup\u0103<\/h2>\n\n<\/div>\n<\/div>\n\n<div class=\"gb-grid-wrapper gb-grid-wrapper-4e9bca59\">\n<div class=\"gb-grid-column gb-grid-column-cc182346\"><div class=\"gb-container gb-container-cc182346\"><\/div><\/div>\n\n<div class=\"gb-grid-column gb-grid-column-248b4822\"><div class=\"gb-container gb-container-248b4822\">\n\n<figure class=\"gb-block-image gb-block-image-3169bd23\"><img loading=\"lazy\" decoding=\"async\" width=\"400\" height=\"222\" class=\"gb-image gb-image-3169bd23\" src=\"http:\/\/dryfanti.gr\/wp-content\/uploads\/2015\/03\/mesotherapeia1.jpg\" alt=\"\" title=\"mesotherapeia1\" srcset=\"https:\/\/dryfanti.gr\/wp-content\/uploads\/2015\/03\/mesotherapeia1.jpg 400w, https:\/\/dryfanti.gr\/wp-content\/uploads\/2015\/03\/mesotherapeia1-300x167.jpg 300w\" sizes=\"auto, (max-width: 400px) 100vw, 400px\"><\/figure>\n\n<\/div><\/div>\n\n<div class=\"gb-grid-column gb-grid-column-e4536e28\"><div class=\"gb-container gb-container-e4536e28\"><\/div><\/div>\n<\/div>","protected":false},"excerpt":{"rendered":"<p>Mezoterapia este o tehnic\u0103 pentru introducerea unor substan\u021be farmaceutice \u2018\u2019pre\u021bioase\u2019\u2019 \u00een cantit\u0103\u021bi mici, \u00een mesoderm, \u00een derm \u0219i subcutanat. Mezoterapia &#8230; <\/p>\n<p class=\"read-more-container\"><a title=\"Mezotherapie Facial\u0103\" class=\"read-more button\" href=\"https:\/\/dryfanti.gr\/ro\/servicii-medicale\/dermatologie-estetica\/tratamente-faciale\/mezotherapie-faciala\/#more-2021\" aria-label=\"More on Mezotherapie Facial\u0103\">Mai mult<\/a><\/p>\n","protected":false},"author":14,"featured_media":3155,"parent":3046,"menu_order":0,"comment_status":"closed","ping_status":"closed","template":"","meta":{"footnotes":""},"class_list":["post-2021","page","type-page","status-publish","has-post-thumbnail"],"_links":{"self":[{"href":"https:\/\/dryfanti.gr\/ro\/wp-json\/wp\/v2\/pages\/2021","targetHints":{"allow":["GET"]}}],"collection":[{"href":"https:\/\/dryfanti.gr\/ro\/wp-json\/wp\/v2\/pages"}],"about":[{"href":"https:\/\/dryfanti.gr\/ro\/wp-json\/wp\/v2\/types\/page"}],"author":[{"embeddable":true,"href":"https:\/\/dryfanti.gr\/ro\/wp-json\/wp\/v2\/users\/14"}],"replies":[{"embeddable":true,"href":"https:\/\/dryfanti.gr\/ro\/wp-json\/wp\/v2\/comments?post=2021"}],"version-history":[{"count":4,"href":"https:\/\/dryfanti.gr\/ro\/wp-json\/wp\/v2\/pages\/2021\/revisions"}],"predecessor-version":[{"id":3584,"href":"https:\/\/dryfanti.gr\/ro\/wp-json\/wp\/v2\/pages\/2021\/revisions\/3584"}],"up":[{"embeddable":true,"href":"https:\/\/dryfanti.gr\/ro\/wp-json\/wp\/v2\/pages\/3046"}],"wp:featuredmedia":[{"embeddable":true,"href":"https:\/\/dryfanti.gr\/ro\/wp-json\/wp\/v2\/media\/3155"}],"wp:attachment":[{"href":"https:\/\/dryfanti.gr\/ro\/wp-json\/wp\/v2\/media?parent=2021"}],"curies":[{"name":"wp","href":"https:\/\/api.w.org\/{rel}","templated":true}]}}