{"id":2013,"date":"2023-09-15T13:34:42","date_gmt":"2023-09-15T10:34:42","guid":{"rendered":"https:\/\/mistyrose-fox-409623.hostingersite.com\/?page_id=2013"},"modified":"2023-10-25T17:20:28","modified_gmt":"2023-10-25T14:20:28","slug":"peelings","status":"publish","type":"page","link":"https:\/\/dryfanti.gr\/ro\/servicii-medicale\/dermatologie-estetica\/tratamente-faciale\/peelings\/","title":{"rendered":"Peelings"},"content":{"rendered":"<div class=\"gb-container gb-container-ec1ae282 single-service-section1\">\n<div class=\"gb-container gb-container-d5e60f0c inner-container\">\n\n<div class=\"wp-block-columns is-layout-flex wp-container-core-columns-is-layout-9d6595d7 wp-block-columns-is-layout-flex\">\n<div class=\"wp-block-column is-layout-flow wp-block-column-is-layout-flow\" style=\"flex-basis:50%\">\n<figure class=\"wp-block-image size-full\"><img loading=\"lazy\" decoding=\"async\" width=\"500\" height=\"334\" src=\"http:\/\/dryfanti.gr\/wp-content\/uploads\/2023\/09\/peeling-prosopou.jpg\" alt=\"\" class=\"wp-image-2892\" style=\"object-fit:cover\" srcset=\"https:\/\/dryfanti.gr\/wp-content\/uploads\/2023\/09\/peeling-prosopou.jpg 500w, https:\/\/dryfanti.gr\/wp-content\/uploads\/2023\/09\/peeling-prosopou-300x200.jpg 300w\" sizes=\"auto, (max-width: 500px) 100vw, 500px\" \/><\/figure>\n<\/div>\n\n\n\n<div class=\"wp-block-column is-layout-flow wp-block-column-is-layout-flow\" style=\"flex-basis:50%\">\n<h2 class=\"gb-headline gb-headline-b6d86b9a gb-headline-text\">Ce sunt Peelings?<\/h2>\n\n\n\n<p><strong>Peelingul<\/strong>&nbsp;reprezint\u0103 una dintre cele mai populare proceduri cosmetice.&nbsp;<strong>Peelingul<\/strong>&nbsp;chimic este o procedur\u0103 prin intermediul c\u0103reia se produce lezarea controlat\u0103 a pielii ce activeaz\u0103 mecanismul de vindecare, avand ca rezultat \u00eembun\u0103t\u0103\u021birea texturii \u0219i culorii pielii, precum \u0219i reducerea ridurilor.<\/p>\n<\/div>\n<\/div>\n\n\n\n<h2 class=\"gb-headline gb-headline-8218c5ca gb-headline-text\">Indica\u021bii pentru Peeling<\/h2>\n\n\n\n<ul class=\"wp-block-list\">\n<li>Foto\u00eemb\u0103tr\u00e2nire \u2013 Riduri<\/li>\n\n\n\n<li>Melasm\u0103, Lentigo, Pistrui<\/li>\n\n\n\n<li>Acnee \u2013 Cicatrici de acne<\/li>\n\n\n\n<li>Rozacee<\/li>\n\n\n\n<li>hiperkeratoze actinice<\/li>\n\n\n\n<li>Xantelasme<\/li>\n<\/ul>\n\n\n\n<h2 class=\"gb-headline gb-headline-b26a45a7 gb-headline-text\">Peelingurile chimice sunt clasificate \u00een 3 categorii \u00een func\u021bie de ad\u00e2ncimea leziunii:<\/h2>\n\n\n\n<ul class=\"wp-block-list\">\n<li>Peeling superficial<\/li>\n\n\n\n<li>Peeling mediu<\/li>\n\n\n\n<li>Peeling profund<\/li>\n<\/ul>\n\n\n\n<p>Profunzimea&nbsp;<strong>Peelingului<\/strong>&nbsp;depinde de tipul de substan\u021b\u0103 folosit\u0103, concentra\u021bia ei, ph-ul, timul necesar aplic\u0103rii, num\u0103rul de straturi \u0219i preg\u0103tirea prealabil\u0103.<\/p>\n\n\n\n<h2 class=\"gb-headline gb-headline-68579756 gb-headline-text\">C\u00e2te \u0219edin\u021be sunt necesare?<\/h2>\n\n\n\n<p>Num\u0103rul de \u0219edin\u021be necesare depinde de tipul de&nbsp;<strong>Peeling<\/strong>&nbsp;(ex. acizi din fructe, acid tricloracetic, acid salicylic, acidul azelaic, solu\u021bie Jessner) \u0219i profunzimea acestuia, variind \u00eentre 4-8 pe an.<\/p>\n\n\n\n<p>Conformarea cu instruc\u021biunile dupa&nbsp;<strong>Peeling<\/strong>&nbsp;(ex. evitarea soarelui, folosirea protec\u021biei solare \u0219i a unguentului regenerator etc) ne ajut\u0103 s\u0103 ob\u021binem rezultatul dorit.<\/p>\n\n<\/div>\n<\/div>","protected":false},"excerpt":{"rendered":"<p>Ce sunt Peelings? Peelingul&nbsp;reprezint\u0103 una dintre cele mai populare proceduri cosmetice.&nbsp;Peelingul&nbsp;chimic este o procedur\u0103 prin intermediul c\u0103reia se produce lezarea &#8230; <\/p>\n<p class=\"read-more-container\"><a title=\"Peelings\" class=\"read-more button\" href=\"https:\/\/dryfanti.gr\/ro\/servicii-medicale\/dermatologie-estetica\/tratamente-faciale\/peelings\/#more-2013\" aria-label=\"More on Peelings\">Mai mult<\/a><\/p>\n","protected":false},"author":14,"featured_media":2959,"parent":3046,"menu_order":0,"comment_status":"closed","ping_status":"closed","template":"","meta":{"footnotes":""},"class_list":["post-2013","page","type-page","status-publish","has-post-thumbnail"],"_links":{"self":[{"href":"https:\/\/dryfanti.gr\/ro\/wp-json\/wp\/v2\/pages\/2013","targetHints":{"allow":["GET"]}}],"collection":[{"href":"https:\/\/dryfanti.gr\/ro\/wp-json\/wp\/v2\/pages"}],"about":[{"href":"https:\/\/dryfanti.gr\/ro\/wp-json\/wp\/v2\/types\/page"}],"author":[{"embeddable":true,"href":"https:\/\/dryfanti.gr\/ro\/wp-json\/wp\/v2\/users\/14"}],"replies":[{"embeddable":true,"href":"https:\/\/dryfanti.gr\/ro\/wp-json\/wp\/v2\/comments?post=2013"}],"version-history":[{"count":4,"href":"https:\/\/dryfanti.gr\/ro\/wp-json\/wp\/v2\/pages\/2013\/revisions"}],"predecessor-version":[{"id":3583,"href":"https:\/\/dryfanti.gr\/ro\/wp-json\/wp\/v2\/pages\/2013\/revisions\/3583"}],"up":[{"embeddable":true,"href":"https:\/\/dryfanti.gr\/ro\/wp-json\/wp\/v2\/pages\/3046"}],"wp:featuredmedia":[{"embeddable":true,"href":"https:\/\/dryfanti.gr\/ro\/wp-json\/wp\/v2\/media\/2959"}],"wp:attachment":[{"href":"https:\/\/dryfanti.gr\/ro\/wp-json\/wp\/v2\/media?parent=2013"}],"curies":[{"name":"wp","href":"https:\/\/api.w.org\/{rel}","templated":true}]}}