{"id":2006,"date":"2023-09-15T13:28:37","date_gmt":"2023-09-15T10:28:37","guid":{"rendered":"https:\/\/mistyrose-fox-409623.hostingersite.com\/?page_id=2006"},"modified":"2023-10-24T10:34:02","modified_gmt":"2023-10-24T07:34:02","slug":"microdermabraziune-face-up","status":"publish","type":"page","link":"https:\/\/dryfanti.gr\/ro\/servicii-medicale\/dermatologie-estetica\/tratamente-faciale\/microdermabraziune-face-up\/","title":{"rendered":"Microdermabraziune\u2013 Face Up"},"content":{"rendered":"<div class=\"gb-container gb-container-ec1ae282 single-service-section1\">\n<div class=\"gb-container gb-container-d5e60f0c inner-container\">\n\n<h2 class=\"gb-headline gb-headline-60a7a80a gb-headline-text\">Microdermabraziune &#8211; Microdermabrasion<\/h2>\n\n\n\n<p>Microdermabraziunea este o metod\u0103 non-invaziv\u0103 de \u00eendep\u0103rtare a stratului cornos al pielii cu ajutorul unui dispozitiv medical special.<\/p>\n\n\n\n<p>Prin aceast\u0103 metod\u0103 se realizeaz\u0103 activarea produc\u021biei de colagen \u0219i elastin\u0103 de c\u0103tre fibrobla\u0219ti, ceea ce are ca \u0219i rezultat o piele nou\u0103, ferm\u0103 \u0219i elastic\u0103, ameliorarea ridurilor fine, a petelor pielii \u0219i ale cicatricelor de acnee.<\/p>\n\n\n\n<p>\u00cen plus, la sf\u00e2r\u0219itul tratamentului, pielea este cur\u0103\u021bat\u0103 de celule moarte, are un grad mai ridicat de absorb\u021bie ale produselor cosmetice, realiz\u00e2ndu-se astfel o hidratare mai profund\u0103.<\/p>\n\n\n\n<h2 class=\"gb-headline gb-headline-9a4b5f61 gb-headline-text\">Face-Up Microdermabrasion System<\/h2>\n\n\n\n<p>Face-Up este un sistem inovativ \u0219i eficient micro-abraziv care combin\u0103 exfoliere si masaj.<\/p>\n\n\n\n<p>Este alc\u0103tuit dintr-un cap rotativ cu micro-vibra\u021bii, care combin\u0103 ac\u021biunea a dou\u0103 tehnologii, microdermabrasion \u0219i micropulsation.<\/p>\n\n\n\n<p>Prin mi\u0219carea circular\u0103 a capului sunt eliminate toate imperfec\u021biunile \u0219i impurit\u0103\u021bile, rezult\u00e2nd o piele curat\u0103 \u0219i fin\u0103.<\/p>\n\n\n\n<p>\u00cen paralel, microundele produse maseaz\u0103 pielea, stimul\u00e2nd \u0219i tonifiind mu\u0219chii faciali, \u00eembun\u0103t\u0103\u021bind circula\u021bia \u0219i f\u0103c\u00e2nd ca tratamentul s\u0103 fie extrem de relaxant.<\/p>\n\n\n\n<h2 class=\"gb-headline gb-headline-aca41c33 gb-headline-text\">C\u00e2t dureaz\u0103 tratamentul?<\/h2>\n\n\n\n<p>Timpul necesar pentru fiecare \u0219edin\u021b\u0103 depinde de amploarea problemei \u0219i starea pielii.<\/p>\n\n\n\n<p>De obicei sunt necesare aproximativ 30 minute.<\/p>\n\n\n\n<p>\u00cen cazul \u00een care pielea a suferit o deteriorare semnificativ\u0103 sau zona care necesit\u0103 terapie este foarte mare, probabil vor fi necesare mai multe \u0219edin\u021be pentru a se ob\u021bine rezultatul dorit.<\/p>\n\n\n\n<div style=\"height:19px\" aria-hidden=\"true\" class=\"wp-block-spacer\"><\/div>\n\n\n\n<h2 class=\"gb-headline gb-headline-60ac4f4e gb-headline-text\">VIDEO<\/h2>\n\n\n\n<div class=\"wp-block-columns is-layout-flex wp-container-core-columns-is-layout-9d6595d7 wp-block-columns-is-layout-flex\">\n<div class=\"wp-block-column is-layout-flow wp-block-column-is-layout-flow\" style=\"flex-basis:25%\"><\/div>\n\n\n\n<div class=\"wp-block-column is-layout-flow wp-block-column-is-layout-flow\" style=\"flex-basis:50%\">\n<figure class=\"wp-block-embed is-type-video is-provider-youtube wp-block-embed-youtube wp-embed-aspect-4-3 wp-has-aspect-ratio\"><div class=\"wp-block-embed__wrapper\">\n<iframe loading=\"lazy\" title=\"General Project - Face-up\" width=\"1200\" height=\"900\" src=\"https:\/\/www.youtube.com\/embed\/4C4JNjeZRGI?feature=oembed\" frameborder=\"0\" allow=\"accelerometer; autoplay; clipboard-write; encrypted-media; gyroscope; picture-in-picture; web-share\" allowfullscreen><\/iframe>\n<\/div><\/figure>\n<\/div>\n\n\n\n<div class=\"wp-block-column is-layout-flow wp-block-column-is-layout-flow\" style=\"flex-basis:25%\"><\/div>\n<\/div>\n\n<\/div>\n<\/div>","protected":false},"excerpt":{"rendered":"<p>Microdermabraziune &#8211; Microdermabrasion Microdermabraziunea este o metod\u0103 non-invaziv\u0103 de \u00eendep\u0103rtare a stratului cornos al pielii cu ajutorul unui dispozitiv medical &#8230; <\/p>\n<p class=\"read-more-container\"><a title=\"Microdermabraziune\u2013 Face Up\" class=\"read-more button\" href=\"https:\/\/dryfanti.gr\/ro\/servicii-medicale\/dermatologie-estetica\/tratamente-faciale\/microdermabraziune-face-up\/#more-2006\" aria-label=\"More on Microdermabraziune\u2013 Face Up\">Mai mult<\/a><\/p>\n","protected":false},"author":14,"featured_media":0,"parent":3046,"menu_order":0,"comment_status":"closed","ping_status":"closed","template":"","meta":{"footnotes":""},"class_list":["post-2006","page","type-page","status-publish"],"_links":{"self":[{"href":"https:\/\/dryfanti.gr\/ro\/wp-json\/wp\/v2\/pages\/2006","targetHints":{"allow":["GET"]}}],"collection":[{"href":"https:\/\/dryfanti.gr\/ro\/wp-json\/wp\/v2\/pages"}],"about":[{"href":"https:\/\/dryfanti.gr\/ro\/wp-json\/wp\/v2\/types\/page"}],"author":[{"embeddable":true,"href":"https:\/\/dryfanti.gr\/ro\/wp-json\/wp\/v2\/users\/14"}],"replies":[{"embeddable":true,"href":"https:\/\/dryfanti.gr\/ro\/wp-json\/wp\/v2\/comments?post=2006"}],"version-history":[{"count":3,"href":"https:\/\/dryfanti.gr\/ro\/wp-json\/wp\/v2\/pages\/2006\/revisions"}],"predecessor-version":[{"id":3092,"href":"https:\/\/dryfanti.gr\/ro\/wp-json\/wp\/v2\/pages\/2006\/revisions\/3092"}],"up":[{"embeddable":true,"href":"https:\/\/dryfanti.gr\/ro\/wp-json\/wp\/v2\/pages\/3046"}],"wp:attachment":[{"href":"https:\/\/dryfanti.gr\/ro\/wp-json\/wp\/v2\/media?parent=2006"}],"curies":[{"name":"wp","href":"https:\/\/api.w.org\/{rel}","templated":true}]}}