{"id":1999,"date":"2023-09-15T13:24:34","date_gmt":"2023-09-15T10:24:34","guid":{"rendered":"https:\/\/mistyrose-fox-409623.hostingersite.com\/?page_id=1999"},"modified":"2023-10-25T17:19:27","modified_gmt":"2023-10-25T14:19:27","slug":"dermaroller-dermapen","status":"publish","type":"page","link":"https:\/\/dryfanti.gr\/ro\/servicii-medicale\/dermatologie-estetica\/tratamente-faciale\/dermaroller-dermapen\/","title":{"rendered":"Dermaroller &#8211; Dermapen"},"content":{"rendered":"<div class=\"gb-container gb-container-ec1ae282 single-service-section1\">\n<div class=\"gb-container gb-container-d5e60f0c inner-container\">\n\n<div class=\"wp-block-columns is-layout-flex wp-container-core-columns-is-layout-9d6595d7 wp-block-columns-is-layout-flex\">\n<div class=\"wp-block-column is-layout-flow wp-block-column-is-layout-flow\" style=\"flex-basis:50%\">\n<figure class=\"wp-block-image size-full\"><img loading=\"lazy\" decoding=\"async\" width=\"400\" height=\"300\" src=\"http:\/\/dryfanti.gr\/wp-content\/uploads\/2023\/09\/dermaroller.jpg\" alt=\"\" class=\"wp-image-1092\" style=\"object-fit:cover\" srcset=\"https:\/\/dryfanti.gr\/wp-content\/uploads\/2023\/09\/dermaroller.jpg 400w, https:\/\/dryfanti.gr\/wp-content\/uploads\/2023\/09\/dermaroller-300x225.jpg 300w\" sizes=\"auto, (max-width: 400px) 100vw, 400px\" \/><\/figure>\n<\/div>\n\n\n\n<div class=\"wp-block-column is-layout-flow wp-block-column-is-layout-flow\" style=\"flex-basis:50%\">\n<h2 class=\"gb-headline gb-headline-8f6daaf9 gb-headline-text\">Ce reprezint\u0103 Medical Dermaroller\/Dermapen<sup>\u00ae<\/sup>?<\/h2>\n\n\n\n<p>Este la nivel mondial unica terapie de regenerare bazat\u0103 pe tehnologia Skin Micro-Needling.<\/p>\n\n\n\n<p>Pe parcursul terapiei se realizeaz\u0103 activarea mecanic\u0103 a dermului \u2013 stratul activ al pielii \u2013 care con\u021bine fibrobla\u0219ti, fapt care are ca rezultat producerea de colagen.<\/p>\n<\/div>\n<\/div>\n\n\n<div class=\"gb-grid-wrapper gb-grid-wrapper-b8ac2c53\">\n<div class=\"gb-grid-column gb-grid-column-fe4a7211\"><div class=\"gb-container gb-container-fe4a7211\">\n\n<p>Totodat\u0103, combina\u021bia de Medical Dermaroller\/Dermapen\u00ae cu ser activ personalizat, cre\u0219te eficien\u021ba terapiei.<\/p>\n\n<\/div><\/div>\n<\/div>\n\n\n<h2 class=\"gb-headline gb-headline-db0f7286 gb-headline-text\">Prin utilizarea terapiei Medical Dermaroller\/Dermapen\u00ae se ob\u021bine:<\/h2>\n\n\n\n<ul class=\"wp-block-list\">\n<li>Cre\u0219terea substan\u021bial\u0103 a colagenului din piele.<\/li>\n\n\n\n<li>Regenerarea pielii.<\/li>\n\n\n\n<li>Sporirea elasticit\u0103\u021bii \u0219i fermit\u0103\u021bii pielii.<\/li>\n\n\n\n<li>Eliminarea ridurilor fine \u0219i ameliorarea semnificativ\u0103 a ridurilor profunde.<\/li>\n\n\n\n<li>Netezirea cicatricilor de acnee \u0219i cicatricilor postraumatice.<\/li>\n\n\n\n<li>Eliminarea petelor de pe fa\u021b\u0103, decolteu \u0219i m\u00e2ini.<\/li>\n\n\n\n<li>Netezirea vergeturilor.<\/li>\n\n\n\n<li>Combaterea celulitei \u00een combina\u021bie cu agen\u021bii speciali pentru arderea gr\u0103similor.<\/li>\n\n\n\n<li>Anti-\u00eemb\u0103tr\u00e2nirea.<\/li>\n\n\n\n<li>Diminuarea c\u0103derii p\u0103rului.<\/li>\n<\/ul>\n\n<\/div>\n<\/div>","protected":false},"excerpt":{"rendered":"<p>Ce reprezint\u0103 Medical Dermaroller\/Dermapen\u00ae? Este la nivel mondial unica terapie de regenerare bazat\u0103 pe tehnologia Skin Micro-Needling. Pe parcursul terapiei &#8230; <\/p>\n<p class=\"read-more-container\"><a title=\"Dermaroller &#8211; Dermapen\" class=\"read-more button\" href=\"https:\/\/dryfanti.gr\/ro\/servicii-medicale\/dermatologie-estetica\/tratamente-faciale\/dermaroller-dermapen\/#more-1999\" aria-label=\"More on Dermaroller &#8211; Dermapen\">Mai mult<\/a><\/p>\n","protected":false},"author":14,"featured_media":3158,"parent":3046,"menu_order":0,"comment_status":"closed","ping_status":"closed","template":"","meta":{"footnotes":""},"class_list":["post-1999","page","type-page","status-publish","has-post-thumbnail"],"_links":{"self":[{"href":"https:\/\/dryfanti.gr\/ro\/wp-json\/wp\/v2\/pages\/1999","targetHints":{"allow":["GET"]}}],"collection":[{"href":"https:\/\/dryfanti.gr\/ro\/wp-json\/wp\/v2\/pages"}],"about":[{"href":"https:\/\/dryfanti.gr\/ro\/wp-json\/wp\/v2\/types\/page"}],"author":[{"embeddable":true,"href":"https:\/\/dryfanti.gr\/ro\/wp-json\/wp\/v2\/users\/14"}],"replies":[{"embeddable":true,"href":"https:\/\/dryfanti.gr\/ro\/wp-json\/wp\/v2\/comments?post=1999"}],"version-history":[{"count":4,"href":"https:\/\/dryfanti.gr\/ro\/wp-json\/wp\/v2\/pages\/1999\/revisions"}],"predecessor-version":[{"id":3582,"href":"https:\/\/dryfanti.gr\/ro\/wp-json\/wp\/v2\/pages\/1999\/revisions\/3582"}],"up":[{"embeddable":true,"href":"https:\/\/dryfanti.gr\/ro\/wp-json\/wp\/v2\/pages\/3046"}],"wp:featuredmedia":[{"embeddable":true,"href":"https:\/\/dryfanti.gr\/ro\/wp-json\/wp\/v2\/media\/3158"}],"wp:attachment":[{"href":"https:\/\/dryfanti.gr\/ro\/wp-json\/wp\/v2\/media?parent=1999"}],"curies":[{"name":"wp","href":"https:\/\/api.w.org\/{rel}","templated":true}]}}