{"id":1992,"date":"2023-09-15T13:21:18","date_gmt":"2023-09-15T10:21:18","guid":{"rendered":"https:\/\/mistyrose-fox-409623.hostingersite.com\/?page_id=1992"},"modified":"2023-10-26T10:41:50","modified_gmt":"2023-10-26T07:41:50","slug":"fractional-rf-fractional-laser","status":"publish","type":"page","link":"https:\/\/dryfanti.gr\/ro\/servicii-medicale\/dermatologie-estetica\/tratamente-faciale\/fractional-rf-fractional-laser\/","title":{"rendered":"Fractional RF + Co2 Fractional Laser"},"content":{"rendered":"<div class=\"gb-container gb-container-ec1ae282 single-service-section1\">\n<div class=\"gb-container gb-container-d5e60f0c inner-container\">\n\n<h2 class=\"gb-headline gb-headline-9a84dfbd gb-headline-text\">Fractional Laser Co2: Ce este<\/h2>\n\n\n<div class=\"gb-grid-wrapper gb-grid-wrapper-329ce45f\">\n<div class=\"gb-grid-column gb-grid-column-716b953b\"><div class=\"gb-container gb-container-716b953b\">\n\n<div class=\"wp-block-columns is-layout-flex wp-container-core-columns-is-layout-9d6595d7 wp-block-columns-is-layout-flex\">\n<div class=\"wp-block-column is-layout-flow wp-block-column-is-layout-flow\">\n<p>Utilizarea echipamentelor de<strong>&nbsp;RF (Radiofrecven\u021be)<\/strong>&nbsp;pentru regenerarea pielii reprezint\u0103 o revolu\u021bie \u00een domeniul Dermatologiei Estetice.<\/p>\n\n\n\n<p>Sunt extrem de eficiente \u00een ceea ce prive\u0219te cicatrici de acnee (atrofice), vergeturi, riduri fine \u0219i combate l\u0103sarea pielii, cu rezultate optime dup\u0103 2-3 sedinte.<\/p>\n<\/div>\n\n\n\n<div class=\"wp-block-column is-layout-flow wp-block-column-is-layout-flow\">\n<figure class=\"wp-block-image size-full\"><img loading=\"lazy\" decoding=\"async\" width=\"400\" height=\"300\" src=\"http:\/\/dryfanti.gr\/wp-content\/uploads\/2023\/09\/Fractional-RF.jpg\" alt=\"\" class=\"wp-image-1087\" style=\"object-fit:cover\" srcset=\"https:\/\/dryfanti.gr\/wp-content\/uploads\/2023\/09\/Fractional-RF.jpg 400w, https:\/\/dryfanti.gr\/wp-content\/uploads\/2023\/09\/Fractional-RF-300x225.jpg 300w\" sizes=\"auto, (max-width: 400px) 100vw, 400px\" \/><\/figure>\n<\/div>\n<\/div>\n\n<\/div><\/div>\n<\/div>\n\n<div class=\"gb-grid-wrapper gb-grid-wrapper-5ab38bdb\">\n<div class=\"gb-grid-column gb-grid-column-0de6db36\"><div class=\"gb-container gb-container-0de6db36\">\n\n<p><strong>Laserul CO2 frac\u021bional<\/strong>&nbsp;este un laser de ultim\u0103 genera\u021bie care are ca scop realizarea beneficiilor care poate aduce un laser pentru proceduri invasive, f\u0103r\u0103 s\u0103 existe o perioad\u0103 lung\u0103 de recuperare.<\/p>\n\n<\/div><\/div>\n<\/div>\n\n\n<h2 class=\"gb-headline gb-headline-d8e43c95 gb-headline-text\">Indica\u021biile principale privind utilizarea tehnologiei laser CO2 Fractional:<\/h2>\n\n\n\n<ul class=\"wp-block-list\">\n<li>\u00cembatranire cutanat\u0103 fotoindusa<\/li>\n\n\n\n<li>Regenerarea pielii<\/li>\n\n\n\n<li>Riduri \u2013 Vergeturi<\/li>\n\n\n\n<li>Pori dilata\u021bi<\/li>\n\n\n\n<li>Cicatrici de acnee<\/li>\n<\/ul>\n\n\n\n<h2 class=\"gb-headline gb-headline-57c78d75 gb-headline-text\">Combina\u021bia de laser CO2 frac\u021bional + PRP (plasma autolog\u0103 bogat\u0103 \u00een factori de cre\u0219tere)<\/h2>\n\n\n\n<p><strong>PRP-ul<\/strong>&nbsp;constituie at\u00e2t un factor important pentru amplificarea tratamentului cu&nbsp;<strong>laser CO2 Fractional<\/strong>&nbsp;c\u00e2t \u0219i pentru recuperarea mai rapid\u0103. Imediat dup\u0103 aplicarea Laserului Co2 Fractional se efectueaz\u0103 injectare de plasm\u0103 bogat\u0103 \u00een factori de cre\u0219tere, provoc\u00e2ndu-se astfel producerea de colagen nou.<\/p>\n\n\n\n<p>Rezultatul este impreionant \u0219i imediat vizibil: Luminozitate \u0219i revitalizare de la prima \u0219edin\u021b\u0103!<\/p>\n\n\n\n<h2 class=\"gb-headline gb-headline-bd1b36c2 gb-headline-text\">Detalii importante privind procedura de tratament<\/h2>\n\n\n\n<p>Tratamentul complex \u0219i extrem de eficient se realizeaz\u0103 \u00eentr-o zon\u0103 special amenajat\u0103 \u00een cadrul Cabinetului Medical.<\/p>\n\n\n\n<p>Este necesar\u0103 utilizarea de crem\u0103 anestezic\u0103 pentru a se evita p\u00e2n\u0103 \u0219i cea mai mic\u0103 durere.<\/p>\n\n\n\n<p>Dup\u0103 tratament se poate observa o u\u0219oar\u0103 rosea\u021b\u0103 care se poate acoperi u\u0219or cu make-up.<\/p>\n\n\n\n<p>Nu este necesar s\u0103 v\u0103 \u00eentrerupe\u021bi activit\u0103\u021bile.<\/p>\n\n\n\n<h2 class=\"gb-headline gb-headline-0ed3d422 gb-headline-text\">Incidente \u00eenainte \u0219i dup\u0103<\/h2>\n\n\n<div class=\"gb-grid-wrapper gb-grid-wrapper-940e0ae5\">\n<div class=\"gb-grid-column gb-grid-column-4280a80c\"><div class=\"gb-container gb-container-4280a80c\">\n\n<div class=\"wp-block-columns is-layout-flex wp-container-core-columns-is-layout-9d6595d7 wp-block-columns-is-layout-flex\">\n<div class=\"wp-block-column is-layout-flow wp-block-column-is-layout-flow\">\n<figure class=\"gb-block-image gb-block-image-033afe7f\"><img loading=\"lazy\" decoding=\"async\" width=\"398\" height=\"188\" class=\"gb-image gb-image-033afe7f\" src=\"http:\/\/dryfanti.gr\/wp-content\/uploads\/2023\/10\/fractional-01.jpg\" alt=\"\" title=\"fractional-01\" srcset=\"https:\/\/dryfanti.gr\/wp-content\/uploads\/2023\/10\/fractional-01.jpg 398w, https:\/\/dryfanti.gr\/wp-content\/uploads\/2023\/10\/fractional-01-300x142.jpg 300w\" sizes=\"auto, (max-width: 398px) 100vw, 398px\"><\/figure>\n<\/div>\n\n\n\n<div class=\"wp-block-column is-layout-flow wp-block-column-is-layout-flow\">\n<figure class=\"gb-block-image gb-block-image-1f7d3ed5\"><img loading=\"lazy\" decoding=\"async\" width=\"386\" height=\"188\" class=\"gb-image gb-image-1f7d3ed5\" src=\"http:\/\/dryfanti.gr\/wp-content\/uploads\/2023\/10\/fractional-02.jpg\" alt=\"\" title=\"fractional-02\" srcset=\"https:\/\/dryfanti.gr\/wp-content\/uploads\/2023\/10\/fractional-02.jpg 386w, https:\/\/dryfanti.gr\/wp-content\/uploads\/2023\/10\/fractional-02-300x146.jpg 300w\" sizes=\"auto, (max-width: 386px) 100vw, 386px\"><\/figure>\n<\/div>\n<\/div>\n\n<\/div><\/div>\n<\/div>\n\n<div class=\"gb-grid-wrapper gb-grid-wrapper-1a303c5f\">\n<div class=\"gb-grid-column gb-grid-column-51e35170\"><div class=\"gb-container gb-container-51e35170\"><\/div><\/div>\n\n<div class=\"gb-grid-column gb-grid-column-121676fa\"><div class=\"gb-container gb-container-121676fa\">\n\n<figure class=\"wp-block-image size-full\"><img loading=\"lazy\" decoding=\"async\" width=\"406\" height=\"270\" src=\"http:\/\/dryfanti.gr\/wp-content\/uploads\/2023\/09\/Fractional-RF-3.jpg\" alt=\"\" class=\"wp-image-1090\" style=\"object-fit:cover\" srcset=\"https:\/\/dryfanti.gr\/wp-content\/uploads\/2023\/09\/Fractional-RF-3.jpg 406w, https:\/\/dryfanti.gr\/wp-content\/uploads\/2023\/09\/Fractional-RF-3-300x200.jpg 300w\" sizes=\"auto, (max-width: 406px) 100vw, 406px\" \/><\/figure>\n\n<\/div><\/div>\n\n<div class=\"gb-grid-column gb-grid-column-643cc2f4\"><div class=\"gb-container gb-container-643cc2f4\"><\/div><\/div>\n<\/div>\n<\/div>\n<\/div>","protected":false},"excerpt":{"rendered":"<p>Fractional Laser Co2: Ce este Indica\u021biile principale privind utilizarea tehnologiei laser CO2 Fractional: Combina\u021bia de laser CO2 frac\u021bional + PRP &#8230; <\/p>\n<p class=\"read-more-container\"><a title=\"Fractional RF + Co2 Fractional Laser\" class=\"read-more button\" href=\"https:\/\/dryfanti.gr\/ro\/servicii-medicale\/dermatologie-estetica\/tratamente-faciale\/fractional-rf-fractional-laser\/#more-1992\" aria-label=\"More on Fractional RF + Co2 Fractional Laser\">Mai mult<\/a><\/p>\n","protected":false},"author":14,"featured_media":0,"parent":3046,"menu_order":0,"comment_status":"closed","ping_status":"closed","template":"","meta":{"footnotes":""},"class_list":["post-1992","page","type-page","status-publish"],"_links":{"self":[{"href":"https:\/\/dryfanti.gr\/ro\/wp-json\/wp\/v2\/pages\/1992","targetHints":{"allow":["GET"]}}],"collection":[{"href":"https:\/\/dryfanti.gr\/ro\/wp-json\/wp\/v2\/pages"}],"about":[{"href":"https:\/\/dryfanti.gr\/ro\/wp-json\/wp\/v2\/types\/page"}],"author":[{"embeddable":true,"href":"https:\/\/dryfanti.gr\/ro\/wp-json\/wp\/v2\/users\/14"}],"replies":[{"embeddable":true,"href":"https:\/\/dryfanti.gr\/ro\/wp-json\/wp\/v2\/comments?post=1992"}],"version-history":[{"count":6,"href":"https:\/\/dryfanti.gr\/ro\/wp-json\/wp\/v2\/pages\/1992\/revisions"}],"predecessor-version":[{"id":3682,"href":"https:\/\/dryfanti.gr\/ro\/wp-json\/wp\/v2\/pages\/1992\/revisions\/3682"}],"up":[{"embeddable":true,"href":"https:\/\/dryfanti.gr\/ro\/wp-json\/wp\/v2\/pages\/3046"}],"wp:attachment":[{"href":"https:\/\/dryfanti.gr\/ro\/wp-json\/wp\/v2\/media?parent=1992"}],"curies":[{"name":"wp","href":"https:\/\/api.w.org\/{rel}","templated":true}]}}