{"id":1985,"date":"2023-09-15T13:18:41","date_gmt":"2023-09-15T10:18:41","guid":{"rendered":"https:\/\/mistyrose-fox-409623.hostingersite.com\/?page_id=1985"},"modified":"2023-10-25T17:18:16","modified_gmt":"2023-10-25T14:18:16","slug":"rf-cu-coccon-duotechnology","status":"publish","type":"page","link":"https:\/\/dryfanti.gr\/ro\/servicii-medicale\/dermatologie-estetica\/tratamente-faciale\/rf-cu-coccon-duotechnology\/","title":{"rendered":"RF cu Coccon Duotechnology"},"content":{"rendered":"<div class=\"gb-container gb-container-ec1ae282 single-service-section1\">\n<div class=\"gb-container gb-container-d5e60f0c inner-container\">\n\n<div class=\"wp-block-columns is-layout-flex wp-container-core-columns-is-layout-9d6595d7 wp-block-columns-is-layout-flex\">\n<div class=\"wp-block-column is-layout-flow wp-block-column-is-layout-flow\" style=\"flex-basis:50%\">\n<figure class=\"wp-block-image size-full\"><img loading=\"lazy\" decoding=\"async\" width=\"400\" height=\"300\" src=\"http:\/\/dryfanti.gr\/wp-content\/uploads\/2023\/09\/RF-\u03bc\u03b5-Coccon-Duotechnology.jpg\" alt=\"\" class=\"wp-image-1081\" style=\"object-fit:cover\" srcset=\"https:\/\/dryfanti.gr\/wp-content\/uploads\/2023\/09\/RF-\u03bc\u03b5-Coccon-Duotechnology.jpg 400w, https:\/\/dryfanti.gr\/wp-content\/uploads\/2023\/09\/RF-\u03bc\u03b5-Coccon-Duotechnology-300x225.jpg 300w\" sizes=\"auto, (max-width: 400px) 100vw, 400px\" \/><\/figure>\n<\/div>\n\n\n\n<div class=\"wp-block-column is-layout-flow wp-block-column-is-layout-flow\" style=\"flex-basis:50%\">\n<h2 class=\"gb-headline gb-headline-af1a219a gb-headline-text\">Ce este tehnologia RF?<\/h2>\n\n\n\n<p>Tehnologia RF (radiofrecven\u021be) \u00eenc\u0103lze\u0219te \u021besuturile \u00een profunzime, urm\u0103rind activarea fibroblastelor \u0219i prin urmare producerea colagenului \u0219i elastinei, utiliz\u00e2nd o varietate de capuri unipolare \u0219i multipolare.<\/p>\n<\/div>\n<\/div>\n\n\n<div class=\"gb-grid-wrapper gb-grid-wrapper-fc2c4f94\">\n<div class=\"gb-grid-column gb-grid-column-d518ddab\"><div class=\"gb-container gb-container-d518ddab\"><\/div><\/div>\n<\/div>\n\n\n<h2 class=\"gb-headline gb-headline-58679c20 gb-headline-text\">Indica\u021bii<\/h2>\n\n\n\n<ul class=\"wp-block-list\">\n<li>Regenerarea pielii fe\u021bei \u0219i a g\u00e2tului.<\/li>\n\n\n\n<li>Reducerea b\u0103rbiei duble \u0219i tonifierea mandibulei.<\/li>\n<\/ul>\n\n\n\n<h2 class=\"gb-headline gb-headline-3e95da89 gb-headline-text\">C\u00e2te \u0219edin\u021be sunt necesare \u0219i cu ce frecven\u021b\u0103?<\/h2>\n\n\n\n<p>Num\u0103rul \u0219edin\u021belor variaz\u0103 \u00eentre 4-10, \u00een func\u021bie de gradul, dimensiunea problemei \u0219i procedura ce trebuie urmat\u0103. Dup\u0103 finalizarea \u0219edin\u021belor este necesar\u0103 o schem\u0103 de men\u021binere a rezultatului ob\u021binut.<\/p>\n\n\n\n<h2 class=\"gb-headline gb-headline-55b26bba gb-headline-text\">Exist\u0103 perioad\u0103 de recuperare \u2013 Reac\u021bii adverse?<\/h2>\n\n\n\n<p>Dup\u0103 \u0219edin\u021be pute\u021bi reveni la activit\u0103\u021bile zilnice. \u00cenro\u0219irea pielii care apare dup\u0103 terapie dureaz\u0103 c\u00e2teva ore. Bronzatul \u0219i exerci\u021biile intense ar trebui s\u0103 fie evitate pentru cel pu\u021bin 24 de ore.<\/p>\n\n\n\n<h2 class=\"gb-headline gb-headline-931163a3 gb-headline-text\">VIDEO<\/h2>\n\n\n\n<div class=\"wp-block-columns is-layout-flex wp-container-core-columns-is-layout-9d6595d7 wp-block-columns-is-layout-flex\">\n<div class=\"wp-block-column is-layout-flow wp-block-column-is-layout-flow\" style=\"flex-basis:25%\"><\/div>\n\n\n\n<div class=\"wp-block-column is-layout-flow wp-block-column-is-layout-flow\" style=\"flex-basis:50%\">\n<figure class=\"wp-block-embed is-type-video is-provider-youtube wp-block-embed-youtube wp-embed-aspect-16-9 wp-has-aspect-ratio\"><div class=\"wp-block-embed__wrapper\">\n<iframe loading=\"lazy\" title=\"Coccon Duotechnology treatments\" width=\"1200\" height=\"675\" src=\"https:\/\/www.youtube.com\/embed\/LM9Iuwmu6Js?feature=oembed\" frameborder=\"0\" allow=\"accelerometer; autoplay; clipboard-write; encrypted-media; gyroscope; picture-in-picture; web-share\" allowfullscreen><\/iframe>\n<\/div><\/figure>\n<\/div>\n\n\n\n<div class=\"wp-block-column is-layout-flow wp-block-column-is-layout-flow\" style=\"flex-basis:25%\"><\/div>\n<\/div>\n\n<\/div>\n<\/div>","protected":false},"excerpt":{"rendered":"<p>Ce este tehnologia RF? Tehnologia RF (radiofrecven\u021be) \u00eenc\u0103lze\u0219te \u021besuturile \u00een profunzime, urm\u0103rind activarea fibroblastelor \u0219i prin urmare producerea colagenului \u0219i &#8230; <\/p>\n<p class=\"read-more-container\"><a title=\"RF cu Coccon Duotechnology\" class=\"read-more button\" href=\"https:\/\/dryfanti.gr\/ro\/servicii-medicale\/dermatologie-estetica\/tratamente-faciale\/rf-cu-coccon-duotechnology\/#more-1985\" aria-label=\"More on RF cu Coccon Duotechnology\">Mai mult<\/a><\/p>\n","protected":false},"author":14,"featured_media":2947,"parent":3046,"menu_order":0,"comment_status":"closed","ping_status":"closed","template":"","meta":{"footnotes":""},"class_list":["post-1985","page","type-page","status-publish","has-post-thumbnail"],"_links":{"self":[{"href":"https:\/\/dryfanti.gr\/ro\/wp-json\/wp\/v2\/pages\/1985","targetHints":{"allow":["GET"]}}],"collection":[{"href":"https:\/\/dryfanti.gr\/ro\/wp-json\/wp\/v2\/pages"}],"about":[{"href":"https:\/\/dryfanti.gr\/ro\/wp-json\/wp\/v2\/types\/page"}],"author":[{"embeddable":true,"href":"https:\/\/dryfanti.gr\/ro\/wp-json\/wp\/v2\/users\/14"}],"replies":[{"embeddable":true,"href":"https:\/\/dryfanti.gr\/ro\/wp-json\/wp\/v2\/comments?post=1985"}],"version-history":[{"count":3,"href":"https:\/\/dryfanti.gr\/ro\/wp-json\/wp\/v2\/pages\/1985\/revisions"}],"predecessor-version":[{"id":3580,"href":"https:\/\/dryfanti.gr\/ro\/wp-json\/wp\/v2\/pages\/1985\/revisions\/3580"}],"up":[{"embeddable":true,"href":"https:\/\/dryfanti.gr\/ro\/wp-json\/wp\/v2\/pages\/3046"}],"wp:featuredmedia":[{"embeddable":true,"href":"https:\/\/dryfanti.gr\/ro\/wp-json\/wp\/v2\/media\/2947"}],"wp:attachment":[{"href":"https:\/\/dryfanti.gr\/ro\/wp-json\/wp\/v2\/media?parent=1985"}],"curies":[{"name":"wp","href":"https:\/\/api.w.org\/{rel}","templated":true}]}}