{"id":1977,"date":"2023-09-15T13:15:12","date_gmt":"2023-09-15T10:15:12","guid":{"rendered":"https:\/\/mistyrose-fox-409623.hostingersite.com\/?page_id=1977"},"modified":"2023-10-25T17:16:42","modified_gmt":"2023-10-25T14:16:42","slug":"epilare-laser","status":"publish","type":"page","link":"https:\/\/dryfanti.gr\/ro\/servicii-medicale\/dermatologie-estetica\/tratamente-faciale\/epilare-laser\/","title":{"rendered":"Epilare Laser"},"content":{"rendered":"<div class=\"gb-container gb-container-ec1ae282 single-service-section1\">\n<div class=\"gb-container gb-container-d5e60f0c inner-container\">\n<div class=\"gb-grid-wrapper gb-grid-wrapper-fe2ff23a\">\n<div class=\"gb-grid-column gb-grid-column-972a4d24\"><div class=\"gb-container gb-container-972a4d24\">\n\n<div class=\"wp-block-columns is-layout-flex wp-container-core-columns-is-layout-9d6595d7 wp-block-columns-is-layout-flex\">\n<div class=\"wp-block-column is-layout-flow wp-block-column-is-layout-flow\">\n<figure class=\"wp-block-image size-full\"><img loading=\"lazy\" decoding=\"async\" width=\"500\" height=\"334\" src=\"http:\/\/dryfanti.gr\/wp-content\/uploads\/2023\/09\/laser-prosopou.jpg\" alt=\"\" class=\"wp-image-2890\" style=\"object-fit:cover\" srcset=\"https:\/\/dryfanti.gr\/wp-content\/uploads\/2023\/09\/laser-prosopou.jpg 500w, https:\/\/dryfanti.gr\/wp-content\/uploads\/2023\/09\/laser-prosopou-300x200.jpg 300w\" sizes=\"auto, (max-width: 500px) 100vw, 500px\" \/><\/figure>\n<\/div>\n\n\n\n<div class=\"wp-block-column is-layout-flow wp-block-column-is-layout-flow\">\n<p>Laserul este un dispozitiv care produce o raz\u0103 de lumin\u0103 foarte intens\u0103, focalizat\u0103, de aceea\u0219i culoare \u0219i faz\u0103.<\/p>\n\n\n\n<p>Laserul utilizat pentru epilare produce lumin\u0103 care este absorbit\u0103 de melanina din foliculii p\u0103rului, prin urmare nu sunt tratate eficient firele de p\u0103r albe.<\/p>\n\n\n\n<p>Prin distrugerea foliculelor firelor de p\u0103r, scade treptat pilozitatea.<\/p>\n<\/div>\n<\/div>\n\n<\/div><\/div>\n<\/div>\n\n\n<p>Aplica\u021biile cu Laser pentru epilare sunt o metod\u0103 dovedit\u0103 a fi sigur\u0103, utilizat\u0103 de decenii la femei \u0219i b\u0103rba\u021bi pentru scopuri estetice \u0219i terapeutice (Foliculita, hidrosadenita supurativ\u0103).<\/p>\n\n\n\n<h2 class=\"gb-headline gb-headline-9090e8ca gb-headline-text\">R\u0103spunsuri la \u00eentreb\u0103ri frecvente referitoare la depilarea cu Laser<\/h2>\n\n\n\n<ul class=\"wp-block-list\">\n<li>Utilizarea Laserului nu cauzeaz\u0103 efecte pe termen lung asupra organismului uman.<\/li>\n\n\n\n<li>Laserul poate fi utilizat la orice v\u00e2rst\u0103 \u0219i pentru orice zon\u0103 a corpului unde exist\u0103 pilozitate nedorit\u0103.<\/li>\n\n\n\n<li>Laserul produce mic disconfort sau durere \u00een principal \u00een zonele sensibile (buza superioar\u0103). Disconfortul se poate diminua prin aplicarea unei creme anestezice locale.<\/li>\n\n\n\n<li>Num\u0103rul de \u0219edin\u021be variaz\u0103 \u00een func\u021bie de tipul de piele \u0219i p\u0103r, precum \u0219i \u00een func\u021bie de zon\u0103, respectiv dac\u0103 aplica\u021bia vizeaz\u0103 sau nu o zon\u0103 hormonal dependent\u0103. \u00cen general, pentru picioare \u0219i bikini sunt necesare 5-8 \u0219edinte. Pentru axil\u0103, corp \u0219i piept sunt necesare mai multe sedinte.<\/li>\n\n\n\n<li>Intervalul de timp necesar \u00eentre \u0219edin\u021bele cu Laser este de obicei 6-12 s\u0103pt\u0103m\u00e2ni, \u00een func\u021bie de zona corporal\u0103 supus\u0103 la tratament.<\/li>\n\n\n\n<li>Metoda de epilare cu Laser este superioar\u0103 celorlalte metode deoarece este singura dovedit\u0103 \u0219tiin\u021bific \u00een ceea ce prive\u0219te \u00eendep\u0103rtarea p\u0103rului nedorit.<\/li>\n\n\n\n<li>Gentlelase 755nm Alexandrite Laser (Syneron \u2013 Candela) este cel mai avansat Laser de epilare, capabil s\u0103 ob\u021bin\u0103 rezultatele dorite repede \u0219i eficient.<\/li>\n<\/ul>\n\n\n\n<h2 class=\"gb-headline gb-headline-c31c546c gb-headline-text\">Incidente \u00eenainte \u0219i dup\u0103<\/h2>\n\n\n\n<div class=\"wp-block-columns is-layout-flex wp-container-core-columns-is-layout-9d6595d7 wp-block-columns-is-layout-flex\">\n<div class=\"wp-block-column is-layout-flow wp-block-column-is-layout-flow\">\n<figure class=\"gb-block-image gb-block-image-dc7ea883\"><img loading=\"lazy\" decoding=\"async\" width=\"670\" height=\"300\" class=\"gb-image gb-image-dc7ea883\" src=\"http:\/\/dryfanti.gr\/wp-content\/uploads\/2015\/03\/apotrixosi-face1.jpg\" alt=\"\" title=\"apotrixosi-face1\" srcset=\"https:\/\/dryfanti.gr\/wp-content\/uploads\/2015\/03\/apotrixosi-face1.jpg 670w, https:\/\/dryfanti.gr\/wp-content\/uploads\/2015\/03\/apotrixosi-face1-300x134.jpg 300w\" sizes=\"auto, (max-width: 670px) 100vw, 670px\"><\/figure>\n<\/div>\n\n\n\n<div class=\"wp-block-column is-layout-flow wp-block-column-is-layout-flow\">\n<figure class=\"wp-block-image size-full\"><img loading=\"lazy\" decoding=\"async\" width=\"670\" height=\"300\" src=\"http:\/\/dryfanti.gr\/wp-content\/uploads\/2015\/03\/apotrixosi-face2.jpg\" alt=\"\" class=\"wp-image-1435\" srcset=\"https:\/\/dryfanti.gr\/wp-content\/uploads\/2015\/03\/apotrixosi-face2.jpg 670w, https:\/\/dryfanti.gr\/wp-content\/uploads\/2015\/03\/apotrixosi-face2-300x134.jpg 300w\" sizes=\"auto, (max-width: 670px) 100vw, 670px\" \/><\/figure>\n<\/div>\n<\/div>\n\n<\/div>\n<\/div>","protected":false},"excerpt":{"rendered":"<p>Aplica\u021biile cu Laser pentru epilare sunt o metod\u0103 dovedit\u0103 a fi sigur\u0103, utilizat\u0103 de decenii la femei \u0219i b\u0103rba\u021bi pentru &#8230; <\/p>\n<p class=\"read-more-container\"><a title=\"Epilare Laser\" class=\"read-more button\" href=\"https:\/\/dryfanti.gr\/ro\/servicii-medicale\/dermatologie-estetica\/tratamente-faciale\/epilare-laser\/#more-1977\" aria-label=\"More on Epilare Laser\">Mai mult<\/a><\/p>\n","protected":false},"author":14,"featured_media":2944,"parent":3046,"menu_order":0,"comment_status":"closed","ping_status":"closed","template":"","meta":{"footnotes":""},"class_list":["post-1977","page","type-page","status-publish","has-post-thumbnail"],"_links":{"self":[{"href":"https:\/\/dryfanti.gr\/ro\/wp-json\/wp\/v2\/pages\/1977","targetHints":{"allow":["GET"]}}],"collection":[{"href":"https:\/\/dryfanti.gr\/ro\/wp-json\/wp\/v2\/pages"}],"about":[{"href":"https:\/\/dryfanti.gr\/ro\/wp-json\/wp\/v2\/types\/page"}],"author":[{"embeddable":true,"href":"https:\/\/dryfanti.gr\/ro\/wp-json\/wp\/v2\/users\/14"}],"replies":[{"embeddable":true,"href":"https:\/\/dryfanti.gr\/ro\/wp-json\/wp\/v2\/comments?post=1977"}],"version-history":[{"count":4,"href":"https:\/\/dryfanti.gr\/ro\/wp-json\/wp\/v2\/pages\/1977\/revisions"}],"predecessor-version":[{"id":3578,"href":"https:\/\/dryfanti.gr\/ro\/wp-json\/wp\/v2\/pages\/1977\/revisions\/3578"}],"up":[{"embeddable":true,"href":"https:\/\/dryfanti.gr\/ro\/wp-json\/wp\/v2\/pages\/3046"}],"wp:featuredmedia":[{"embeddable":true,"href":"https:\/\/dryfanti.gr\/ro\/wp-json\/wp\/v2\/media\/2944"}],"wp:attachment":[{"href":"https:\/\/dryfanti.gr\/ro\/wp-json\/wp\/v2\/media?parent=1977"}],"curies":[{"name":"wp","href":"https:\/\/api.w.org\/{rel}","templated":true}]}}