{"id":1970,"date":"2023-09-15T13:06:57","date_gmt":"2023-09-15T10:06:57","guid":{"rendered":"https:\/\/mistyrose-fox-409623.hostingersite.com\/?page_id=1970"},"modified":"2023-10-25T15:49:33","modified_gmt":"2023-10-25T12:49:33","slug":"lifting-nechirurgical-cu-fire-de-suspensie-pdo","status":"publish","type":"page","link":"https:\/\/dryfanti.gr\/ro\/servicii-medicale\/dermatologie-estetica\/tratamente-faciale\/lifting-nechirurgical-cu-fire-de-suspensie-pdo\/","title":{"rendered":"Lifting Nechirurgical cu Fire de Suspensie PDO"},"content":{"rendered":"<div class=\"gb-container gb-container-ec1ae282 single-service-section1\">\n<div class=\"gb-container gb-container-d5e60f0c inner-container\">\n\n<p>Firele bio-resorbabile PDO sunt o metod\u0103 inovativ\u0103, nechirurgical\u0103 pentru combaterea relax\u0103rii care produc efectul de lifting deoarece ac\u021bioneaza ca suport pentru \u021besuturi.<\/p>\n\n\n\n<p>PDO (polidioxanon\u0103) este un material extrem de sigur folosit \u00een mod obi\u0219nuit \u00een chirurgia cardiac\u0103. Este resorbabil \u00een totalitate (\u00eentre 8-12 luni), nu produce reac\u021bii alergice \u0219i nu are efecte secundare.<\/p>\n\n\n\n<p>Firele sunt introduse \u00een piele cu ajutorul unui ac fin \u0219i \u00een jurul lor se activeaz\u0103 procesul natural de regenerare a pielii, de stimulare a secre\u021biei de colagen \u0219i de elastina.<\/p>\n\n\n\n<p>Firele PDO sunt de tipuri multiple, de la simple monofilament \u0219i p\u00e2n\u0103 la cele cu form\u0103 de c\u00e2rlig (POD COG).<\/p>\n\n\n\n<h2 class=\"gb-headline gb-headline-6213c0a9 gb-headline-text\">Zonele de aplicare pentru fa\u021b\u0103 \u0219i g\u00e2t<\/h2>\n\n\n\n<ul class=\"wp-block-list\">\n<li>La laba g\u00e2\u015ftii.<\/li>\n\n\n\n<li>La ridurile de sub ochi.<\/li>\n\n\n\n<li>Lifting de obraji.<\/li>\n\n\n\n<li>Modularea conturului facial.<\/li>\n\n\n\n<li>La frunte.<\/li>\n\n\n\n<li>La nivelul spr\u00e2ncenelor\u03bf.<\/li>\n<\/ul>\n\n\n\n<h2 class=\"gb-headline gb-headline-870cbfbc gb-headline-text\">Beneficii Lift PDO<\/h2>\n\n\n\n<ul class=\"wp-block-list\">\n<li>Terapia este absolut sigur\u0103, f\u0103r\u0103 efecte secundare nedorite, \u00een afara unor edeme sau hematoame.<\/li>\n\n\n\n<li>Durat\u0103 scurt\u0103 a tratamentului (20-30 de minute).<\/li>\n\n\n\n<li>Durere minim\u0103, motiv pentru care anestezia nu este necesar\u0103.<\/li>\n\n\n\n<li>Revenire imediat\u0103 la activit\u0103\u021bile zilnice.<\/li>\n\n\n\n<li>\u00cembun\u0103t\u0103\u021bire constant\u0103 a rezultatelor pentru urm\u0103toarele 4-6 luni.<\/li>\n\n\n\n<li>Dup\u0103 o perioad\u0103 de 15 zile de la aplicarea firelor, se pot combina tratamente precum PRP, Botox, Acid Hialuronic, Radiofrecven\u021be \u0219i Laser.<\/li>\n<\/ul>\n\n\n\n<h2 class=\"gb-headline gb-headline-6fee5435 gb-headline-text\">Incidente \u00eenainte \u0219i dup\u0103<\/h2>\n\n\n\n<div class=\"wp-block-columns is-layout-flex wp-container-core-columns-is-layout-9d6595d7 wp-block-columns-is-layout-flex\">\n<div class=\"wp-block-column is-vertically-aligned-top is-layout-flow wp-block-column-is-layout-flow\">\n<div class=\"wp-block-columns is-layout-flex wp-container-core-columns-is-layout-9d6595d7 wp-block-columns-is-layout-flex\">\n<div class=\"wp-block-column is-layout-flow wp-block-column-is-layout-flow\">\n<figure class=\"gb-block-image gb-block-image-22288271\"><img loading=\"lazy\" decoding=\"async\" width=\"400\" height=\"188\" class=\"gb-image gb-image-22288271\" src=\"http:\/\/dryfanti.gr\/wp-content\/uploads\/2023\/10\/nimata-prosopou-01-n.jpg\" alt=\"\" title=\"nimata-prosopou-01-n\" srcset=\"https:\/\/dryfanti.gr\/wp-content\/uploads\/2023\/10\/nimata-prosopou-01-n.jpg 400w, https:\/\/dryfanti.gr\/wp-content\/uploads\/2023\/10\/nimata-prosopou-01-n-300x141.jpg 300w\" sizes=\"auto, (max-width: 400px) 100vw, 400px\"><\/figure>\n<\/div>\n\n\n\n<div class=\"wp-block-column is-layout-flow wp-block-column-is-layout-flow\">\n<figure class=\"gb-block-image gb-block-image-777a5777\"><img loading=\"lazy\" decoding=\"async\" width=\"386\" height=\"188\" class=\"gb-image gb-image-777a5777\" src=\"http:\/\/dryfanti.gr\/wp-content\/uploads\/2023\/10\/nimata-prosopou-02-n.jpg\" alt=\"\" title=\"nimata-prosopou-02-n\" srcset=\"https:\/\/dryfanti.gr\/wp-content\/uploads\/2023\/10\/nimata-prosopou-02-n.jpg 386w, https:\/\/dryfanti.gr\/wp-content\/uploads\/2023\/10\/nimata-prosopou-02-n-300x146.jpg 300w\" sizes=\"auto, (max-width: 386px) 100vw, 386px\"><\/figure>\n<\/div>\n<\/div>\n<\/div>\n<\/div>\n\n<\/div>\n<\/div>","protected":false},"excerpt":{"rendered":"<p>Firele bio-resorbabile PDO sunt o metod\u0103 inovativ\u0103, nechirurgical\u0103 pentru combaterea relax\u0103rii care produc efectul de lifting deoarece ac\u021bioneaza ca suport &#8230; <\/p>\n<p class=\"read-more-container\"><a title=\"Lifting Nechirurgical cu Fire de Suspensie PDO\" class=\"read-more button\" href=\"https:\/\/dryfanti.gr\/ro\/servicii-medicale\/dermatologie-estetica\/tratamente-faciale\/lifting-nechirurgical-cu-fire-de-suspensie-pdo\/#more-1970\" aria-label=\"More on Lifting Nechirurgical cu Fire de Suspensie PDO\">Mai mult<\/a><\/p>\n","protected":false},"author":14,"featured_media":2933,"parent":3046,"menu_order":0,"comment_status":"closed","ping_status":"closed","template":"","meta":{"footnotes":""},"class_list":["post-1970","page","type-page","status-publish","has-post-thumbnail"],"_links":{"self":[{"href":"https:\/\/dryfanti.gr\/ro\/wp-json\/wp\/v2\/pages\/1970","targetHints":{"allow":["GET"]}}],"collection":[{"href":"https:\/\/dryfanti.gr\/ro\/wp-json\/wp\/v2\/pages"}],"about":[{"href":"https:\/\/dryfanti.gr\/ro\/wp-json\/wp\/v2\/types\/page"}],"author":[{"embeddable":true,"href":"https:\/\/dryfanti.gr\/ro\/wp-json\/wp\/v2\/users\/14"}],"replies":[{"embeddable":true,"href":"https:\/\/dryfanti.gr\/ro\/wp-json\/wp\/v2\/comments?post=1970"}],"version-history":[{"count":4,"href":"https:\/\/dryfanti.gr\/ro\/wp-json\/wp\/v2\/pages\/1970\/revisions"}],"predecessor-version":[{"id":3535,"href":"https:\/\/dryfanti.gr\/ro\/wp-json\/wp\/v2\/pages\/1970\/revisions\/3535"}],"up":[{"embeddable":true,"href":"https:\/\/dryfanti.gr\/ro\/wp-json\/wp\/v2\/pages\/3046"}],"wp:featuredmedia":[{"embeddable":true,"href":"https:\/\/dryfanti.gr\/ro\/wp-json\/wp\/v2\/media\/2933"}],"wp:attachment":[{"href":"https:\/\/dryfanti.gr\/ro\/wp-json\/wp\/v2\/media?parent=1970"}],"curies":[{"name":"wp","href":"https:\/\/api.w.org\/{rel}","templated":true}]}}