{"id":1962,"date":"2023-09-15T13:02:37","date_gmt":"2023-09-15T10:02:37","guid":{"rendered":"https:\/\/mistyrose-fox-409623.hostingersite.com\/?page_id=1962"},"modified":"2023-10-26T10:35:01","modified_gmt":"2023-10-26T07:35:01","slug":"botox","status":"publish","type":"page","link":"https:\/\/dryfanti.gr\/ro\/servicii-medicale\/dermatologie-estetica\/tratamente-faciale\/botox\/","title":{"rendered":"Botox"},"content":{"rendered":"<div class=\"gb-container gb-container-ec1ae282 single-service-section1\">\n<div class=\"gb-container gb-container-d5e60f0c inner-container\">\n<div class=\"gb-grid-wrapper gb-grid-wrapper-bdcd3c19\">\n<div class=\"gb-grid-column gb-grid-column-a4d5417d\"><div class=\"gb-container gb-container-a4d5417d\"><\/div><\/div>\n<\/div>\n\n<div class=\"gb-grid-wrapper gb-grid-wrapper-356f180d\">\n<div class=\"gb-grid-column gb-grid-column-b325340b\"><div class=\"gb-container gb-container-b325340b\">\n\n<div class=\"wp-block-columns is-layout-flex wp-container-core-columns-is-layout-9d6595d7 wp-block-columns-is-layout-flex\">\n<div class=\"wp-block-column is-layout-flow wp-block-column-is-layout-flow\" style=\"flex-basis:66.66%\">\n<p>Botoxul este o protein\u0103 produs\u0103 de microbul Clostridium botulinum.<\/p>\n\n\n\n<p>\u00cen Dermatologia Estetic\u0103 Botoxul este folosit pentru eliminarea ridurilor faciale \u0219i constituie cel mai popular tratament \u00eempotriva \u00eemb\u0103tr\u00e2nirii.<\/p>\n<\/div>\n\n\n\n<div class=\"wp-block-column is-layout-flow wp-block-column-is-layout-flow\" style=\"flex-basis:33.33%\">\n<figure class=\"gb-block-image gb-block-image-4840ca0e\"><img loading=\"lazy\" decoding=\"async\" width=\"230\" height=\"300\" class=\"gb-image gb-image-4840ca0e\" src=\"http:\/\/dryfanti.gr\/wp-content\/uploads\/2023\/10\/botox-prosopou-n.jpg\" alt=\"\" title=\"botox-prosopou-n\"><\/figure>\n<\/div>\n<\/div>\n\n<\/div><\/div>\n<\/div>\n\n\n<h2 class=\"gb-headline gb-headline-3d4e61ce gb-headline-text\">Adev\u0103ruri despre Botox<\/h2>\n\n\n\n<ul class=\"wp-block-list\">\n<li>Se adreseaz\u0103 b\u0103rba\u021bilor \u0219i femeilor, indiferent de v\u00e2rst\u0103, deoarece structura fe\u021bei \u0219i mobilitatea mu\u0219chiilor faciali \u0219i nu v\u00e2rsta determin\u0103 necesitatea pentru aplicarea tratamentului cu Botox.<\/li>\n\n\n\n<li>Tratamentul oportun are ac\u021biune preventiv\u0103 cu privire la apari\u021bia ridurilor.<\/li>\n\n\n\n<li>Nu exist\u0103 limite la num\u0103rul tratamentelor care se pot efectua.<\/li>\n\n\n\n<li>Perioada de ac\u021biune a Botoxului este tranzitorie, complet reversibil\u0103 \u0219i se \u00eencadreaz\u0103 \u00eentre 4-6 luni.<\/li>\n\n\n\n<li>Dup\u0103 ce efectele toxinei botulinice vor disp\u0103rea, ridurile vor reveni treptat la starea de dinaintea terapiei.<\/li>\n\n\n\n<li>Se injecteaz\u0103 cu un ac fin \u0219i imobilizeaz\u0103 mu\u0219chii, nu este dureros, iar \u00een 7-15 zile se observ\u0103 rezultatul final.<\/li>\n\n\n\n<li>Atunci c\u00e2nd ridurile sunt intense, sau atunci c\u00e2nd s-au instalat (riduri statice), este necesar\u0103 o combina\u021bie de acid hialuronic \u0219i fire de suspensie PDO.<\/li>\n<\/ul>\n\n\n<div class=\"wp-block-image\">\n<figure class=\"aligncenter size-full\"><img loading=\"lazy\" decoding=\"async\" width=\"600\" height=\"492\" src=\"http:\/\/dryfanti.gr\/wp-content\/uploads\/2023\/09\/botox.jpg\" alt=\"\" class=\"wp-image-1037\" style=\"object-fit:cover\" srcset=\"https:\/\/dryfanti.gr\/wp-content\/uploads\/2023\/09\/botox.jpg 600w, https:\/\/dryfanti.gr\/wp-content\/uploads\/2023\/09\/botox-300x246.jpg 300w\" sizes=\"auto, (max-width: 600px) 100vw, 600px\" \/><\/figure><\/div>\n\n\n<div style=\"height:21px\" aria-hidden=\"true\" class=\"wp-block-spacer\"><\/div>\n\n\n\n<div class=\"wp-block-group alignfull is-vertical is-content-justification-center is-layout-flex wp-container-core-group-is-layout-0472769e wp-block-group-is-layout-flex\">\n<h2 class=\"gb-headline gb-headline-f725f6b1 gb-headline-text\">Incidente \u00eenainte \u0219i dup\u0103<\/h2>\n\n\n\n<div class=\"wp-block-columns alignfull is-layout-flex wp-container-core-columns-is-layout-9d6595d7 wp-block-columns-is-layout-flex\"><\/div>\n<\/div>\n\n<\/div>\n<\/div>\n\n<div class=\"gb-grid-wrapper gb-grid-wrapper-f0e488a6\">\n<div class=\"gb-grid-column gb-grid-column-1ba18dfe\"><div class=\"gb-container gb-container-1ba18dfe\"><\/div><\/div>\n\n<div class=\"gb-grid-column gb-grid-column-48907dff\"><div class=\"gb-container gb-container-48907dff\">\n\n<figure class=\"gb-block-image gb-block-image-84f0290b\"><img loading=\"lazy\" decoding=\"async\" width=\"400\" height=\"300\" class=\"gb-image gb-image-84f0290b\" src=\"http:\/\/dryfanti.gr\/wp-content\/uploads\/2023\/09\/botox-prin-1.jpg\" alt=\"\" title=\"botox-prin-1\" srcset=\"https:\/\/dryfanti.gr\/wp-content\/uploads\/2023\/09\/botox-prin-1.jpg 400w, https:\/\/dryfanti.gr\/wp-content\/uploads\/2023\/09\/botox-prin-1-300x225.jpg 300w\" sizes=\"auto, (max-width: 400px) 100vw, 400px\"><\/figure>\n\n<\/div><\/div>\n\n<div class=\"gb-grid-column gb-grid-column-92d149f8\"><div class=\"gb-container gb-container-92d149f8\">\n\n<figure class=\"gb-block-image gb-block-image-17ed128c\"><img loading=\"lazy\" decoding=\"async\" width=\"400\" height=\"300\" class=\"gb-image gb-image-17ed128c\" src=\"http:\/\/dryfanti.gr\/wp-content\/uploads\/2023\/09\/botox-meta.jpg\" alt=\"\" title=\"botox-meta\" srcset=\"https:\/\/dryfanti.gr\/wp-content\/uploads\/2023\/09\/botox-meta.jpg 400w, https:\/\/dryfanti.gr\/wp-content\/uploads\/2023\/09\/botox-meta-300x225.jpg 300w\" sizes=\"auto, (max-width: 400px) 100vw, 400px\"><\/figure>\n\n<\/div><\/div>\n\n<div class=\"gb-grid-column gb-grid-column-01ee6594\"><div class=\"gb-container gb-container-01ee6594\"><\/div><\/div>\n<\/div>\n\n<div class=\"gb-container gb-container-67f279e0\"><\/div>\n\n<div class=\"gb-grid-wrapper gb-grid-wrapper-1411170f\">\n<div class=\"gb-grid-column gb-grid-column-fd507ce2\"><div class=\"gb-container gb-container-fd507ce2\"><\/div><\/div>\n\n<div class=\"gb-grid-column gb-grid-column-0f2d1c7a\"><div class=\"gb-container gb-container-0f2d1c7a\">\n\n<figure class=\"gb-block-image gb-block-image-e515681f\"><img loading=\"lazy\" decoding=\"async\" width=\"400\" height=\"300\" class=\"gb-image gb-image-e515681f\" src=\"http:\/\/dryfanti.gr\/wp-content\/uploads\/2023\/09\/botox-prin-2.jpg\" alt=\"\" title=\"botox-prin-2\" srcset=\"https:\/\/dryfanti.gr\/wp-content\/uploads\/2023\/09\/botox-prin-2.jpg 400w, https:\/\/dryfanti.gr\/wp-content\/uploads\/2023\/09\/botox-prin-2-300x225.jpg 300w\" sizes=\"auto, (max-width: 400px) 100vw, 400px\"><\/figure>\n\n<\/div><\/div>\n\n<div class=\"gb-grid-column gb-grid-column-a09fede8\"><div class=\"gb-container gb-container-a09fede8\">\n\n<figure class=\"gb-block-image gb-block-image-b9b3d6d7\"><img loading=\"lazy\" decoding=\"async\" width=\"400\" height=\"300\" class=\"gb-image gb-image-b9b3d6d7\" src=\"http:\/\/dryfanti.gr\/wp-content\/uploads\/2023\/09\/botox-meta-2.jpg\" alt=\"\" title=\"botox-meta-2\" srcset=\"https:\/\/dryfanti.gr\/wp-content\/uploads\/2023\/09\/botox-meta-2.jpg 400w, https:\/\/dryfanti.gr\/wp-content\/uploads\/2023\/09\/botox-meta-2-300x225.jpg 300w\" sizes=\"auto, (max-width: 400px) 100vw, 400px\"><\/figure>\n\n<\/div><\/div>\n\n<div class=\"gb-grid-column gb-grid-column-7d5fae46\"><div class=\"gb-container gb-container-7d5fae46\"><\/div><\/div>\n<\/div>\n\n<div class=\"gb-container gb-container-fa90edba\"><\/div>\n\n<div class=\"gb-grid-wrapper gb-grid-wrapper-8dd7291c\">\n<div class=\"gb-grid-column gb-grid-column-05ea89d9\"><div class=\"gb-container gb-container-05ea89d9\"><\/div><\/div>\n\n<div class=\"gb-grid-column gb-grid-column-f1f62076\"><div class=\"gb-container gb-container-f1f62076\">\n\n<figure class=\"gb-block-image gb-block-image-e9d107ee\"><img loading=\"lazy\" decoding=\"async\" width=\"400\" height=\"300\" class=\"gb-image gb-image-e9d107ee\" src=\"http:\/\/dryfanti.gr\/wp-content\/uploads\/2023\/09\/botox-prin-3.jpg\" alt=\"\" title=\"botox-prin-3\" srcset=\"https:\/\/dryfanti.gr\/wp-content\/uploads\/2023\/09\/botox-prin-3.jpg 400w, https:\/\/dryfanti.gr\/wp-content\/uploads\/2023\/09\/botox-prin-3-300x225.jpg 300w\" sizes=\"auto, (max-width: 400px) 100vw, 400px\"><\/figure>\n\n<\/div><\/div>\n\n<div class=\"gb-grid-column gb-grid-column-a2ef610e\"><div class=\"gb-container gb-container-a2ef610e\">\n\n<figure class=\"gb-block-image gb-block-image-092f6b50\"><img loading=\"lazy\" decoding=\"async\" width=\"400\" height=\"300\" class=\"gb-image gb-image-092f6b50\" src=\"http:\/\/dryfanti.gr\/wp-content\/uploads\/2023\/09\/botox-meta-3.jpg\" alt=\"\" title=\"botox-meta-3\" srcset=\"https:\/\/dryfanti.gr\/wp-content\/uploads\/2023\/09\/botox-meta-3.jpg 400w, https:\/\/dryfanti.gr\/wp-content\/uploads\/2023\/09\/botox-meta-3-300x225.jpg 300w\" sizes=\"auto, (max-width: 400px) 100vw, 400px\"><\/figure>\n\n<\/div><\/div>\n\n<div class=\"gb-grid-column gb-grid-column-bd71db6e\"><div class=\"gb-container gb-container-bd71db6e\"><\/div><\/div>\n<\/div>\n\n<div class=\"gb-container gb-container-a7be8bdf\"><\/div>\n\n<div class=\"gb-grid-wrapper gb-grid-wrapper-2f717806\">\n<div class=\"gb-grid-column gb-grid-column-44994e27\"><div class=\"gb-container gb-container-44994e27\"><\/div><\/div>\n\n<div class=\"gb-grid-column gb-grid-column-a7202f7c\"><div class=\"gb-container gb-container-a7202f7c\">\n\n<figure class=\"gb-block-image gb-block-image-0764ae17\"><img loading=\"lazy\" decoding=\"async\" width=\"400\" height=\"300\" class=\"gb-image gb-image-0764ae17\" src=\"http:\/\/dryfanti.gr\/wp-content\/uploads\/2023\/09\/botox-prin-4.jpg\" alt=\"\" title=\"botox-prin-4\" srcset=\"https:\/\/dryfanti.gr\/wp-content\/uploads\/2023\/09\/botox-prin-4.jpg 400w, https:\/\/dryfanti.gr\/wp-content\/uploads\/2023\/09\/botox-prin-4-300x225.jpg 300w\" sizes=\"auto, (max-width: 400px) 100vw, 400px\"><\/figure>\n\n<\/div><\/div>\n\n<div class=\"gb-grid-column gb-grid-column-5cf73946\"><div class=\"gb-container gb-container-5cf73946\">\n\n<figure class=\"gb-block-image gb-block-image-83f42bdc\"><img loading=\"lazy\" decoding=\"async\" width=\"400\" height=\"300\" class=\"gb-image gb-image-83f42bdc\" src=\"http:\/\/dryfanti.gr\/wp-content\/uploads\/2023\/09\/botox-meta-4.jpg\" alt=\"\" title=\"botox-meta-4\" srcset=\"https:\/\/dryfanti.gr\/wp-content\/uploads\/2023\/09\/botox-meta-4.jpg 400w, https:\/\/dryfanti.gr\/wp-content\/uploads\/2023\/09\/botox-meta-4-300x225.jpg 300w\" sizes=\"auto, (max-width: 400px) 100vw, 400px\"><\/figure>\n\n<\/div><\/div>\n\n<div class=\"gb-grid-column gb-grid-column-6fffd609\"><div class=\"gb-container gb-container-6fffd609\"><\/div><\/div>\n<\/div>\n\n<div class=\"gb-container gb-container-0a3eb563\"><\/div>\n\n<div class=\"gb-grid-wrapper gb-grid-wrapper-a9b52158\">\n<div class=\"gb-grid-column gb-grid-column-7354dc80\"><div class=\"gb-container gb-container-7354dc80\"><\/div><\/div>\n\n<div class=\"gb-grid-column gb-grid-column-942d24c1\"><div class=\"gb-container gb-container-942d24c1\">\n\n<figure class=\"gb-block-image gb-block-image-c39ae3e9\"><img loading=\"lazy\" decoding=\"async\" width=\"400\" height=\"300\" class=\"gb-image gb-image-c39ae3e9\" src=\"http:\/\/dryfanti.gr\/wp-content\/uploads\/2023\/09\/botox-prin-5.jpg\" alt=\"\" title=\"botox-prin-5\" srcset=\"https:\/\/dryfanti.gr\/wp-content\/uploads\/2023\/09\/botox-prin-5.jpg 400w, https:\/\/dryfanti.gr\/wp-content\/uploads\/2023\/09\/botox-prin-5-300x225.jpg 300w\" sizes=\"auto, (max-width: 400px) 100vw, 400px\"><\/figure>\n\n<\/div><\/div>\n\n<div class=\"gb-grid-column gb-grid-column-f10d486e\"><div class=\"gb-container gb-container-f10d486e\">\n\n<figure class=\"gb-block-image gb-block-image-59669fca\"><img loading=\"lazy\" decoding=\"async\" width=\"400\" height=\"300\" class=\"gb-image gb-image-59669fca\" src=\"http:\/\/dryfanti.gr\/wp-content\/uploads\/2023\/09\/botox-meta-5.jpg\" alt=\"\" title=\"botox-meta-5\" srcset=\"https:\/\/dryfanti.gr\/wp-content\/uploads\/2023\/09\/botox-meta-5.jpg 400w, https:\/\/dryfanti.gr\/wp-content\/uploads\/2023\/09\/botox-meta-5-300x225.jpg 300w\" sizes=\"auto, (max-width: 400px) 100vw, 400px\"><\/figure>\n\n<\/div><\/div>\n\n<div class=\"gb-grid-column gb-grid-column-d330b252\"><div class=\"gb-container gb-container-d330b252\"><\/div><\/div>\n<\/div>\n\n<div class=\"gb-container gb-container-be0faeb5\"><\/div>","protected":false},"excerpt":{"rendered":"<p>Adev\u0103ruri despre Botox Incidente \u00eenainte \u0219i dup\u0103<\/p>\n","protected":false},"author":14,"featured_media":2835,"parent":3046,"menu_order":0,"comment_status":"closed","ping_status":"closed","template":"","meta":{"footnotes":""},"class_list":["post-1962","page","type-page","status-publish","has-post-thumbnail"],"_links":{"self":[{"href":"https:\/\/dryfanti.gr\/ro\/wp-json\/wp\/v2\/pages\/1962","targetHints":{"allow":["GET"]}}],"collection":[{"href":"https:\/\/dryfanti.gr\/ro\/wp-json\/wp\/v2\/pages"}],"about":[{"href":"https:\/\/dryfanti.gr\/ro\/wp-json\/wp\/v2\/types\/page"}],"author":[{"embeddable":true,"href":"https:\/\/dryfanti.gr\/ro\/wp-json\/wp\/v2\/users\/14"}],"replies":[{"embeddable":true,"href":"https:\/\/dryfanti.gr\/ro\/wp-json\/wp\/v2\/comments?post=1962"}],"version-history":[{"count":9,"href":"https:\/\/dryfanti.gr\/ro\/wp-json\/wp\/v2\/pages\/1962\/revisions"}],"predecessor-version":[{"id":3672,"href":"https:\/\/dryfanti.gr\/ro\/wp-json\/wp\/v2\/pages\/1962\/revisions\/3672"}],"up":[{"embeddable":true,"href":"https:\/\/dryfanti.gr\/ro\/wp-json\/wp\/v2\/pages\/3046"}],"wp:featuredmedia":[{"embeddable":true,"href":"https:\/\/dryfanti.gr\/ro\/wp-json\/wp\/v2\/media\/2835"}],"wp:attachment":[{"href":"https:\/\/dryfanti.gr\/ro\/wp-json\/wp\/v2\/media?parent=1962"}],"curies":[{"name":"wp","href":"https:\/\/api.w.org\/{rel}","templated":true}]}}