{"id":1954,"date":"2023-06-22T09:24:43","date_gmt":"2023-06-22T06:24:43","guid":{"rendered":"https:\/\/mistyrose-fox-409623.hostingersite.com\/?page_id=1954"},"modified":"2023-10-25T15:19:02","modified_gmt":"2023-10-25T12:19:02","slug":"dermatologie-estetica","status":"publish","type":"page","link":"https:\/\/dryfanti.gr\/ro\/servicii-medicale\/dermatologie-estetica\/","title":{"rendered":"Dermatologie Estetic\u0103"},"content":{"rendered":"<div class=\"gb-container gb-container-ef7dad7d services-landing-section1\">\n\n<h3 class=\"wp-block-heading has-accent-color has-text-color\"><em>Feeling beautiful is A Choice!<\/em><\/h3>\n\n\n<div class=\"gb-container gb-container-08871145 inner-container\">\n\n<h2 class=\"gb-headline gb-headline-51616604 gb-headline-text\">Therapii Faciale<\/h2>\n\n\n\n<p>Tratamentele anti-\u00eemb\u0103tr\u00e2nire \u0219i de \u00eentinerire facial\u0103 au ca scop prevenirea \u0219i tratarea semnelor de \u00eemb\u0103tr\u00e2nire a pielii, fie din cauza timpului, fie de factori externi precum expunerea la soare. O caracteristic\u0103 comun\u0103 a acestor tratamente este invazivitatea lor sc\u0103zut\u0103, f\u0103r\u0103 a fi nevoie de interven\u021bii chirurgicale.<\/p>\n\n\n\n<a class=\"gb-button gb-button-1048d5b7 gb-button-text\" href=\"\/ro\/servicii-medicale\/dermatologie-estetica\/tratamente-faciale\/\">Mai mult<\/a>\n\n<\/div>\n\n<div class=\"gb-container gb-container-7ea5dc33 inner-container\">\n\n<h2 class=\"gb-headline gb-headline-5d5f6eea gb-headline-text\">Therapii Corporale<\/h2>\n\n\n\n<p>Dermatologia estetic\u0103 se ocup\u0103 de probleme de natur\u0103 estetic\u0103, iar tratamentele corporale abordeaz\u0103 probleme precum gr\u0103simea localizat\u0103, celulita, afectarea vascular\u0103 \u0219i pierderea fermit\u0103\u021bii. Aceste tratamente sunt nechirurgicale, de obicei nedureroase \u0219i oferite tuturor v\u00e2rstelor \u0219i genurilor, adaptate nevoilor fiec\u0103rui pacient.<\/p>\n\n\n\n<a class=\"gb-button gb-button-11b91032 gb-button-text\" href=\"\/ro\/servicii-medicale\/dermatologie-estetica\/tratamente-corporale\/\">Mai mult<\/a>\n\n<\/div>\n<\/div>","protected":false},"excerpt":{"rendered":"<p>Feeling beautiful is A Choice! Therapii Faciale Tratamentele anti-\u00eemb\u0103tr\u00e2nire \u0219i de \u00eentinerire facial\u0103 au ca scop prevenirea \u0219i tratarea semnelor &#8230; <\/p>\n<p class=\"read-more-container\"><a title=\"Dermatologie Estetic\u0103\" class=\"read-more button\" href=\"https:\/\/dryfanti.gr\/ro\/servicii-medicale\/dermatologie-estetica\/#more-1954\" aria-label=\"More on Dermatologie Estetic\u0103\">Mai mult<\/a><\/p>\n","protected":false},"author":14,"featured_media":0,"parent":2118,"menu_order":0,"comment_status":"closed","ping_status":"closed","template":"","meta":{"footnotes":""},"class_list":["post-1954","page","type-page","status-publish"],"_links":{"self":[{"href":"https:\/\/dryfanti.gr\/ro\/wp-json\/wp\/v2\/pages\/1954","targetHints":{"allow":["GET"]}}],"collection":[{"href":"https:\/\/dryfanti.gr\/ro\/wp-json\/wp\/v2\/pages"}],"about":[{"href":"https:\/\/dryfanti.gr\/ro\/wp-json\/wp\/v2\/types\/page"}],"author":[{"embeddable":true,"href":"https:\/\/dryfanti.gr\/ro\/wp-json\/wp\/v2\/users\/14"}],"replies":[{"embeddable":true,"href":"https:\/\/dryfanti.gr\/ro\/wp-json\/wp\/v2\/comments?post=1954"}],"version-history":[{"count":9,"href":"https:\/\/dryfanti.gr\/ro\/wp-json\/wp\/v2\/pages\/1954\/revisions"}],"predecessor-version":[{"id":3520,"href":"https:\/\/dryfanti.gr\/ro\/wp-json\/wp\/v2\/pages\/1954\/revisions\/3520"}],"up":[{"embeddable":true,"href":"https:\/\/dryfanti.gr\/ro\/wp-json\/wp\/v2\/pages\/2118"}],"wp:attachment":[{"href":"https:\/\/dryfanti.gr\/ro\/wp-json\/wp\/v2\/media?parent=1954"}],"curies":[{"name":"wp","href":"https:\/\/api.w.org\/{rel}","templated":true}]}}