{"id":1942,"date":"2023-09-15T12:20:50","date_gmt":"2023-09-15T09:20:50","guid":{"rendered":"https:\/\/mistyrose-fox-409623.hostingersite.com\/?page_id=1942"},"modified":"2023-10-24T10:22:04","modified_gmt":"2023-10-24T07:22:04","slug":"onicomicoza","status":"publish","type":"page","link":"https:\/\/dryfanti.gr\/ro\/servicii-medicale\/dermatologie-clinica\/onicomicoza\/","title":{"rendered":"Onicomicoza"},"content":{"rendered":"<div class=\"gb-container gb-container-0a47f927 single-service-section1\">\n<div class=\"gb-container gb-container-69d6dabf inner-container\">\n\n<p><strong>Onicomicoza<\/strong>&nbsp;este infec\u021bia unghiilor cu ciuperci care afecteaz\u0103 at\u00e2t unghiile m\u00e2inilor c\u00e2t \u0219i pe cele ale picioarelor.<\/p>\n\n\n\n<p>La m\u00e2ini apar de obicei ciuperci de genul Candida pe c\u00e2nd la picioare apar \u00een principal dermatofi\u021bii.<\/p>\n\n\n\n<p>Afec\u021biunea afecteaz\u0103 ambele sexe indiferent de v\u00e2rst\u0103.<\/p>\n\n\n\n<p><strong>Ca factori de predispozi\u021bie<\/strong>&nbsp;sunt considera\u021bi: v\u00e2rsta \u00eenaintat\u0103, igiena necorespunz\u0103toare, microleziuni la unghii, micozele cutanate, imunosupresia etc<\/p>\n\n\n\n<p>Din punct de vedere&nbsp;<strong>clinic<\/strong>&nbsp;se observ\u0103 modific\u0103ri de culoare, hiperkeratoza, \u0219i distrugerea progresiv\u0103 a unghiilor.<\/p>\n\n\n\n<p>\u00cen cazul \u00een care nu este tratat\u0103 cu terapie eficient\u0103 poate deveni dureroas\u0103 \u0219i se poate extinde la celelalte unghii.<\/p>\n\n\n\n<p><strong>Reapari\u021bia onicomicozei se observ\u0103 \u00een cazurile:<\/strong><\/p>\n\n\n\n<ul class=\"wp-block-list\">\n<li>Nerespect\u0103rii instruc\u021biunilor medicului de c\u0103tre pacient<\/li>\n\n\n\n<li>Absorb\u021biei reduse a medicamentelor de c\u0103tre placa unghial\u0103<\/li>\n\n\n\n<li>Interac\u021biunii cu alte medicamente<\/li>\n\n\n\n<li>Rezisten\u021ba la medicamente. C\u00e2nd ciuperca se afl\u0103 sub form\u0103 de spori, este rezistent\u0103 la antimicotice.<\/li>\n\n\n\n<li>Reinfectarea (cu acela\u0219i sau un alt tip de ciuperc\u0103).<\/li>\n<\/ul>\n\n\n\n<h2 class=\"gb-headline gb-headline-7ff1d6f9 gb-headline-text\">C\u00e2nd trebuie s\u0103 ne facem griji?<\/h2>\n\n\n\n<ul class=\"wp-block-list\">\n<li>C\u00e2nd unghiile se decoloreaz\u0103 sau apar pete, stria\u021bii sau zone de culoare galben\u0103, maro sau alb\u0103.<\/li>\n\n\n\n<li>C\u00e2nd unghiile se exfoliaz\u0103, se rup sau se deterioreaz\u0103 u\u0219or.<\/li>\n\n\n\n<li>C\u00e2nd unghiile sunt groase \u0219i se taie greu.<\/li>\n<\/ul>\n\n<\/div>\n<\/div>","protected":false},"excerpt":{"rendered":"<p>Onicomicoza&nbsp;este infec\u021bia unghiilor cu ciuperci care afecteaz\u0103 at\u00e2t unghiile m\u00e2inilor c\u00e2t \u0219i pe cele ale picioarelor. La m\u00e2ini apar de &#8230; <\/p>\n<p class=\"read-more-container\"><a title=\"Onicomicoza\" class=\"read-more button\" href=\"https:\/\/dryfanti.gr\/ro\/servicii-medicale\/dermatologie-clinica\/onicomicoza\/#more-1942\" aria-label=\"More on Onicomicoza\">Mai mult<\/a><\/p>\n","protected":false},"author":14,"featured_media":2832,"parent":2129,"menu_order":0,"comment_status":"closed","ping_status":"closed","template":"","meta":{"footnotes":""},"class_list":["post-1942","page","type-page","status-publish","has-post-thumbnail"],"_links":{"self":[{"href":"https:\/\/dryfanti.gr\/ro\/wp-json\/wp\/v2\/pages\/1942","targetHints":{"allow":["GET"]}}],"collection":[{"href":"https:\/\/dryfanti.gr\/ro\/wp-json\/wp\/v2\/pages"}],"about":[{"href":"https:\/\/dryfanti.gr\/ro\/wp-json\/wp\/v2\/types\/page"}],"author":[{"embeddable":true,"href":"https:\/\/dryfanti.gr\/ro\/wp-json\/wp\/v2\/users\/14"}],"replies":[{"embeddable":true,"href":"https:\/\/dryfanti.gr\/ro\/wp-json\/wp\/v2\/comments?post=1942"}],"version-history":[{"count":2,"href":"https:\/\/dryfanti.gr\/ro\/wp-json\/wp\/v2\/pages\/1942\/revisions"}],"predecessor-version":[{"id":1944,"href":"https:\/\/dryfanti.gr\/ro\/wp-json\/wp\/v2\/pages\/1942\/revisions\/1944"}],"up":[{"embeddable":true,"href":"https:\/\/dryfanti.gr\/ro\/wp-json\/wp\/v2\/pages\/2129"}],"wp:featuredmedia":[{"embeddable":true,"href":"https:\/\/dryfanti.gr\/ro\/wp-json\/wp\/v2\/media\/2832"}],"wp:attachment":[{"href":"https:\/\/dryfanti.gr\/ro\/wp-json\/wp\/v2\/media?parent=1942"}],"curies":[{"name":"wp","href":"https:\/\/api.w.org\/{rel}","templated":true}]}}