{"id":1934,"date":"2023-09-15T12:16:28","date_gmt":"2023-09-15T09:16:28","guid":{"rendered":"https:\/\/mistyrose-fox-409623.hostingersite.com\/?page_id=1934"},"modified":"2023-10-24T10:21:34","modified_gmt":"2023-10-24T07:21:34","slug":"infectie-hpv","status":"publish","type":"page","link":"https:\/\/dryfanti.gr\/ro\/servicii-medicale\/dermatologie-clinica\/infectie-hpv\/","title":{"rendered":"Infec\u021bie HPV"},"content":{"rendered":"<div class=\"gb-container gb-container-0a47f927 single-service-section1\">\n<div class=\"gb-container gb-container-69d6dabf inner-container\">\n\n<div class=\"wp-block-columns is-layout-flex wp-container-core-columns-is-layout-9d6595d7 wp-block-columns-is-layout-flex\">\n<div class=\"wp-block-column is-layout-flow wp-block-column-is-layout-flow\" style=\"flex-basis:66.66%\">\n<h2 class=\"gb-headline gb-headline-a4ac2f06 gb-headline-text\">Ce este virusul HPV (Human Papilloma Virus)<\/h2>\n\n\n\n<p>Virusul HPV (Human Papilloma Virus) este responsabil pentru una dintre cele mai r\u0103sp\u00e2ndite boli cu transmitere sexuala.<\/p>\n\n\n\n<p>Se estimeaz\u0103 c\u0103 80% dintre femei \u0219i b\u0103rba\u021bi vor fi afecta\u021bi la un moment din viata lor cu virusul.<\/p>\n\n\n\n<p>Virusul HPV include peste 100 de tipuri, din care 15 cu risc ridicat pentru aparatul genital, iar cei mai suspec\u021bi \u0219i deseori responsabili pentru cancerul de col uterin sunt tipurile 16 \u0219i 18.<\/p>\n<\/div>\n\n\n\n<div class=\"wp-block-column is-layout-flow wp-block-column-is-layout-flow\" style=\"flex-basis:33.33%\">\n<figure class=\"gb-block-image gb-block-image-e4ea6eb0\"><img loading=\"lazy\" decoding=\"async\" width=\"400\" height=\"300\" class=\"gb-image gb-image-e4ea6eb0\" src=\"http:\/\/dryfanti.gr\/wp-content\/uploads\/2023\/09\/hpv.jpg\" alt=\"\" title=\"hpv\" srcset=\"https:\/\/dryfanti.gr\/wp-content\/uploads\/2023\/09\/hpv.jpg 400w, https:\/\/dryfanti.gr\/wp-content\/uploads\/2023\/09\/hpv-300x225.jpg 300w\" sizes=\"auto, (max-width: 400px) 100vw, 400px\"><\/figure>\n<\/div>\n<\/div>\n\n\n\n<h2 class=\"gb-headline gb-headline-6398db45 gb-headline-text\">Cum apare?<\/h2>\n\n\n\n<p>Leziunile produse de HPV se manifest\u0103 extern (veruci genitale) \u0219i intern.<\/p>\n\n\n\n<p>La femei apar \u00een zona vulvar\u0103, vaginal\u0103, a colului uterin, iar la b\u0103rba\u021bi \u00een zona glandului, a prepu\u021bului penisului \u0219i \u00een zona anusului.<\/p>\n\n\n\n<p>De asemenea, at\u00e2t la femei c\u00e2t \u0219i la b\u0103rba\u021bi poate ap\u0103rea \u00een regiunea cavita\u021bii bucale.<\/p>\n\n\n\n<h2 class=\"gb-headline gb-headline-58827c81 gb-headline-text\">Cum sunt tratate leziunile?<\/h2>\n\n\n\n<p>\u00cen cazul condiloamelor se aplic\u0103:<\/p>\n\n\n\n<ol class=\"wp-block-list\">\n<li>Unguente farmaceutice locale.<\/li>\n\n\n\n<li>Metode distructive precum crioterapia, electrochirurgia \u0219i Laser.<\/li>\n<\/ol>\n\n\n\n<p>\u00cen cazurile \u00een care leziunile sunt interne este necesar\u0103 colposcopia \u0219i \u00een func\u021bie de gravitatea leziunilor se recomand\u0103 tratamentul adecvat.<\/p>\n\n\n\n<h2 class=\"gb-headline gb-headline-1bf66c8a gb-headline-text\">M\u0103 protejeaz\u0103 vaccinul?<\/h2>\n\n\n\n<p>Ast\u0103zi cirul\u0103 dou\u0103 tipuri de vaccinuri, unul tetravalent care include genotipurile 6, 11, 16, 18 (Gardasil\u00ae) \u0219i unul bivalent care include genotipurile 16 \u0219i 18 (Cervarix\u00ae).<\/p>\n\n\n\n<p>Se pare c\u0103 vaccinurile prezint\u0103 siguran\u021b\u0103 maxim\u0103, grad sporit de imunogenitate \u0219i protec\u021bie ridicat\u0103 \u00eempotriva infec\u021biei persistente \u00een cazul femeilor complet vaccinate.<\/p>\n\n\n\n<p>Beneficiul maxim se ob\u021bine atunci c\u00e2nd se administreaz\u0103 la fete \u00eenainte s\u0103-\u0219i \u00eenceap\u0103 via\u021ba sexual\u0103.<\/p>\n\n\n\n<figure class=\"wp-block-image size-large\"><img loading=\"lazy\" decoding=\"async\" width=\"1024\" height=\"594\" src=\"http:\/\/dryfanti.gr\/wp-content\/uploads\/2023\/09\/hpv-vaccine-1024x594.jpg\" alt=\"\" class=\"wp-image-1249\" srcset=\"https:\/\/dryfanti.gr\/wp-content\/uploads\/2023\/09\/hpv-vaccine-1024x594.jpg 1024w, https:\/\/dryfanti.gr\/wp-content\/uploads\/2023\/09\/hpv-vaccine-300x174.jpg 300w, https:\/\/dryfanti.gr\/wp-content\/uploads\/2023\/09\/hpv-vaccine-768x446.jpg 768w, https:\/\/dryfanti.gr\/wp-content\/uploads\/2023\/09\/hpv-vaccine.jpg 1284w\" sizes=\"auto, (max-width: 1024px) 100vw, 1024px\" \/><\/figure>\n\n<\/div>\n<\/div>","protected":false},"excerpt":{"rendered":"<p>Ce este virusul HPV (Human Papilloma Virus) Virusul HPV (Human Papilloma Virus) este responsabil pentru una dintre cele mai r\u0103sp\u00e2ndite &#8230; <\/p>\n<p class=\"read-more-container\"><a title=\"Infec\u021bie HPV\" class=\"read-more button\" href=\"https:\/\/dryfanti.gr\/ro\/servicii-medicale\/dermatologie-clinica\/infectie-hpv\/#more-1934\" aria-label=\"More on Infec\u021bie HPV\">Mai mult<\/a><\/p>\n","protected":false},"author":14,"featured_media":2828,"parent":2129,"menu_order":0,"comment_status":"closed","ping_status":"closed","template":"","meta":{"footnotes":""},"class_list":["post-1934","page","type-page","status-publish","has-post-thumbnail"],"_links":{"self":[{"href":"https:\/\/dryfanti.gr\/ro\/wp-json\/wp\/v2\/pages\/1934","targetHints":{"allow":["GET"]}}],"collection":[{"href":"https:\/\/dryfanti.gr\/ro\/wp-json\/wp\/v2\/pages"}],"about":[{"href":"https:\/\/dryfanti.gr\/ro\/wp-json\/wp\/v2\/types\/page"}],"author":[{"embeddable":true,"href":"https:\/\/dryfanti.gr\/ro\/wp-json\/wp\/v2\/users\/14"}],"replies":[{"embeddable":true,"href":"https:\/\/dryfanti.gr\/ro\/wp-json\/wp\/v2\/comments?post=1934"}],"version-history":[{"count":2,"href":"https:\/\/dryfanti.gr\/ro\/wp-json\/wp\/v2\/pages\/1934\/revisions"}],"predecessor-version":[{"id":1937,"href":"https:\/\/dryfanti.gr\/ro\/wp-json\/wp\/v2\/pages\/1934\/revisions\/1937"}],"up":[{"embeddable":true,"href":"https:\/\/dryfanti.gr\/ro\/wp-json\/wp\/v2\/pages\/2129"}],"wp:featuredmedia":[{"embeddable":true,"href":"https:\/\/dryfanti.gr\/ro\/wp-json\/wp\/v2\/media\/2828"}],"wp:attachment":[{"href":"https:\/\/dryfanti.gr\/ro\/wp-json\/wp\/v2\/media?parent=1934"}],"curies":[{"name":"wp","href":"https:\/\/api.w.org\/{rel}","templated":true}]}}