{"id":1924,"date":"2023-09-15T12:12:51","date_gmt":"2023-09-15T09:12:51","guid":{"rendered":"https:\/\/mistyrose-fox-409623.hostingersite.com\/?page_id=1924"},"modified":"2023-10-25T15:16:32","modified_gmt":"2023-10-25T12:16:32","slug":"cancer-de-piele","status":"publish","type":"page","link":"https:\/\/dryfanti.gr\/ro\/servicii-medicale\/dermatologie-clinica\/cancer-de-piele\/","title":{"rendered":"Cancer De Piele"},"content":{"rendered":"<div class=\"gb-container gb-container-0a47f927 single-service-section1\">\n<div class=\"gb-container gb-container-69d6dabf inner-container\">\n<div class=\"gb-grid-wrapper gb-grid-wrapper-346db18d\">\n<div class=\"gb-grid-column gb-grid-column-a2e23029\"><div class=\"gb-container gb-container-a2e23029\">\n\n<div class=\"wp-block-columns is-layout-flex wp-container-core-columns-is-layout-9d6595d7 wp-block-columns-is-layout-flex\">\n<div class=\"wp-block-column is-layout-flow wp-block-column-is-layout-flow\">\n<p>Cancerul de piele este cea mai \u00eent\u00e2lnit\u0103 form\u0103 de cancer.<\/p>\n\n\n\n<p>Este foarte \u00eent\u00e2lnit \u00een \u021b\u0103rile cu radia\u021bie solar\u0103 crescut\u0103 precum Grecia.<\/p>\n<\/div>\n\n\n\n<div class=\"wp-block-column is-layout-flow wp-block-column-is-layout-flow\">\n<figure class=\"gb-block-image gb-block-image-6f2b396a\"><img loading=\"lazy\" decoding=\"async\" width=\"500\" height=\"221\" class=\"gb-image gb-image-6f2b396a\" src=\"http:\/\/dryfanti.gr\/wp-content\/uploads\/2023\/10\/eidi-karkinos-dermatos-1.jpg\" alt=\"\" title=\"eidi-karkinos-dermatos-1\" srcset=\"https:\/\/dryfanti.gr\/wp-content\/uploads\/2023\/10\/eidi-karkinos-dermatos-1.jpg 500w, https:\/\/dryfanti.gr\/wp-content\/uploads\/2023\/10\/eidi-karkinos-dermatos-1-300x133.jpg 300w\" sizes=\"auto, (max-width: 500px) 100vw, 500px\"><\/figure>\n<\/div>\n<\/div>\n\n<\/div><\/div>\n<\/div>\n\n\n<p>Este \u00eent\u00e2lnit mai des \u00een zonele corpului care sunt mai expuse radia\u021biilor solare, f\u0103r\u0103 totu\u0219i s\u0103 fie exclus s\u0103 apar\u0103 \u0219i \u00een zonele ce nu sunt expuse.<\/p>\n\n\n\n<p>Cancerul de piele include urm\u0103toarele tipuri:<\/p>\n\n\n\n<ul class=\"wp-block-list\">\n<li>Carcinomul bazocelular.<\/li>\n\n\n\n<li>Carcinomul cu celule scuamoase.<\/li>\n\n\n\n<li><strong>Melanomul<\/strong>, care este tipul cea mai grav\u0103 form\u0103 de cancer de piele.<\/li>\n<\/ul>\n\n\n\n<h2 class=\"gb-headline gb-headline-542191df gb-headline-text\">Factori de risc<\/h2>\n\n\n\n<ul class=\"wp-block-list\">\n<li>Expunerea excesiv\u0103 la soare, chiar dac\u0103 pielea este protejat\u0103.<\/li>\n\n\n\n<li>Istoric de arsuri ale pielii.<\/li>\n\n\n\n<li>Numero\u0219i nevi corporali.<\/li>\n\n\n\n<li>Leziuni precanceroase ale pielii.<\/li>\n\n\n\n<li>Istoric familial de cancer de piele.<\/li>\n\n\n\n<li>Fototip deschis: Pielea, ochii \u0219i p\u0103rul de culoare deschis\u0103.<\/li>\n\n\n\n<li>Expunerea la factori de mediu cu risc, \u00een principal substan\u021be chimice.<\/li>\n<\/ul>\n\n\n\n<h2 class=\"gb-headline gb-headline-2d7c7415 gb-headline-text\">Tratament<\/h2>\n\n\n\n<p>Cel mai bun tratament este prevenirea.<\/p>\n\n\n\n<ul class=\"wp-block-list\">\n<li>Verifica\u021bi-v\u0103 corpul frecvent \u0219i&nbsp;<strong>adresa\u021bi-v\u0103 Dermatologului<\/strong>&nbsp;c\u0103nd se petrec modific\u0103ri.<\/li>\n\n\n\n<li>Evita\u021bi expunerea la soare \u00eentre orele de intensitate maxim\u0103 (11:00-16:00).<\/li>\n\n\n\n<li>Alege\u021bi protec\u021bia solar\u0103 \u00een func\u021bie de tipul de piele.<\/li>\n\n\n\n<li>Nu folosi\u021bi des metode de bronz artificial cu UVA (solarium).<\/li>\n\n\n\n<li>Nu expune\u021bi direct la soare bebelu\u0219ii \u0219i copii mici.<\/li>\n<\/ul>\n\n<\/div>\n<\/div>","protected":false},"excerpt":{"rendered":"<p>Este \u00eent\u00e2lnit mai des \u00een zonele corpului care sunt mai expuse radia\u021biilor solare, f\u0103r\u0103 totu\u0219i s\u0103 fie exclus s\u0103 apar\u0103 &#8230; <\/p>\n<p class=\"read-more-container\"><a title=\"Cancer De Piele\" class=\"read-more button\" href=\"https:\/\/dryfanti.gr\/ro\/servicii-medicale\/dermatologie-clinica\/cancer-de-piele\/#more-1924\" aria-label=\"More on Cancer De Piele\">Mai mult<\/a><\/p>\n","protected":false},"author":14,"featured_media":2966,"parent":2129,"menu_order":0,"comment_status":"closed","ping_status":"closed","template":"","meta":{"footnotes":""},"class_list":["post-1924","page","type-page","status-publish","has-post-thumbnail"],"_links":{"self":[{"href":"https:\/\/dryfanti.gr\/ro\/wp-json\/wp\/v2\/pages\/1924","targetHints":{"allow":["GET"]}}],"collection":[{"href":"https:\/\/dryfanti.gr\/ro\/wp-json\/wp\/v2\/pages"}],"about":[{"href":"https:\/\/dryfanti.gr\/ro\/wp-json\/wp\/v2\/types\/page"}],"author":[{"embeddable":true,"href":"https:\/\/dryfanti.gr\/ro\/wp-json\/wp\/v2\/users\/14"}],"replies":[{"embeddable":true,"href":"https:\/\/dryfanti.gr\/ro\/wp-json\/wp\/v2\/comments?post=1924"}],"version-history":[{"count":5,"href":"https:\/\/dryfanti.gr\/ro\/wp-json\/wp\/v2\/pages\/1924\/revisions"}],"predecessor-version":[{"id":3518,"href":"https:\/\/dryfanti.gr\/ro\/wp-json\/wp\/v2\/pages\/1924\/revisions\/3518"}],"up":[{"embeddable":true,"href":"https:\/\/dryfanti.gr\/ro\/wp-json\/wp\/v2\/pages\/2129"}],"wp:featuredmedia":[{"embeddable":true,"href":"https:\/\/dryfanti.gr\/ro\/wp-json\/wp\/v2\/media\/2966"}],"wp:attachment":[{"href":"https:\/\/dryfanti.gr\/ro\/wp-json\/wp\/v2\/media?parent=1924"}],"curies":[{"name":"wp","href":"https:\/\/api.w.org\/{rel}","templated":true}]}}