{"id":1916,"date":"2023-09-15T12:09:23","date_gmt":"2023-09-15T09:09:23","guid":{"rendered":"https:\/\/mistyrose-fox-409623.hostingersite.com\/?page_id=1916"},"modified":"2023-10-24T10:21:53","modified_gmt":"2023-10-24T07:21:53","slug":"nevi-dermatoscopie-computerizata","status":"publish","type":"page","link":"https:\/\/dryfanti.gr\/ro\/servicii-medicale\/dermatologie-clinica\/nevi-dermatoscopie-computerizata\/","title":{"rendered":"Nevi &#8211; Dermatoscopie computerizat\u0103"},"content":{"rendered":"<div class=\"gb-container gb-container-0a47f927 single-service-section1\">\n<div class=\"gb-container gb-container-69d6dabf inner-container\">\n\n<div class=\"wp-block-columns is-layout-flex wp-container-core-columns-is-layout-9d6595d7 wp-block-columns-is-layout-flex\">\n<div class=\"wp-block-column is-layout-flow wp-block-column-is-layout-flow\" style=\"flex-basis:33.33%\">\n<figure class=\"gb-block-image gb-block-image-bd996689\"><img loading=\"lazy\" decoding=\"async\" width=\"466\" height=\"330\" class=\"gb-image gb-image-bd996689\" src=\"http:\/\/dryfanti.gr\/wp-content\/uploads\/2023\/09\/spilioi-1.jpg\" alt=\"\" title=\"Dermatologist,Examining,Moles,Of,Patient,On,Light,Background\" srcset=\"https:\/\/dryfanti.gr\/wp-content\/uploads\/2023\/09\/spilioi-1.jpg 466w, https:\/\/dryfanti.gr\/wp-content\/uploads\/2023\/09\/spilioi-1-300x212.jpg 300w\" sizes=\"auto, (max-width: 466px) 100vw, 466px\"><\/figure>\n<\/div>\n\n\n\n<div class=\"wp-block-column is-layout-flow wp-block-column-is-layout-flow\" style=\"flex-basis:66.66%\">\n<p><strong>Nevii<\/strong>&nbsp;(altfel cunoscu\u021bi ca \u2018\u2019aluni\u021be\u2019\u2019) sunt de regul\u0103 tumori benigne cutanate.<\/p>\n\n\n\n<p>Nevii melanocitari pot ap\u0103rea cu o mare diversitate vizual\u0103.<\/p>\n\n\n\n<p>Pla\u021bi, excrescen\u021bi sau \u0219i papilari, nevii pot varia ca \u0219i culoare, de la roz p\u00e2n\u0103 la maro \u00eenchis sau negru, iar ca m\u0103rime de la c\u00e2\u021biva milimetri la mai mul\u021bi centimetri.<\/p>\n<\/div>\n<\/div>\n\n\n\n<h2 class=\"gb-headline gb-headline-f7366578 gb-headline-text\">Nevii \u2013 C\u00e2nd sunt suspec\u021bi?<\/h2>\n\n\n\n<p>Pentru a evalua gradul de periculozitate care prezint\u0103 un nev avem \u00een vedere urm\u0103toarele:<\/p>\n\n\n\n<ol class=\"wp-block-list\">\n<li>\u0391 (Asymmetry \u2013 Asimetria): Nevii la care jum\u0103tate din leziune este diferit\u0103.<\/li>\n\n\n\n<li>\u0392 (Border \u2013 Delimitarea): Nevii care la delimitarea leziunii nu sunt uniformi ci neregula\u021bi.<\/li>\n\n\n\n<li>C (Colour \u2013 Culoare): Nevii cu culoare diversificat\u0103 care nu au distribu\u021bie uniform\u0103 a culorii.<\/li>\n\n\n\n<li>D (Diameter \u2013 Diametrul): Nevii de peste 6mm.<\/li>\n\n\n\n<li>E (Elevation \u2013 Eleva\u021bia \/ Evolu\u021bia): Nevii care prezint\u0103 orice modificare (cresc, prezint\u0103 m\u00e2nc\u0103rime, durere, edeme sau s\u00e2ngereaz\u0103).<\/li>\n<\/ol>\n\n\n\n<figure class=\"gb-block-image gb-block-image-d475f975\"><img loading=\"lazy\" decoding=\"async\" width=\"590\" height=\"590\" class=\"gb-image gb-image-d475f975\" src=\"http:\/\/dryfanti.gr\/wp-content\/uploads\/2023\/09\/ABCDE-of-melanoma.png\" alt=\"\" title=\"ABCDE-of-melanoma\" srcset=\"https:\/\/dryfanti.gr\/wp-content\/uploads\/2023\/09\/ABCDE-of-melanoma.png 590w, https:\/\/dryfanti.gr\/wp-content\/uploads\/2023\/09\/ABCDE-of-melanoma-300x300.png 300w, https:\/\/dryfanti.gr\/wp-content\/uploads\/2023\/09\/ABCDE-of-melanoma-150x150.png 150w\" sizes=\"auto, (max-width: 590px) 100vw, 590px\"><\/figure>\n\n\n\n<div style=\"height:19px\" aria-hidden=\"true\" class=\"wp-block-spacer\"><\/div>\n\n\n\n<h2 class=\"gb-headline gb-headline-7a5157dd gb-headline-text\">Nevii \u2013 Cine trebuie s\u0103 fac\u0103 controale regulate?<\/h2>\n\n\n\n<ul class=\"wp-block-list\">\n<li>Persoane cu num\u0103r mare de nevi.<\/li>\n\n\n\n<li>Persoane cu istoric personal sau familial de cancer de piele sau melanom.<\/li>\n\n\n\n<li>Persoane cu istoric de arsuri multiple ale pielii, \u00een special \u00een copil\u0103rie.<\/li>\n\n\n\n<li>Persoane cu fototip deschis.<\/li>\n\n\n\n<li>Persoane care prezint\u0103 nev melanocitar congenital gigant.<\/li>\n\n\n\n<li>Persoane care prezint\u0103 sindrom de nev displazic (Gradul de periculozitate spore\u0219te cu 6% fa\u021b\u0103 de nevii regula\u021bi).<\/li>\n<\/ul>\n\n\n\n<h2 class=\"gb-headline gb-headline-2822e613 gb-headline-text\">Nevi \u2013 Diagnosticare<\/h2>\n\n\n\n<ul class=\"wp-block-list\">\n<li><strong>Dermatoscopie<\/strong>: Examinare rapid\u0103 neinvaziv\u0103, foarte util\u0103 pentru diagnosticarea oportun\u0103 a melanomului malign, precum \u0219i pentru diferen\u021bierea melanomului \u0219i nevilor atipici. Pentru acest motiv putem afirma c\u0103 dermatoscopia \u2018\u2019salveaz\u0103 vie\u021bi\u2019\u2019, deoarece aduce argumente \u00een plus care s\u0103 justifice excizia chirurgical\u0103 a unei leziuni cutanate.<\/li>\n\n\n\n<li><strong>Vizualizarea microscopic\u0103 \u0219i crearea unei baze de date digitale:<\/strong>&nbsp;Se realizeaz\u0103 \u00een cabinetul nostru medical prin utilizarea unui dermatoscop digital special de la \u2018\u2019ORTOMED\u2019\u2019. Aceast\u0103 metod\u0103 ofer\u0103 posibilitatea stoc\u0103rii fotografiilor digitale ale fiec\u0103rui nev, \u00een vederea reexamin\u0103rii \u0219i compar\u0103rii lor \u00een cadrul unei examin\u0103ri ulterioare.<\/li>\n\n\n\n<li><strong>Biopsia \u0219i excizia chirurgicala<\/strong>&nbsp;a fiec\u0103rui nev suspect de a fi malign.<\/li>\n<\/ul>\n\n<\/div>\n<\/div>","protected":false},"excerpt":{"rendered":"<p>Nevii&nbsp;(altfel cunoscu\u021bi ca \u2018\u2019aluni\u021be\u2019\u2019) sunt de regul\u0103 tumori benigne cutanate. Nevii melanocitari pot ap\u0103rea cu o mare diversitate vizual\u0103. Pla\u021bi, &#8230; <\/p>\n<p class=\"read-more-container\"><a title=\"Nevi &#8211; Dermatoscopie computerizat\u0103\" class=\"read-more button\" href=\"https:\/\/dryfanti.gr\/ro\/servicii-medicale\/dermatologie-clinica\/nevi-dermatoscopie-computerizata\/#more-1916\" aria-label=\"More on Nevi &#8211; Dermatoscopie computerizat\u0103\">Mai mult<\/a><\/p>\n","protected":false},"author":14,"featured_media":4424,"parent":2129,"menu_order":0,"comment_status":"closed","ping_status":"closed","template":"","meta":{"footnotes":""},"class_list":["post-1916","page","type-page","status-publish","has-post-thumbnail"],"_links":{"self":[{"href":"https:\/\/dryfanti.gr\/ro\/wp-json\/wp\/v2\/pages\/1916","targetHints":{"allow":["GET"]}}],"collection":[{"href":"https:\/\/dryfanti.gr\/ro\/wp-json\/wp\/v2\/pages"}],"about":[{"href":"https:\/\/dryfanti.gr\/ro\/wp-json\/wp\/v2\/types\/page"}],"author":[{"embeddable":true,"href":"https:\/\/dryfanti.gr\/ro\/wp-json\/wp\/v2\/users\/14"}],"replies":[{"embeddable":true,"href":"https:\/\/dryfanti.gr\/ro\/wp-json\/wp\/v2\/comments?post=1916"}],"version-history":[{"count":3,"href":"https:\/\/dryfanti.gr\/ro\/wp-json\/wp\/v2\/pages\/1916\/revisions"}],"predecessor-version":[{"id":3087,"href":"https:\/\/dryfanti.gr\/ro\/wp-json\/wp\/v2\/pages\/1916\/revisions\/3087"}],"up":[{"embeddable":true,"href":"https:\/\/dryfanti.gr\/ro\/wp-json\/wp\/v2\/pages\/2129"}],"wp:featuredmedia":[{"embeddable":true,"href":"https:\/\/dryfanti.gr\/ro\/wp-json\/wp\/v2\/media\/4424"}],"wp:attachment":[{"href":"https:\/\/dryfanti.gr\/ro\/wp-json\/wp\/v2\/media?parent=1916"}],"curies":[{"name":"wp","href":"https:\/\/api.w.org\/{rel}","templated":true}]}}