{"id":1908,"date":"2023-09-15T12:04:30","date_gmt":"2023-09-15T09:04:30","guid":{"rendered":"https:\/\/mistyrose-fox-409623.hostingersite.com\/?page_id=1908"},"modified":"2023-10-25T15:10:58","modified_gmt":"2023-10-25T12:10:58","slug":"acnee-cicatrice-acnee","status":"publish","type":"page","link":"https:\/\/dryfanti.gr\/ro\/servicii-medicale\/dermatologie-clinica\/acnee-cicatrice-acnee\/","title":{"rendered":"Acnee &#8211; Cicatrice Acnee"},"content":{"rendered":"<div class=\"gb-container gb-container-0a47f927 single-service-section1\">\n<div class=\"gb-container gb-container-69d6dabf inner-container\">\n\n<h2 class=\"gb-headline gb-headline-0add28d6 gb-headline-text\">Ce este acnea?<\/h2>\n\n\n\n<p>Acnea este o afec\u021biune inflamatorie cronic\u0103 a foliculului pilosebaceu caracterizat\u0103 printr-o diversitate a leziunilor precum comedoane, papule, pustule, chisturile \u0219i nodulii.<\/p>\n\n\n\n<p>\u00cen func\u021bie de leziunile preponderente se \u00eemparte \u00een comedonian\u0103, papulo-pustuloas\u0103 sau nodulo-chistic\u0103.<\/p>\n\n\n\n<p>Schemele terapeutice medicale disponibile se disting \u00een&nbsp;<strong>topice, sistematice, extractia comedoanelor \u0219i speciale.<\/strong><\/p>\n\n\n\n<p><strong>Tratamentul topic<\/strong>&nbsp;se realizeaz\u0103:<\/p>\n\n\n\n<ul class=\"wp-block-list\">\n<li>Cu keratolitice locale (acid retinoic, acid salicilic, acidul azelaic).<\/li>\n\n\n\n<li>Cu preparate antimicrobiene (peroxid de benzoil, antibiotice topice).<\/li>\n<\/ul>\n\n\n\n<p><strong>Tratamentul oral<\/strong>&nbsp;se realizeaz\u0103:<\/p>\n\n\n\n<ul class=\"wp-block-list\">\n<li>Prin administrarea antibioticelor (tetraciclin\u0103 sau minociclina sau alternativ eritromicin\u0103 sau azitromicina). Antibioticele administrate sistematic pentru tratamentul acneei trebuie utilizate pentru minim 3 luni.<\/li>\n\n\n\n<li>Prin tratament hormonal (ideal pentru femei cu sindromul ovarului polichistic sau acnee tardiv\u0103).<\/li>\n\n\n\n<li>Prin isotretinoin (13 \u2013 cis &#8211; acid retinoic), medicament aprobat de c\u0103tre FDA pentru persoanele cu v\u00e2rst\u0103 de peste 12 ani ce sufer\u0103 de acnee chistica acut\u0103 sau acnee ce nu r\u0103spunde la alte tratamente.<\/li>\n<\/ul>\n\n\n\n<p><strong>Extrac\u021bia comedoanelor<\/strong>&nbsp;sau&nbsp;<strong>deschiderea chisturilor<\/strong>&nbsp;se realizeaz\u0103 cu ajutorul unui instrument special (extractor de comedoane).<\/p>\n\n\n\n<p><strong>Tratamentele speciale<\/strong>&nbsp;includ:<\/p>\n\n\n\n<ul class=\"wp-block-list\">\n<li>Peelinguri speciale (BA complex, salicilat, mandelic).<\/li>\n\n\n\n<li>Injectarea cu triamcinolon \u00een chisturi mari cu inflama\u021bie.<\/li>\n\n\n\n<li>Terapie fotodinamic\u0103 cu lungime de und\u0103 de lumin\u0103 specific\u0103, precum spectrul UV albastru. Terpia fotodinamic\u0103 are rezultate foarte bune \u00een tratamenul cancerului de piele \u0219i cel \u00eempotriva \u00eemb\u0103tr\u00e2nirii.<\/li>\n<\/ul>\n\n\n\n<p><strong>Obiectivul fiec\u0103rui tratament este reducerea simptomelor \u0219i prevenirea cicatricilor.<\/strong><\/p>\n\n\n\n<h2 class=\"gb-headline gb-headline-e039d010 gb-headline-text\">Ce este cicatricea?<\/h2>\n\n\n\n<p>Cicatricea este un semn care persist\u0103 dup\u0103 vindecarea unei r\u0103ni sau unei alte afec\u021biuni.<\/p>\n\n\n\n<p>\u00cen cazul acneei, leziunea se datoreaz\u0103 reac\u021biei organisnului \u00een ceea ce prive\u0219te vindecarea inflama\u021biilor.<\/p>\n\n\n\n<p>Cu c\u00e2t mai grav\u0103 este forma de acnee de care sufer\u0103 pacientul cu at\u00e2t mai probabil este s\u0103 apar\u0103 cicatricile.<\/p>\n\n\n\n<p><strong>Singura modalitate pentru preven\u021bia cicatricilor cauzate de acnee este tratarea acneei pe c\u00e2t posibil \u00een stadiul incipient \u0219i pentru perioada de timp necesar\u0103.<\/strong><\/p>\n\n\n\n<p>Cicatricile se disting \u00een&nbsp;<strong>atrofice<\/strong>&nbsp;care sunt cele mai frecvente, precum \u0219i&nbsp;<strong>hipertrofice<\/strong>&nbsp;sau&nbsp;<strong>cheloide<\/strong>.<\/p>\n\n\n\n<h2 class=\"gb-headline gb-headline-9742a943 gb-headline-text\">Modalit\u0103\u021bi de tratament<\/h2>\n\n\n\n<ul class=\"wp-block-list\">\n<li><strong>Peelinguri chimice:<\/strong>&nbsp;Reprezint\u0103 una dintre cele mai vechi \u0219i eficiente tratamente, \u00een special \u00een ceea ce prive\u0219te cicatricile superficiale. Perioada de recuperare \u0219i num\u0103rul de \u0219edin\u021be depind de intensitatea peeling-ului.<\/li>\n\n\n\n<li><strong>Microdermabraziunea:<\/strong>&nbsp;O metod\u0103 relativ nou\u0103, neinvaziv\u0103, care este considerat\u0103 o metod\u0103 excellent\u0103 de cura\u021bare si \u00eentre\u021binere a pielii. Eficacitatea acesteia este cu mult mai limitat\u0103 dec\u00e2t cea a dermabraziunii invazive. Sunt necesare mai multe \u0219edin\u021be de tratament \u0219i o perioad\u0103 lung\u0103 de recuperare pentru fiecare dintre ele. Complica\u021biile sunt limitate iar costurile mai mici.<\/li>\n\n\n\n<li><strong>Implanturi \u0219i transplant de gr\u0103sime: Implanturile<\/strong>&nbsp;sunt materialele ce se injecteaz\u0103 local \u00een cicatrice, precum acidul hialuronic, \u0219i care trebuie re\u00eennoite la intervale regulate de timp.&nbsp;<strong>Implantul de gr\u0103sime<\/strong>&nbsp;se realizeaz\u0103 prin colectarea gr\u0103simii din alte zone ale corpului, iar dup\u0103 o prelucrare corespunz\u0103tore se injecteaz\u0103 \u00een zonele dorite (ex. cicatrici). Este o metod\u0103 eficient\u0103 dar se limiteaz\u0103 doar la zonele moi \u0219i superficiale, sau la cicatricile ad\u00e2nci.<\/li>\n\n\n\n<li><strong>Laser CO2 Fractionat + Fractional Radiofrecven\u0163e:<\/strong>&nbsp;Tratamentul cicatricilor cauzate de acnee cu metodele respective este mai eficient iar perioada de recuperare este impresionant de mic\u0103. Rezultatele sunt vizibile \u00eenc\u0103 de la primul tratament. Sunt necesare 3 \u2013 4 \u0219edin\u021be (de c\u00e2te 20 \u2013 30 zile). Pielea \u2018\u2019se treze\u0219te\u2019\u2019 \u0219i \u00eencepe s\u0103 produc\u0103 colagen.<\/li>\n<\/ul>\n\n\n\n<div class=\"wp-block-columns is-layout-flex wp-container-core-columns-is-layout-9d6595d7 wp-block-columns-is-layout-flex\">\n<div class=\"wp-block-column is-layout-flow wp-block-column-is-layout-flow\">\n<div class=\"wp-block-columns is-layout-flex wp-container-core-columns-is-layout-9d6595d7 wp-block-columns-is-layout-flex\">\n<div class=\"wp-block-column is-layout-flow wp-block-column-is-layout-flow\">\n<figure class=\"wp-block-image size-full\"><img loading=\"lazy\" decoding=\"async\" width=\"400\" height=\"222\" src=\"http:\/\/dryfanti.gr\/wp-content\/uploads\/2015\/03\/akmi2.jpg\" alt=\"\" class=\"wp-image-1415\" srcset=\"https:\/\/dryfanti.gr\/wp-content\/uploads\/2015\/03\/akmi2.jpg 400w, https:\/\/dryfanti.gr\/wp-content\/uploads\/2015\/03\/akmi2-300x167.jpg 300w\" sizes=\"auto, (max-width: 400px) 100vw, 400px\" \/><\/figure>\n<\/div>\n\n\n\n<div class=\"wp-block-column is-layout-flow wp-block-column-is-layout-flow\">\n<figure class=\"wp-block-image size-full\"><img loading=\"lazy\" decoding=\"async\" width=\"400\" height=\"222\" src=\"http:\/\/dryfanti.gr\/wp-content\/uploads\/2015\/03\/akmi1.jpg\" alt=\"\" class=\"wp-image-1413\" srcset=\"https:\/\/dryfanti.gr\/wp-content\/uploads\/2015\/03\/akmi1.jpg 400w, https:\/\/dryfanti.gr\/wp-content\/uploads\/2015\/03\/akmi1-300x167.jpg 300w\" sizes=\"auto, (max-width: 400px) 100vw, 400px\" \/><\/figure>\n<\/div>\n<\/div>\n<\/div>\n<\/div>\n\n<\/div>\n<\/div>","protected":false},"excerpt":{"rendered":"<p>Ce este acnea? Acnea este o afec\u021biune inflamatorie cronic\u0103 a foliculului pilosebaceu caracterizat\u0103 printr-o diversitate a leziunilor precum comedoane, papule, &#8230; <\/p>\n<p class=\"read-more-container\"><a title=\"Acnee &#8211; Cicatrice Acnee\" class=\"read-more button\" href=\"https:\/\/dryfanti.gr\/ro\/servicii-medicale\/dermatologie-clinica\/acnee-cicatrice-acnee\/#more-1908\" aria-label=\"More on Acnee &#8211; Cicatrice Acnee\">Mai mult<\/a><\/p>\n","protected":false},"author":14,"featured_media":2687,"parent":2129,"menu_order":0,"comment_status":"closed","ping_status":"closed","template":"","meta":{"footnotes":""},"class_list":["post-1908","page","type-page","status-publish","has-post-thumbnail"],"_links":{"self":[{"href":"https:\/\/dryfanti.gr\/ro\/wp-json\/wp\/v2\/pages\/1908","targetHints":{"allow":["GET"]}}],"collection":[{"href":"https:\/\/dryfanti.gr\/ro\/wp-json\/wp\/v2\/pages"}],"about":[{"href":"https:\/\/dryfanti.gr\/ro\/wp-json\/wp\/v2\/types\/page"}],"author":[{"embeddable":true,"href":"https:\/\/dryfanti.gr\/ro\/wp-json\/wp\/v2\/users\/14"}],"replies":[{"embeddable":true,"href":"https:\/\/dryfanti.gr\/ro\/wp-json\/wp\/v2\/comments?post=1908"}],"version-history":[{"count":3,"href":"https:\/\/dryfanti.gr\/ro\/wp-json\/wp\/v2\/pages\/1908\/revisions"}],"predecessor-version":[{"id":3514,"href":"https:\/\/dryfanti.gr\/ro\/wp-json\/wp\/v2\/pages\/1908\/revisions\/3514"}],"up":[{"embeddable":true,"href":"https:\/\/dryfanti.gr\/ro\/wp-json\/wp\/v2\/pages\/2129"}],"wp:featuredmedia":[{"embeddable":true,"href":"https:\/\/dryfanti.gr\/ro\/wp-json\/wp\/v2\/media\/2687"}],"wp:attachment":[{"href":"https:\/\/dryfanti.gr\/ro\/wp-json\/wp\/v2\/media?parent=1908"}],"curies":[{"name":"wp","href":"https:\/\/api.w.org\/{rel}","templated":true}]}}